{"id":11190,"date":"2020-01-25T23:16:08","date_gmt":"2020-01-25T22:16:08","guid":{"rendered":"https:\/\/www.gdanskairporttaxi.pl\/?page_id=11190"},"modified":"2020-02-11T01:02:02","modified_gmt":"2020-02-11T00:02:02","slug":"przewoz-osob-z-dzieckiem","status":"publish","type":"page","link":"https:\/\/www.gdanskairporttaxi.pl\/en\/przewoz-osob-z-dzieckiem\/","title":{"rendered":"Carriage of persons with a child"},"content":{"rendered":"<div class=\"vc_row wpb_row vc_row-fluid vc_row-\"><div class=\"wpb_column vc_column_container vc_col-sm-12\"><div class=\"vc_column-inner\" style=\"  \"><div class=\"wpb_wrapper\">\n\t<div  class=\"wpb_single_image wpb_content_element vc_align_center\">\n\t\t\n\t\t<figure class=\"wpb_wrapper vc_figure\">\n\t\t\t<div class=\"vc_single_image-wrapper   vc_box_border_grey\"><img loading=\"lazy\" decoding=\"async\" class=\"vc_single_image-img\" src=\"https:\/\/www.gdanskairporttaxi.pl\/wp-content\/uploads\/2020\/01\/School-Bus-with-Kids-web-size-scaled-1900x450.jpg\" width=\"1900\" height=\"450\" alt=\"School-Bus-with-Kids-web-size\" title=\"School-Bus-with-Kids-web-size\" \/><\/div>\n\t\t<\/figure>\n\t<\/div>\n      <div class=\"heading-block heading-5e2cce48727bc tac h-h2\">\n                  <div class=\"sub-h\">Bezpieczny transport dziecka<\/div>\n                  <h2 class=\"h\">Carriage of persons with a child<\/h2>\n              <\/div>\n    \n\t<div class=\"wpb_text_column wpb_content_element\" >\n\t\t<div class=\"wpb_wrapper\">\n\t\t\t<p><strong>Nasza firma jako do\u015bwiadczony przewo\u017anik dba przede wszystkim o bezpiecze\u0144stwo naszych najm\u0142odszych pasa\u017cer\u00f3w. Do ka\u017cdego transferu mo\u017cesz bezp\u0142atnie zam\u00f3wi\u0107 fotelik lub siedzisko przystosowane do wieku dziecka. Podczas sk\u0142adania zam\u00f3wienia poinformuj nas jakie siedzisko przygotowa\u0107 dla dziecka! Do wyboru masz 3 rodzaje fotelik\u00f3w:<\/strong><\/p>\n\n\t\t<\/div>\n\t<\/div>\n<div class=\"vc_row wpb_row vc_inner vc_row-fluid vc_column-gap-20\" style=\"  \"><\/div><\/div><\/div><\/div><\/div><div class=\"vc_row wpb_row vc_row-fluid vc_row-\"><div class=\"wpb_column vc_column_container vc_col-sm-4\"><div class=\"vc_column-inner\" style=\"  \"><div class=\"wpb_wrapper\">\n\t<div class=\"wpb_text_column wpb_content_element\" >\n\t\t<div class=\"wpb_wrapper\">\n\t\t\t<p style=\"text-align: center;\"><strong><span class=\"booking-form-extra-name\">Baby seat <\/span><span class=\"booking-form-extra-description\">up to 10 kg, 6 months<\/span><\/strong><\/p>\n\n\t\t<\/div>\n\t<\/div>\n<div class=\"vc_empty_space\"   style=\"height: 32px\"><span class=\"vc_empty_space_inner\"><\/span><\/div>\n\t<div  class=\"wpb_single_image wpb_content_element vc_align_center\">\n\t\t\n\t\t<figure class=\"wpb_wrapper vc_figure\">\n\t\t\t<div class=\"vc_single_image-wrapper   vc_box_border_grey\"><img loading=\"lazy\" decoding=\"async\" class=\"vc_single_image-img\" src=\"https:\/\/www.gdanskairporttaxi.pl\/wp-content\/uploads\/2020\/01\/cf868a27-productpicture-axkid-minikid-black-600x600-1-275x275.png\" width=\"275\" height=\"275\" alt=\"cf868a27-productpicture-axkid-minikid-black-600x600\" title=\"cf868a27-productpicture-axkid-minikid-black-600x600\" \/><\/div>\n\t\t<\/figure>\n\t<\/div>\n<div class=\"vc_row wpb_row vc_inner vc_row-fluid vc_column-gap-20\" style=\"  \"><\/div><\/div><\/div><\/div><div class=\"wpb_column vc_column_container vc_col-sm-4\"><div class=\"vc_column-inner\" style=\"  \"><div class=\"wpb_wrapper\">\n\t<div class=\"wpb_text_column wpb_content_element\" >\n\t\t<div class=\"wpb_wrapper\">\n\t\t\t<p style=\"text-align: center;\"><strong><span class=\"booking-form-extra-name\">Universal child seat <\/span><span class=\"booking-form-extra-description\">9-25 kg, 0-7 years<\/span><\/strong><\/p>\n\n\t\t<\/div>\n\t<\/div>\n\n\t<div  class=\"wpb_single_image wpb_content_element vc_align_center\">\n\t\t\n\t\t<figure class=\"wpb_wrapper vc_figure\">\n\t\t\t<div class=\"vc_single_image-wrapper   vc_box_border_grey\"><img loading=\"lazy\" decoding=\"async\" class=\"vc_single_image-img\" src=\"https:\/\/www.gdanskairporttaxi.pl\/wp-content\/uploads\/2020\/01\/pol_pl_Fotelik-Samochodowy-Lionelo-Hugo-15-36KG-Podstawka-szary-536_4-200x275.png\" width=\"200\" height=\"275\" alt=\"pol_pl_Fotelik-Samochodowy-Lionelo-Hugo-15-36KG-Podstawka-szary-536_4\" title=\"pol_pl_Fotelik-Samochodowy-Lionelo-Hugo-15-36KG-Podstawka-szary-536_4\" \/><\/div>\n\t\t<\/figure>\n\t<\/div>\n<\/div><\/div><\/div><div class=\"wpb_column vc_column_container vc_col-sm-4\"><div class=\"vc_column-inner\" style=\"  \"><div class=\"wpb_wrapper\">\n\t<div class=\"wpb_text_column wpb_content_element\" >\n\t\t<div class=\"wpb_wrapper\">\n\t\t\t<p style=\"text-align: center;\"><strong><span class=\"booking-form-extra-name\">An increase for a child <\/span><span class=\"booking-form-extra-description\">22-36 kg, 6-12 years old<\/span><\/strong><\/p>\n\n\t\t<\/div>\n\t<\/div>\n<div class=\"vc_empty_space\"   style=\"height: 80px\"><span class=\"vc_empty_space_inner\"><\/span><\/div>\n\t<div  class=\"wpb_single_image wpb_content_element vc_align_left\">\n\t\t\n\t\t<figure class=\"wpb_wrapper vc_figure\">\n\t\t\t<div class=\"vc_single_image-wrapper   vc_box_border_grey\"><img loading=\"lazy\" decoding=\"async\" class=\"vc_single_image-img\" src=\"https:\/\/www.gdanskairporttaxi.pl\/wp-content\/uploads\/2020\/01\/lionelo-luuk-podstawka-samochodowa-15-36-kg-czarno-szara-6419580-275x210.png\" width=\"275\" height=\"210\" alt=\"lionelo-luuk-podstawka-samochodowa-15-36-kg-czarno-szara-6419580\" title=\"lionelo-luuk-podstawka-samochodowa-15-36-kg-czarno-szara-6419580\" \/><\/div>\n\t\t<\/figure>\n\t<\/div>\n<\/div><\/div><\/div><\/div>","protected":false},"excerpt":{"rendered":"Bezpieczny transport dziecka Przew\u00f3z os\u00f3b z dzieckiem Nasza firma jako do\u015bwiadczony przewo\u017anik dba przede wszystkim o bezpiecze\u0144stwo naszych najm\u0142odszych pasa\u017cer\u00f3w. Do ka\u017cdego transferu mo\u017cesz bezp\u0142atnie zam\u00f3wi\u0107 fotelik lub siedzisko przystosowane do wieku dziecka. Podczas sk\u0142adania zam\u00f3wienia poinformuj nas jakie siedzisko przygotowa\u0107 dla dziecka! Do wyboru masz 3 rodzaje fotelik\u00f3w: Fotelik niemowl\u0119cy do 10 kg, 6 [...]","protected":false},"author":2,"featured_media":0,"parent":0,"menu_order":0,"comment_status":"closed","ping_status":"closed","template":"template-landing.php","meta":{"_acf_changed":false,"footnotes":""},"class_list":["post-11190","page","type-page","status-publish","hentry"],"acf":[],"aioseo_notices":[],"_links":{"self":[{"href":"https:\/\/www.gdanskairporttaxi.pl\/en\/wp-json\/wp\/v2\/pages\/11190","targetHints":{"allow":["GET"]}}],"collection":[{"href":"https:\/\/www.gdanskairporttaxi.pl\/en\/wp-json\/wp\/v2\/pages"}],"about":[{"href":"https:\/\/www.gdanskairporttaxi.pl\/en\/wp-json\/wp\/v2\/types\/page"}],"author":[{"embeddable":true,"href":"https:\/\/www.gdanskairporttaxi.pl\/en\/wp-json\/wp\/v2\/users\/2"}],"replies":[{"embeddable":true,"href":"https:\/\/www.gdanskairporttaxi.pl\/en\/wp-json\/wp\/v2\/comments?post=11190"}],"version-history":[{"count":5,"href":"https:\/\/www.gdanskairporttaxi.pl\/en\/wp-json\/wp\/v2\/pages\/11190\/revisions"}],"predecessor-version":[{"id":11440,"href":"https:\/\/www.gdanskairporttaxi.pl\/en\/wp-json\/wp\/v2\/pages\/11190\/revisions\/11440"}],"wp:attachment":[{"href":"https:\/\/www.gdanskairporttaxi.pl\/en\/wp-json\/wp\/v2\/media?parent=11190"}],"curies":[{"name":"wp","href":"https:\/\/api.w.org\/{rel}","templated":true}]}}