{"id":11332,"date":"2020-01-28T19:53:14","date_gmt":"2020-01-28T18:53:14","guid":{"rendered":"https:\/\/www.gdanskairporttaxi.pl\/?page_id=11332"},"modified":"2020-02-09T21:19:07","modified_gmt":"2020-02-09T20:19:07","slug":"odbior-ze-statku-lub-promu","status":"publish","type":"page","link":"https:\/\/www.gdanskairporttaxi.pl\/en\/odbior-ze-statku-lub-promu\/","title":{"rendered":"Pickup from ship or ferry"},"content":{"rendered":"<div class=\"vc_row wpb_row vc_row-fluid vc_row-\"><div class=\"wpb_column vc_column_container vc_col-sm-12\"><div class=\"vc_column-inner\" style=\"  \"><div class=\"wpb_wrapper\">\n\t<div  class=\"wpb_single_image wpb_content_element vc_align_left\">\n\t\t\n\t\t<figure class=\"wpb_wrapper vc_figure\">\n\t\t\t<div class=\"vc_single_image-wrapper   vc_box_border_grey\"><img loading=\"lazy\" decoding=\"async\" class=\"vc_single_image-img\" src=\"https:\/\/www.gdanskairporttaxi.pl\/wp-content\/uploads\/2020\/01\/20190824_135516_001-scaled-1900x450.jpg\" width=\"1900\" height=\"450\" alt=\"20190824_135516_001\" title=\"20190824_135516_001\" \/><\/div>\n\t\t<\/figure>\n\t<\/div>\n<\/div><\/div><\/div><\/div><div class=\"vc_row wpb_row vc_row-fluid vc_row-\"><div class=\"wpb_column vc_column_container vc_col-sm-12\"><div class=\"vc_column-inner\" style=\"  \"><div class=\"wpb_wrapper\"><div class=\"vc_empty_space\"   style=\"height: 32px\"><span class=\"vc_empty_space_inner\"><\/span><\/div><\/div><\/div><\/div><\/div><div class=\"vc_row wpb_row vc_row-fluid vc_row-\"><div class=\"wpb_column vc_column_container vc_col-sm-12\"><div class=\"vc_column-inner\" style=\"  \"><div class=\"wpb_wrapper\">      <div class=\"heading-block heading-5e3208ea0d91c tac h-h2\">\n                  <div class=\"sub-h\">Gdynia \/ Gda\u0144sk<\/div>\n                  <h2 class=\"h\">Pickup from the ship or ferry<\/h2>\n              <\/div>\n    <\/div><\/div><\/div><\/div><div class=\"vc_row wpb_row vc_row-fluid vc_row-\"><div class=\"wpb_column vc_column_container vc_col-sm-6\"><div class=\"vc_column-inner\" style=\"  \"><div class=\"wpb_wrapper\">\n\t<div class=\"wpb_text_column wpb_content_element\" >\n\t\t<div class=\"wpb_wrapper\">\n\t\t\t<p><strong>Taxi from the ferry or ship Order a taxi online by completing the short booking form. The passenger will receive the price in advance regardless of the day of the week or time. An alternative to the taxi corporation is a fixed flat fee. Payment secured by the highest standards on the website, as well as cash or card with the driver. The driver always awaits his guests with a name plate ahead of time. During the transfer, you can change the route or rent a driver with a car for longer. The most popular journeys from the ferry to the city center, and from the ship in Gdynia or Gda\u0144sk to the old city to visit attractions. Frequently visited places are St. Mary's Basilica, Amber Gallery, Westerplatte monument, Neptune Fountain, Oliwa Cathedral with organ concert. Transfer to the ferry or ship from anywhere we will accept by e-mail, telephone or discussing with a driver who is dedicated to his passenger. On board smaller cars, vans or minibuses or buses there is free wireless Internet, drinking water and child seats. Passenger transport in Sopot, Gda\u0144sk and Gdynia, as well as interurban and international travel covered by the NNW insurance package. We are the organizer of tourist events.<\/strong><\/p>\n\n\t\t<\/div>\n\t<\/div>\n<\/div><\/div><\/div><div class=\"wpb_column vc_column_container vc_col-sm-6\"><div class=\"vc_column-inner\" style=\"  \"><div class=\"wpb_wrapper\"><div class=\"vc_empty_space\"   style=\"height: 32px\"><span class=\"vc_empty_space_inner\"><\/span><\/div>\n\t<div  class=\"wpb_single_image wpb_content_element vc_align_left\">\n\t\t\n\t\t<figure class=\"wpb_wrapper vc_figure\">\n\t\t\t<div class=\"vc_single_image-wrapper   vc_box_border_grey\"><img loading=\"lazy\" decoding=\"async\" class=\"vc_single_image-img\" src=\"https:\/\/www.gdanskairporttaxi.pl\/wp-content\/uploads\/2019\/12\/79961398_1033265733693055_5746989687445127168_n-600x550.jpg\" width=\"600\" height=\"550\" alt=\"79961398_1033265733693055_5746989687445127168_n\" title=\"79961398_1033265733693055_5746989687445127168_n\" \/><\/div>\n\t\t<\/figure>\n\t<\/div>\n<\/div><\/div><\/div><\/div>","protected":false},"excerpt":{"rendered":"Gdynia \/ Gda\u0144sk Odbi\u00f3r ze statku lub promu Taxi z promu lub statku Zam\u00f3w taks\u00f3wk\u0119 on- line wype\u0142niaj\u0105c kr\u00f3tki formularz rezerwacji.Cen\u0119 przejazdu pasa\u017cer otrzyma z g\u00f3ry bez wzgl\u0119du na dzie\u0144 tygodnia oraz godzin\u0119. Alternatyw\u0105 dla korporacji taxi jest sta\u0142a zryczaltowana op\u0142ata. P\u0142atno\u015b\u0107 zabezpieczona najwy\u017cszymi standardami na stronie internetowej , a tak\u017ce got\u00f3wk\u0105 lub kart\u0105 u [...]","protected":false},"author":2,"featured_media":0,"parent":0,"menu_order":0,"comment_status":"closed","ping_status":"closed","template":"template-landing.php","meta":{"_acf_changed":false,"footnotes":""},"class_list":["post-11332","page","type-page","status-publish","hentry"],"acf":[],"aioseo_notices":[],"_links":{"self":[{"href":"https:\/\/www.gdanskairporttaxi.pl\/en\/wp-json\/wp\/v2\/pages\/11332","targetHints":{"allow":["GET"]}}],"collection":[{"href":"https:\/\/www.gdanskairporttaxi.pl\/en\/wp-json\/wp\/v2\/pages"}],"about":[{"href":"https:\/\/www.gdanskairporttaxi.pl\/en\/wp-json\/wp\/v2\/types\/page"}],"author":[{"embeddable":true,"href":"https:\/\/www.gdanskairporttaxi.pl\/en\/wp-json\/wp\/v2\/users\/2"}],"replies":[{"embeddable":true,"href":"https:\/\/www.gdanskairporttaxi.pl\/en\/wp-json\/wp\/v2\/comments?post=11332"}],"version-history":[{"count":6,"href":"https:\/\/www.gdanskairporttaxi.pl\/en\/wp-json\/wp\/v2\/pages\/11332\/revisions"}],"predecessor-version":[{"id":11439,"href":"https:\/\/www.gdanskairporttaxi.pl\/en\/wp-json\/wp\/v2\/pages\/11332\/revisions\/11439"}],"wp:attachment":[{"href":"https:\/\/www.gdanskairporttaxi.pl\/en\/wp-json\/wp\/v2\/media?parent=11332"}],"curies":[{"name":"wp","href":"https:\/\/api.w.org\/{rel}","templated":true}]}}