{"id":11694,"date":"2021-02-21T23:28:19","date_gmt":"2021-02-21T22:28:19","guid":{"rendered":"https:\/\/www.gdanskairporttaxi.pl\/?page_id=11694"},"modified":"2021-05-11T16:22:02","modified_gmt":"2021-05-11T14:22:02","slug":"wypozyczalnia-samochodow-busow-trojmiasto-gdynia-sopot-gdansk","status":"publish","type":"page","link":"https:\/\/www.gdanskairporttaxi.pl\/en\/wypozyczalnia-samochodow-busow-trojmiasto-gdynia-sopot-gdansk\/","title":{"rendered":"Wypo\u017cyczalnia samochod\u00f3w bus\u00f3w &#8211; Tr\u00f3jmiasto (Gdynia, Sopot, Gda\u0144sk)"},"content":{"rendered":"<div class=\"vc_row wpb_row vc_row-fluid vc_row- vc_column-gap-20\"><div class=\"wpb_column vc_column_container vc_col-sm-6\"><div class=\"vc_column-inner\" style=\"  \"><div class=\"wpb_wrapper\"><div class=\"vc_row wpb_row vc_inner vc_row-fluid vc_column-gap-20\" style=\"  \"><\/div>\n\t<div class=\"wpb_text_column wpb_content_element\" >\n\t\t<div class=\"wpb_wrapper\">\n\t\t\t<h3>Wypo\u017cyczalnia samochod\u00f3w, bus\u00f3w. Idealny samoch\u00f3d- bus 9 osobowy .<\/h3>\n<p>Wynajem aut minibus\u00f3w kr\u00f3tkoterminowy oraz d\u0142ugoterminowy. Mercedes Vito w wersji extra long z najbogatszym wyposa\u017ceniem, silnikiem diesla oraz automatyczna skrzynia bieg\u00f3w. Komfortowa podr\u00f3\u017c rodzinn\u0105,turystyczna, biznesowa i inne Ceny<\/p>\n<p>1- 3 dni \u00a0<strong>390PLN<\/strong><\/p>\n<p>4-7dni <strong>290PLN<\/strong><\/p>\n<p>Powy\u017cej 7dni <strong>199PLN<\/strong><\/p>\n<p>Napisz do nas lub zadzwo\u0144 i om\u00f3wimy szczeg\u00f3\u0142y. Do ka\u017cdego klienta podchodzimy indywidualnie. SERDECZNIE ZAPRASZAMY<\/p>\n\n\t\t<\/div>\n\t<\/div>\n\n\t<div  class=\"wpb_single_image wpb_content_element vc_align_center\">\n\t\t\n\t\t<figure class=\"wpb_wrapper vc_figure\">\n\t\t\t<div class=\"vc_single_image-wrapper   vc_box_border_grey\"><img loading=\"lazy\" decoding=\"async\" width=\"2500\" height=\"1429\" src=\"https:\/\/www.gdanskairporttaxi.pl\/wp-content\/uploads\/2020\/01\/v-klasa.png\" class=\"vc_single_image-img attachment-full\" alt=\"\" srcset=\"https:\/\/www.gdanskairporttaxi.pl\/wp-content\/uploads\/2020\/01\/v-klasa.png 2500w, https:\/\/www.gdanskairporttaxi.pl\/wp-content\/uploads\/2020\/01\/v-klasa-600x343.png 600w, https:\/\/www.gdanskairporttaxi.pl\/wp-content\/uploads\/2020\/01\/v-klasa-300x171.png 300w, https:\/\/www.gdanskairporttaxi.pl\/wp-content\/uploads\/2020\/01\/v-klasa-1024x585.png 1024w, https:\/\/www.gdanskairporttaxi.pl\/wp-content\/uploads\/2020\/01\/v-klasa-768x439.png 768w, https:\/\/www.gdanskairporttaxi.pl\/wp-content\/uploads\/2020\/01\/v-klasa-1536x878.png 1536w, https:\/\/www.gdanskairporttaxi.pl\/wp-content\/uploads\/2020\/01\/v-klasa-2048x1171.png 2048w, https:\/\/www.gdanskairporttaxi.pl\/wp-content\/uploads\/2020\/01\/v-klasa-460x263.png 460w, https:\/\/www.gdanskairporttaxi.pl\/wp-content\/uploads\/2020\/01\/v-klasa-800x457.png 800w\" sizes=\"auto, (max-width: 2500px) 100vw, 2500px\" \/><\/div>\n\t\t<\/figure>\n\t<\/div>\n<\/div><\/div><\/div><div class=\"wpb_column vc_column_container vc_col-sm-6\"><div class=\"vc_column-inner\" style=\"  \"><div class=\"wpb_wrapper\">\n<div class=\"wpcf7 no-js\" id=\"wpcf7-f11647-o1\" lang=\"ru-RU\" dir=\"ltr\">\n<div class=\"screen-reader-response\"><p role=\"status\" aria-live=\"polite\" aria-atomic=\"true\"><\/p> <ul><\/ul><\/div>\n<form action=\"\/en\/wp-json\/wp\/v2\/pages\/11694#wpcf7-f11647-o1\" method=\"post\" class=\"wpcf7-form init\" aria-label=\"Contact form\" novalidate=\"novalidate\" data-status=\"init\" data-trp-original-action=\"\/en\/wp-json\/wp\/v2\/pages\/11694#wpcf7-f11647-o1\">\n<div style=\"display: none;\">\n<input type=\"hidden\" name=\"_wpcf7\" value=\"11647\" \/>\n<input type=\"hidden\" name=\"_wpcf7_version\" value=\"5.8.6\" \/>\n<input type=\"hidden\" name=\"_wpcf7_locale\" value=\"ru_RU\" \/>\n<input type=\"hidden\" name=\"_wpcf7_unit_tag\" value=\"wpcf7-f11647-o1\" \/>\n<input type=\"hidden\" name=\"_wpcf7_container_post\" value=\"0\" \/>\n<input type=\"hidden\" name=\"_wpcf7_posted_data_hash\" value=\"\" \/>\n<\/div>\n<div class=\"contact-form\">\n    <div class=\"input-row\"><span class=\"wpcf7-form-control-wrap\" data-name=\"f-name\"><input size=\"40\" class=\"wpcf7-form-control wpcf7-text style1\" aria-invalid=\"false\" placeholder=\"Name\" value=\"\" type=\"text\" name=\"f-name\" \/><\/span><\/div>\n    <div class=\"input-row\"><span class=\"wpcf7-form-control-wrap\" data-name=\"email\"><input size=\"40\" class=\"wpcf7-form-control wpcf7-text style1\" aria-invalid=\"false\" placeholder=\"E-mail\" value=\"\" type=\"text\" name=\"email\" \/><\/span><\/div>\n    <div class=\"input-row\"><span class=\"wpcf7-form-control-wrap\" data-name=\"tel-396\"><input size=\"40\" class=\"wpcf7-form-control wpcf7-text style1\" aria-invalid=\"false\" placeholder=\"Phone Number\" value=\"\" type=\"text\" name=\"tel-396\" \/><\/span><\/div>\n    <div class=\"input-row\"><span class=\"wpcf7-form-control-wrap\" data-name=\"place\"><input size=\"40\" class=\"wpcf7-form-control wpcf7-text style1\" aria-invalid=\"false\" placeholder=\"Pickup Place and Date\" value=\"\" type=\"text\" name=\"place\" \/><\/span><\/div> \n    <div class=\"input-row\"><span class=\"wpcf7-form-control-wrap\" data-name=\"place2\"><input size=\"40\" class=\"wpcf7-form-control wpcf7-text style1\" aria-invalid=\"false\" placeholder=\"Destination\" value=\"\" type=\"text\" name=\"place2\" \/><\/span><\/div> \n    <div class=\"input-row\"><span class=\"wpcf7-form-control-wrap\" data-name=\"subject\"><input size=\"40\" class=\"wpcf7-form-control wpcf7-text style1\" aria-invalid=\"false\" placeholder=\"Subject\" value=\"\" type=\"text\" name=\"subject\" \/><\/span><\/div>\n    <div class=\"input-row\"><label>Message<\/label><span class=\"wpcf7-form-control-wrap\" data-name=\"message\"><textarea cols=\"40\" rows=\"6\" class=\"wpcf7-form-control wpcf7-textarea style1\" aria-invalid=\"false\" name=\"message\"><\/textarea><\/span><\/div><button class=\"button-style1\"\n        type=\"submit\"><span class=\"d\"><span><\/span><\/span><span>Send<\/span><\/button>\n<\/div>\n<br>\n[anr_nocaptcha g-recaptcha-response]<div class=\"wpcf7-response-output\" aria-hidden=\"true\"><\/div>\n<input type=\"hidden\" name=\"trp-form-language\" value=\"en\"\/><\/form>\n<\/div>\n<\/div><\/div><\/div><\/div>","protected":false},"excerpt":{"rendered":"Wypo\u017cyczalnia samochod\u00f3w, bus\u00f3w. Idealny samoch\u00f3d- bus 9 osobowy . Wynajem aut minibus\u00f3w kr\u00f3tkoterminowy oraz d\u0142ugoterminowy. Mercedes Vito w wersji extra long z najbogatszym wyposa\u017ceniem, silnikiem diesla oraz automatyczna skrzynia bieg\u00f3w. Komfortowa podr\u00f3\u017c rodzinn\u0105,turystyczna, biznesowa i inne Ceny 1- 3 dni \u00a0390PLN 4-7dni 290PLN Powy\u017cej 7dni 199PLN Napisz do nas lub zadzwo\u0144 i om\u00f3wimy szczeg\u00f3\u0142y. Do [...]","protected":false},"author":1,"featured_media":0,"parent":0,"menu_order":0,"comment_status":"closed","ping_status":"closed","template":"","meta":{"_acf_changed":false,"footnotes":""},"class_list":["post-11694","page","type-page","status-publish","hentry"],"acf":[],"aioseo_notices":[],"_links":{"self":[{"href":"https:\/\/www.gdanskairporttaxi.pl\/en\/wp-json\/wp\/v2\/pages\/11694","targetHints":{"allow":["GET"]}}],"collection":[{"href":"https:\/\/www.gdanskairporttaxi.pl\/en\/wp-json\/wp\/v2\/pages"}],"about":[{"href":"https:\/\/www.gdanskairporttaxi.pl\/en\/wp-json\/wp\/v2\/types\/page"}],"author":[{"embeddable":true,"href":"https:\/\/www.gdanskairporttaxi.pl\/en\/wp-json\/wp\/v2\/users\/1"}],"replies":[{"embeddable":true,"href":"https:\/\/www.gdanskairporttaxi.pl\/en\/wp-json\/wp\/v2\/comments?post=11694"}],"version-history":[{"count":5,"href":"https:\/\/www.gdanskairporttaxi.pl\/en\/wp-json\/wp\/v2\/pages\/11694\/revisions"}],"predecessor-version":[{"id":11705,"href":"https:\/\/www.gdanskairporttaxi.pl\/en\/wp-json\/wp\/v2\/pages\/11694\/revisions\/11705"}],"wp:attachment":[{"href":"https:\/\/www.gdanskairporttaxi.pl\/en\/wp-json\/wp\/v2\/media?parent=11694"}],"curies":[{"name":"wp","href":"https:\/\/api.w.org\/{rel}","templated":true}]}}