{"id":10946,"date":"2020-01-07T00:44:05","date_gmt":"2020-01-06T23:44:05","guid":{"rendered":"https:\/\/www.gdanskairporttaxi.pl\/?post_type=product&#038;p=10946"},"modified":"2020-04-29T22:10:19","modified_gmt":"2020-04-29T20:10:19","slug":"trip-to-the-wolfs-lair-hitlers-headquarters-8-persons","status":"publish","type":"product","link":"https:\/\/www.gdanskairporttaxi.pl\/en\/sklep\/trip-to-the-wolfs-lair-hitlers-headquarters-8-persons\/","title":{"rendered":"Trip to the Wolf's Lair - Hitler's quarters 8 people"},"content":{"rendered":"","protected":false},"excerpt":{"rendered":"<p>Welcome to Adolf Hitler's former war headquarters \"Wolf's Lair\" - in the concrete town of bunkers in the forests near Ketrzyn. During the war, it was here that the most important decisions were made in the German war machine. From here, Barbaross's operation was supervised, and it was here that Fuhrer's bold, but unsuccessful assassination attempt, carried out by Claus Shenk von Stauffenberg. If you speak English poorly, you can take part in this tour with a German, Spanish, Italian, Norwegian and Swedish translator with us for an additional fee.<\/p>\n<p>Stop At: Wilczy Szaniec, Gierloz 5 Forest in Gier\u0142o\u017c near K\u0119trzyn, Gierloz 11-400 Poland The area, chosen as Hitler\u2019s HQ, was located far away from the thoroughfares, in an old mixed forest, constituting a year-round natural protection of the facilities. The Great Masurian Lakes stretching east from the K\u0119trzyn forest were a natural obstacle to ground forces. Hitler spent over 800 days here.<\/p>","protected":false},"featured_media":10947,"template":"","meta":{"_acf_changed":false},"product_cat":[77],"product_tag":[],"class_list":{"0":"post-10946","1":"product","2":"type-product","3":"status-publish","4":"has-post-thumbnail","6":"product_cat-kashubia-tours","8":"first","9":"instock","10":"sale","11":"virtual","12":"taxable","13":"purchasable","14":"product-type-simple"},"acf":[],"aioseo_notices":[],"_links":{"self":[{"href":"https:\/\/www.gdanskairporttaxi.pl\/en\/wp-json\/wp\/v2\/product\/10946","targetHints":{"allow":["GET"]}}],"collection":[{"href":"https:\/\/www.gdanskairporttaxi.pl\/en\/wp-json\/wp\/v2\/product"}],"about":[{"href":"https:\/\/www.gdanskairporttaxi.pl\/en\/wp-json\/wp\/v2\/types\/product"}],"wp:featuredmedia":[{"embeddable":true,"href":"https:\/\/www.gdanskairporttaxi.pl\/en\/wp-json\/wp\/v2\/media\/10947"}],"wp:attachment":[{"href":"https:\/\/www.gdanskairporttaxi.pl\/en\/wp-json\/wp\/v2\/media?parent=10946"}],"wp:term":[{"taxonomy":"product_cat","embeddable":true,"href":"https:\/\/www.gdanskairporttaxi.pl\/en\/wp-json\/wp\/v2\/product_cat?post=10946"},{"taxonomy":"product_tag","embeddable":true,"href":"https:\/\/www.gdanskairporttaxi.pl\/en\/wp-json\/wp\/v2\/product_tag?post=10946"}],"curies":[{"name":"wp","href":"https:\/\/api.w.org\/{rel}","templated":true}]}}