{"id":10008,"date":"2017-11-20T13:25:35","date_gmt":"2017-11-20T13:25:35","guid":{"rendered":"http:\/\/quanticalabs.com\/wp_plugins\/chauffeur-booking-system\/?page_id=10008"},"modified":"2020-01-04T23:39:45","modified_gmt":"2020-01-04T22:39:45","slug":"zamow-taxi","status":"publish","type":"page","link":"https:\/\/www.gdanskairporttaxi.pl\/pl\/zamow-taxi\/","title":{"rendered":"Zam\u00f3w Taxi"},"content":{"rendered":"<div class=\"vc_row wpb_row vc_row-fluid vc_row-\"><div class=\"wpb_column vc_column_container vc_col-sm-12\"><div class=\"vc_column-inner \" style=\"  \"><div class=\"wpb_wrapper\">\n\t<div  class=\"wpb_single_image wpb_content_element vc_align_left\">\n\t\t\n\t\t<figure class=\"wpb_wrapper vc_figure\">\n\t\t\t<div class=\"vc_single_image-wrapper   vc_box_border_grey\"><img loading=\"lazy\" decoding=\"async\" class=\"vc_single_image-img \" src=\"https:\/\/www.gdanskairporttaxi.pl\/wp-content\/uploads\/2019\/11\/IMG_9443-min_Easy-Resize.com_-1280x450.jpg\" width=\"1280\" height=\"450\" alt=\"IMG_9443-min_Easy-Resize.com\" title=\"IMG_9443-min_Easy-Resize.com\" \/><\/div>\n\t\t<\/figure>\n\t<\/div>\n<\/div><\/div><\/div><\/div><div class=\"vc_row wpb_row vc_row-fluid vc_row-\"><div class=\"wpb_column vc_column_container vc_col-sm-12\"><div class=\"vc_column-inner \" style=\"  \"><div class=\"wpb_wrapper\">\n\t<div class=\"wpb_text_column wpb_content_element \" >\n\t\t<div class=\"wpb_wrapper\">\n\t\t\t        <div class=\"chbs-main chbs-booking-form-id-10007 chbs-clear-fix chbs-hidden\" id=\"chbs_booking_form_90FD6F75AC21AA1FB942EACE05C96F6C\">\n\n            <form name=\"chbs-form\" method=\"POST\" target=\"_self\">\n                <div class=\"chbs-main-content chbs-clear-fix\">\n \n                    <div class=\"chbs-main-content-step-1\">\n        <div class=\"chbs-notice chbs-hidden\"><\/div>\n        <div class=\"chbs-layout-50x50 chbs-clear-fix\">\n\n            <div class=\"chbs-layout-column-left\">\n\n                <div class=\"chbs-tab chbs-box-shadow\">\n\n                    <ul>\n                        <li data-id=\"1\"><a href=\"#panel-1\">Dystans<\/a><\/li>\n                    <\/ul>\n                    <div id=\"panel-1\">\n                        <label class=\"chbs-form-label-group\">Szczeg\u00f3\u0142y przejazdu<\/label>\n                        <div class=\"chbs-clear-fix\">\n\n                            <div class=\"chbs-form-field chbs-form-field-width-50\">\n                                <label class=\"chbs-form-field-label\">\n                                    Data odbioru                                    <span class=\"chbs-tooltip chbs-meta-icon-question\" title=\"The date when your journey will start.\"><\/span>\n                                <\/label>\n                                <input type=\"text\" autocomplete=\"off\" name=\"chbs_pickup_date_service_type_1\" class=\"chbs-datepicker\" value=\"\"\/>\n                            <\/div>\n\n                            <div class=\"chbs-form-field chbs-form-field-width-50\">\n                                <label>\n                                    Godzina odbioru                                    <span class=\"chbs-tooltip chbs-meta-icon-question\" title=\"The time when your journey will start.\"><\/span>\n                                <\/label>\n                                <input type=\"text\" autocomplete=\"off\" name=\"chbs_pickup_time_service_type_1\" class=\"chbs-timepicker\" value=\"\"\/>\n                            <\/div>\n\n                        <\/div>\n                        <div class=\"chbs-form-field chbs-form-field-location-autocomplete chbs-form-field-location-switch chbs-hidden\">\n                            <label>Waypoint<\/label>\n                            <input type=\"text\" autocomplete=\"off\" name=\"chbs_waypoint_location_service_type_1[]\"\/>\n                            <input type=\"hidden\" name=\"chbs_waypoint_location_coordinate_service_type_1[]\"\/>\n                            <span class=\"chbs-location-add chbs-meta-icon-plus\"><\/span>\n                            <span class=\"chbs-location-remove chbs-meta-icon-minus\"><\/span>\n                        <\/div>  \n                        <div class=\"chbs-form-field chbs-form-field-location-autocomplete chbs-form-field-location-switch\" data-label-waypoint=\"Waypoint\">\n                            <label>\n                                Adres odbioru                                <span class=\"chbs-tooltip chbs-meta-icon-question\" title=\"The address when your journey will start.\"><\/span>\n                            <\/label>\n                            <input type=\"text\" autocomplete=\"off\" name=\"chbs_pickup_location_service_type_1\" value=\"\"\/>\n                            <input type=\"hidden\" name=\"chbs_pickup_location_coordinate_service_type_1\" value=\"\"\/>\n                            <span class=\"chbs-location-add chbs-meta-icon-plus\"><\/span>\n                        <\/div> \n                        <div class=\"chbs-form-field chbs-form-field-location-autocomplete\">\n                            <label>\n                                Cel podr\u00f3\u017cy                                <span class=\"chbs-tooltip chbs-meta-icon-question\" title=\"The address when your journey will end.\"><\/span>                           \n                            <\/label>\n                            <input type=\"text\" autocomplete=\"off\" name=\"chbs_dropoff_location_service_type_1\" value=\"\"\/>\n                            <input type=\"hidden\" name=\"chbs_dropoff_location_coordinate_service_type_1\" value=\"\"\/>\n                        <\/div>\n                        <div class=\"chbs-form-field\">\n                            <label>\n                                Transfer type                                <span class=\"chbs-tooltip chbs-meta-icon-question\" title=\"Transfer type of the journey.\"><\/span>                     \n                            <\/label>\n                            <select name=\"chbs_transfer_type_service_type_1\">\n                                <option value=\"1\" >One Way<\/option>\n                                <option value=\"2\" >Return<\/option>\n                            \n                            <\/select>\n                        <\/div>\n                        <div class=\"chbs-clear-fix chbs-hidden\">\n\n                            <div class=\"chbs-form-field chbs-form-field-width-50\">\n                                <label class=\"chbs-form-field-label\">Return date<\/label>\n                                <input type=\"text\" autocomplete=\"off\" name=\"chbs_return_date_service_type_1\" class=\"chbs-datepicker\" value=\"\"\/>\n                            <\/div>\n\n                            <div class=\"chbs-form-field chbs-form-field-width-50\">\n                                <label>Return time<\/label>\n                                <input type=\"text\" autocomplete=\"off\" name=\"chbs_return_time_service_type_1\" class=\"chbs-timepicker\" value=\"\"\/>\n                            <\/div>\n\n                        <\/div>                                  \n                        <label class=\"chbs-form-label-group\">Number of passengers<\/label>\n                        <div class=\"chbs-clear-fix\">\n                            <div class=\"chbs-form-field chbs-form-field-width-50\">\n                                <label class=\"chbs-form-field-label\">\n                                    Adults                                    <span class=\"chbs-tooltip chbs-meta-icon-question\" title=\"Number of adults passengers.\"><\/span>\n                                <\/label>\n                                <input type=\"text\" maxlength=\"2\" name=\"chbs_passenger_adult_service_type_1\" value=\"\"\/>\n                            <\/div>                       \n                            <div class=\"chbs-form-field chbs-form-field-width-50\">\n                                <label class=\"chbs-form-field-label\">\n                                    Children                                    <span class=\"chbs-tooltip chbs-meta-icon-question\" title=\"Number of children.\"><\/span>\n                                <\/label>\n                                <input type=\"text\" maxlength=\"2\" name=\"chbs_passenger_children_service_type_1\" value=\"0\"\/>\n                            <\/div>             \n     \n                        <\/div>\n                    <\/div>\n          \n                <\/div>    \n\n            <\/div>\n            <div class=\"chbs-layout-column-right\">\n                <div class=\"chbs-google-map\">\n                    <div id=\"chbs_google_map\"><\/div>\n                <\/div>\n                <div class=\"chbs-ride-info chbs-box-shadow\">\n                    <div>\n                        <span class=\"chbs-meta-icon-route\"><\/span>\n                        <span>Ca\u0142kowity dystans<\/span>\n                        <span>\n                            <span>0<\/span>\n                            <span>km<\/span>\n                        <\/span>\n                    <\/div>\n                    <div>\n                        <span class=\"chbs-meta-icon-clock\"><\/span>\n                        <span>Ca\u0142kowity czas<\/span>\n                        <span>\n                            <span>0<\/span>\n                            <span>h<\/span>\n                            <span>0<\/span>\n                            <span>m<\/span>\n                        <\/span>\n                    <\/div>                    \n                <\/div>\n            <\/div>\n        <\/div>\n        <div class=\"chbs-clear-fix chbs-main-content-navigation-button\">\n            <a href=\"#\" class=\"chbs-button chbs-button-style-1 chbs-button-step-next\">\n                Choose a vehicle                <span class=\"chbs-meta-icon-arrow-horizontal-large\"><\/span>\n            <\/a> \n        <\/div>\n                    <\/div>\n \n                    <div class=\"chbs-main-content-step-2\">\n        \n        <div class=\"chbs-layout-25x75 chbs-clear-fix\">\n\n            <div class=\"chbs-layout-column-left\"><\/div>\n\n            <div class=\"chbs-layout-column-right\">\n                <div class=\"chbs-notice chbs-hidden\"><\/div>\n                \n                <div class=\"chbs-vehicle-list\"><\/div>\n            \n                <div class=\"chbs-booking-extra\"><\/div>\n                \n            <\/div>\n\n        <\/div>\n\n        <div class=\"chbs-clear-fix chbs-main-content-navigation-button\">\n            <a href=\"#\" class=\"chbs-button chbs-button-style-2 chbs-button-step-prev\">\n                <span class=\"chbs-meta-icon-arrow-horizontal-large\"><\/span>\n                Choose ride details            <\/a> \n            <a href=\"#\" class=\"chbs-button chbs-button-style-1 chbs-button-step-next\">\n                Enter contact details                <span class=\"chbs-meta-icon-arrow-horizontal-large\"><\/span>\n            <\/a> \n        <\/div>                    <\/div>\n \n                    <div class=\"chbs-main-content-step-3\">\n        <div class=\"chbs-layout-25x75 chbs-clear-fix\">\n\n            <div class=\"chbs-layout-column-left\"><\/div>\n\n            <div class=\"chbs-layout-column-right\">\n\n                <div class=\"chbs-notice chbs-hidden\"><\/div>\n\n                <div class=\"chbs-client-form\"><\/div>\n            <\/div>   \n            \n        <\/div>\n\n        <div class=\"chbs-clear-fix chbs-main-content-navigation-button\">\n            <a href=\"#\" class=\"chbs-button chbs-button-style-2 chbs-button-step-prev\">\n                <span class=\"chbs-meta-icon-arrow-horizontal-large\"><\/span>\n                Choose a vehicle            <\/a> \n            <a href=\"#\" class=\"chbs-button chbs-button-style-1 chbs-button-step-next\">\n                Booking summary                <span class=\"chbs-meta-icon-arrow-horizontal-large\"><\/span>\n            <\/a> \n        <\/div>                    <\/div>\n \n                    <div class=\"chbs-main-content-step-4\">\n        \n        <div class=\"chbs-layout-33x33x33 chbs-clear-fix\">\n            \n            <div class=\"chbs-notice chbs-hidden\"><\/div>\n\n            <div class=\"chbs-layout-column-left\"><\/div>\n\n            <div class=\"chbs-layout-column-center\"><\/div>\n\n            <div class=\"chbs-layout-column-right\"><\/div>\n\n        <\/div>\n        <div class=\"chbs-clear-fix chbs-main-content-navigation-button\">\n            <a href=\"#\" class=\"chbs-button chbs-button-style-2 chbs-button-step-prev\">\n                <span class=\"chbs-meta-icon-arrow-horizontal-large\"><\/span>\n                Enter contact details            <\/a> \n            <a href=\"#\" class=\"chbs-button chbs-button-style-1 chbs-button-step-next\">\n                Book now                <span class=\"chbs-meta-icon-arrow-horizontal-large\"><\/span>\n            <\/a> \n        <\/div>                    <\/div>\n \n                    <div class=\"chbs-main-content-step-5\">\n        <div class=\"chbs-clear-fix chbs-booking-complete chbs-hidden\">   \n            <div class=\"chbs-meta-icon-tick\">\n                <div><\/div>\n                <div><\/div>\n            <\/div>\n            <h3>Thank you for your order<\/h3>\n            <p class=\"chbs-booking-complete-payment-cash\">\n                <a href=\"https:\/\/www.gdanskairporttaxi.pl\/pl\/zamow-taxi\/\" class=\"chbs-button chbs-button-style-1\">Back To Home<\/a>\n            <\/p>\n            <p class=\"chbs-booking-complete-payment-paypal\">\n                You will be redirected to the payment page within <span>5<\/span> second.            <\/p>\n            <p class=\"chbs-booking-complete-payment-stripe\">\n                <a href=\"#\" class=\"chbs-button chbs-button-style-1\">Pay via Stripe<\/a>\n            <\/p>\n            <p class=\"chbs-booking-complete-payment-wire-transfer\">\n                            <\/p>\n            <p class=\"chbs-booking-complete-payment-woocommerce\">\n                <a href=\"#\" class=\"chbs-button chbs-button-style-1\">Pay for order<\/a>\n            <\/p>\n        <\/div>                    <\/div>\n                <\/div>\n                <input type=\"hidden\" name=\"action\" data-value=\"\"\/>\n                \n                <input type=\"hidden\" name=\"chbs_step\" data-value=\"1\"\/>\n                <input type=\"hidden\" name=\"chbs_step_request\" data-value=\"1\"\/>\n                \n                <input type=\"hidden\" name=\"chbs_payment_id\" data-value=\"0\"\/>\n                <input type=\"hidden\" name=\"chbs_vehicle_id\" data-value=\"10111\"\/>\n                \n                <input type=\"hidden\" name=\"chbs_booking_extra_id\" data-value=\"0\"\/>\n                \n                <input type=\"hidden\" name=\"chbs_distance_map\" data-value=\"0\"\/>\n                <input type=\"hidden\" name=\"chbs_duration_map\" data-value=\"0\"\/>\n                \n                <input type=\"hidden\" name=\"chbs_base_location_distance\" data-value=\"0\"\/>\n                <input type=\"hidden\" name=\"chbs_base_location_duration\" data-value=\"0\"\/>\n                \n                <input type=\"hidden\" name=\"chbs_base_location_return_distance\" data-value=\"0\"\/>\n                <input type=\"hidden\" name=\"chbs_base_location_return_duration\" data-value=\"0\"\/>\n     \n                <input type=\"hidden\" name=\"chbs_distance_sum\" data-value=\"0\"\/>\n                <input type=\"hidden\" name=\"chbs_duration_sum\" data-value=\"0\"\/>\n            \n                <input type=\"hidden\" name=\"chbs_currency\" data-value=\"PLN\"\/>\n                \n                <input type=\"hidden\" name=\"chbs_booking_form_id\" data-value=\"10007\"\/>\n\n                <input type=\"hidden\" name=\"chbs_service_type_id\" data-value=\"1\"\/>\n\n                <input type=\"hidden\" name=\"chbs_post_id\" data-value=\"10008\"\/>\n                \n                <input type=\"hidden\" name=\"chbs_comment_hidden\" data-value=\"\"\/>\n                \n            <\/form>\n            <div id=\"chbs-preloader\"  style=\"background-color:rgba(255,255,255,0.28235294117647);\">\n                <div><\/div>\n            <\/div>\n           \n            <div id=\"chbs-preloader-start\"><\/div>\n            \n        <\/div>\n\n        <script type=\"text\/javascript\">\n            jQuery(document).ready(function($)\n            {\n                var bookingForm=$('#chbs_booking_form_90FD6F75AC21AA1FB942EACE05C96F6C').chauffeurBookingForm(\n                {\n                    plugin_version                                              :   '5.0',\n                    ajax_url                                                    :   'https:\/\/www.gdanskairporttaxi.pl\/wp-admin\/admin-ajax.php',\n                    length_unit                                                 :   1,\n                    time_format                                                 :   'G:i',\n                    date_format                                                 :   'd-m-Y',\n                    date_format_js                                              :   'dd-mm-yy',\n                    message                                                     :\n                    {\n                        designate_route_error                                   :   'It is not possible to create a route between chosen points.',\n                        place_geometry_error                                    :   'Google Maps API cannot find details for this place.'\n                    },\n                    text                                                        :\n                    {\n                        unit_length_short                                       :   'km',\n                        unit_time_hour_short                                    :   'h',\n                        unit_time_minute_short                                  :   'h',\n                    },\n                    date_exclude                                                :   [],\n                    date_available                                              :   [{\"index\":0,\"date\":\"15-04-2026\",\"time\":{\"start\":\"12:13\",\"stop\":\"23:55\"}},{\"index\":1,\"date\":\"16-04-2026\",\"time\":{\"start\":\"00:00\",\"stop\":\"23:55\"}},{\"index\":2,\"date\":\"18-04-2026\",\"time\":{\"start\":\"00:00\",\"stop\":\"23:55\"}},{\"index\":3,\"date\":\"21-04-2026\",\"time\":{\"start\":\"00:00\",\"stop\":\"23:55\"}},{\"index\":4,\"date\":\"25-04-2026\",\"time\":{\"start\":\"00:00\",\"stop\":\"23:55\"}},{\"index\":5,\"date\":\"30-04-2026\",\"time\":{\"start\":\"00:00\",\"stop\":\"23:55\"}},{\"index\":6,\"date\":\"06-05-2026\",\"time\":{\"start\":\"00:00\",\"stop\":\"12:13\"}},{\"index\":-1}],\n                    business_hour                                               :   {\"1\":{\"start\":\"00:00\",\"stop\":\"23:55\"},\"2\":{\"start\":\"00:00\",\"stop\":\"23:55\"},\"3\":{\"start\":\"00:00\",\"stop\":\"23:55\"},\"4\":{\"start\":\"00:00\",\"stop\":\"23:55\"},\"5\":{\"start\":\"00:00\",\"stop\":\"23:55\"},\"6\":{\"start\":\"00:00\",\"stop\":\"23:55\"},\"7\":{\"start\":\"00:00\",\"stop\":\"23:55\"}},\n                    timepicker_step                                             :   5,\n                    timepicker_dropdown_list_enable                             :   1,\n                    summary_sidebar_sticky_enable                               :   0,\n                    ride_time_multiplier                                        :   1.00,\n                    extra_time_unit                                             :   2,\n                    driving_zone                                                :\n                    {\n                        pickup                                                  :\n                        {\n                            enable                                              :   0,\n                            country                                             :   [-1], \n                            area                                                :\n                            {\n                                radius                                          :   150,\n                                coordinate                                      :\n                                {\n                                    lat                                         :   '54.35202520000001',\n                                    lng                                         :   '18.64663840000003'\n                                }\n                            }\n                        },\n                        dropoff                                                 :\n                        {\n                            enable                                              :   0,\n                            country                                             :   [-1],\n                            area                                                :\n                            {\n                                radius                                          :   50,\n                                coordinate                                      :\n                                {\n                                    lat                                         :   '',\n                                    lng                                         :   ''\n                                }\n                            }                       \n                        }\n                    },\n                    gooogle_map_option                                          :\n                    {\n                        route_avoid                                             :   [-1],\n                        draggable                                               :\n                        {\n                            enable                                              :   1                        },\n                        draggable_location                                      :\n                        {\n                            enable                                              :   1                        },                               \n                        traffic_layer                                           :\n                        {\n                            enable                                              :   1                        },\n                        scrollwheel                                             :\n                        {\n                            enable                                              :   1                        },\n                        map_control                                             :\n                        {\n                            enable                                              :   1,\n                            id                                                  :   'ROADMAP',\n                            style                                               :   'HORIZONTAL_BAR',\n                            position                                            :   'LEFT_TOP'\n                        },\n                        zoom_control                                            :\n                        {\n                            enable                                              :   1,\n                            style                                               :   'DEFAULT',\n                            position                                            :   'RIGHT_BOTTOM',\n                            level                                               :   6                            \n                        },\n                        default_location                                        :\n                        {\n                            type                                                :   1,\n                            coordinate                                          :\n                            {\n                                lat                                             :   '',\n                                lng                                             :   ''\n                            }\n                        },\n                    },\n                    base_location                                               :\n                    {\n                        coordinate                                              :\n                        {\n                            lat                                                 :   '54.3788433',\n                            lng                                                 :   '18.468075'\n                        }\n                    },\n                    widget                                                      :\n                    {\n                        mode                                                    :   0,\n                        booking_form_url                                        :   ''\n                    },\n                    rtl_mode                                                    :   0 ,\n                    scroll_to_booking_extra_after_select_vehicle_enable         :   1,\n                    current_date                                                :   '15-04-2026',\n                    current_time                                                :   '01:13',\n                    google_autosugestion_address_type                           :   2,\n                    icon_field_enable                                           :   1               });\n               bookingForm.setup();\n            });\n        <\/script>\n            \n\n\t\t<\/div>\n\t<\/div>\n<\/div><\/div><\/div><\/div>\n","protected":false},"excerpt":{"rendered":"Dystans Szczeg\u00f3\u0142y przejazdu Data odbioru Godzina odbioru Waypoint Adres odbioru Cel podr\u00f3\u017cy Transfer type One Way Return Return date Return time Number of passengers Adults Children Ca\u0142kowity dystans 0 km Ca\u0142kowity czas 0 h 0 m Choose a vehicle Choose ride details Enter contact details Choose a vehicle Booking summary Enter contact details Book now [...]","protected":false},"author":1,"featured_media":0,"parent":0,"menu_order":0,"comment_status":"closed","ping_status":"closed","template":"template-landing.php","meta":{"_acf_changed":false,"footnotes":""},"class_list":["post-10008","page","type-page","status-publish","hentry"],"acf":[],"aioseo_notices":[],"_links":{"self":[{"href":"https:\/\/www.gdanskairporttaxi.pl\/pl\/wp-json\/wp\/v2\/pages\/10008","targetHints":{"allow":["GET"]}}],"collection":[{"href":"https:\/\/www.gdanskairporttaxi.pl\/pl\/wp-json\/wp\/v2\/pages"}],"about":[{"href":"https:\/\/www.gdanskairporttaxi.pl\/pl\/wp-json\/wp\/v2\/types\/page"}],"author":[{"embeddable":true,"href":"https:\/\/www.gdanskairporttaxi.pl\/pl\/wp-json\/wp\/v2\/users\/1"}],"replies":[{"embeddable":true,"href":"https:\/\/www.gdanskairporttaxi.pl\/pl\/wp-json\/wp\/v2\/comments?post=10008"}],"version-history":[{"count":2,"href":"https:\/\/www.gdanskairporttaxi.pl\/pl\/wp-json\/wp\/v2\/pages\/10008\/revisions"}],"predecessor-version":[{"id":10905,"href":"https:\/\/www.gdanskairporttaxi.pl\/pl\/wp-json\/wp\/v2\/pages\/10008\/revisions\/10905"}],"wp:attachment":[{"href":"https:\/\/www.gdanskairporttaxi.pl\/pl\/wp-json\/wp\/v2\/media?parent=10008"}],"curies":[{"name":"wp","href":"https:\/\/api.w.org\/{rel}","templated":true}]}}