{"id":10563,"date":"2019-11-25T00:13:30","date_gmt":"2019-11-24T23:13:30","guid":{"rendered":"https:\/\/www.gdanskairporttaxi.pl\/?page_id=10563"},"modified":"2020-01-28T20:03:42","modified_gmt":"2020-01-28T19:03:42","slug":"wieczory-kawalerskie","status":"publish","type":"page","link":"https:\/\/www.gdanskairporttaxi.pl\/pl\/wieczory-kawalerskie\/","title":{"rendered":"Wieczory Kawalerskie"},"content":{"rendered":"<div class=\"vc_row wpb_row vc_row-fluid vc_row-\"><div class=\"wpb_column vc_column_container vc_col-sm-12\"><div class=\"vc_column-inner \" style=\"  \"><div class=\"wpb_wrapper\">\n\t<div  class=\"wpb_single_image wpb_content_element vc_align_center\">\n\t\t\n\t\t<figure class=\"wpb_wrapper vc_figure\">\n\t\t\t<div class=\"vc_single_image-wrapper   vc_box_border_grey\"><img loading=\"lazy\" decoding=\"async\" class=\"vc_single_image-img \" src=\"https:\/\/www.gdanskairporttaxi.pl\/wp-content\/uploads\/2019\/12\/79993350_554758282039892_2646983744614825984_n-scaled-1800x450.jpg\" width=\"1800\" height=\"450\" alt=\"79993350_554758282039892_2646983744614825984_n\" title=\"79993350_554758282039892_2646983744614825984_n\" \/><\/div>\n\t\t<\/figure>\n\t<\/div>\n<\/div><\/div><\/div><\/div><div class=\"vc_row wpb_row vc_row-fluid vc_custom_1553584211775 vc_row-5c99cd717f62c vc_row-o-equal-height vc_row-o-content-middle vc_row-flex\"><div class=\"wpb_column vc_column_container vc_col-sm-6\"><div class=\"vc_column-inner \" style=\"  \"><div class=\"wpb_wrapper\"><div class=\"vc_row wpb_row vc_inner vc_row-fluid vc_column-gap-20\" style=\"  \"><\/div>\n\t<div class=\"wpb_video_widget wpb_content_element vc_clearfix   vc_video-aspect-ratio-169 vc_video-el-width-100 vc_video-align-left\" >\n\t\t<div class=\"wpb_wrapper\">\n\t\t\t\n\t\t\t<div class=\"wpb_video_wrapper\"><iframe loading=\"lazy\" title=\"Travel Group  short\" width=\"500\" height=\"281\" src=\"https:\/\/www.youtube.com\/embed\/5UX6dX6xfYM?feature=oembed\" frameborder=\"0\" allow=\"accelerometer; autoplay; clipboard-write; encrypted-media; gyroscope; picture-in-picture; web-share\" referrerpolicy=\"strict-origin-when-cross-origin\" allowfullscreen><\/iframe><\/div>\n\t\t<\/div>\n\t<\/div>\n\n\t<div  class=\"wpb_single_image wpb_content_element vc_align_left\">\n\t\t\n\t\t<figure class=\"wpb_wrapper vc_figure\">\n\t\t\t<div class=\"vc_single_image-wrapper   vc_box_border_grey\"><img loading=\"lazy\" decoding=\"async\" class=\"vc_single_image-img \" src=\"https:\/\/www.gdanskairporttaxi.pl\/wp-content\/uploads\/2020\/01\/81420362_2668775753243684_3120890324386316288_n-600x420.jpg\" width=\"600\" height=\"420\" alt=\"81420362_2668775753243684_3120890324386316288_n\" title=\"81420362_2668775753243684_3120890324386316288_n\" \/><\/div>\n\t\t<\/figure>\n\t<\/div>\n<\/div><\/div><\/div><div class=\"wpb_column vc_column_container vc_col-sm-6\"><div class=\"vc_column-inner \" style=\"  \"><div class=\"wpb_wrapper\">      <div class=\"heading-block heading-5c99cd7d59d6e tal h-h5\">\n                  <div class=\"sub-h\">Idealny wiecz\u00f3r Kawalerski \/ Panie\u0144ski<\/div>\n                  <h5 class=\"h\">Sp\u0119d\u017a wyj\u0105tkowy wiecz\u00f3r Panie\u0144ski lub Kawalerski z nami!<\/h5>\n              <\/div>\n    \n\t<div class=\"wpb_text_column wpb_content_element \" >\n\t\t<div class=\"wpb_wrapper\">\n\t\t\t<p><strong>Events&amp;by night Szalone panie\u0144skie lub kawalerskie to r\u00f3wnie\u017c klub muzyczny w kt\u00f3rym obowi\u0105zuje selekcja.Ekskluzywny klub go go w samym sercu Gda\u0144ska, Sopotu lub w Rosji czy na Ukrainie. Dla naszych klient\u00f3w bezp\u0142atne wej\u015bci\u00f3wki, wygodna lo\u017ca, VIP room lub open bar.Mo\u017cliwa pe\u0142na kontrola wydatk\u00f3w. Transport go\u015bci do wszystkich atrakcyjnych miejsc zapewni\u0105 nasi anglojezyczni kierowcy. Zadbamy o prawid\u0142ow\u0105 organizacj\u0119. Ch\u0119tnie doradzimy i pomo\u017cemy. Ka\u017cdy event to wyj\u0105tkowy moment w czasie.Przeka\u017c nam ten czas a zaproponujemy odpowiednie miejsce, okre\u015blimy ceremoni\u0119 i rytua\u0142, aby zaspokojone zosta\u0142y potrzeby wszystkich uczestnik\u00f3w- biesiadownik\u00f3w.Tw\u00f3j special event b\u0119dzie napewno wyj\u0105tkowy. Obs\u0142ugujemy osoby prywatne, kameralne spotkania oraz mniejsze i wi\u0119ksze firmy krajowe i mi\u0119dzynarodowe.<\/strong><br \/>\n<strong>Oto kilka mo\u017cliwo\u015bci:<\/strong><\/p>\n<ul>\n<li>przejazd limuzyn\u0105 Hummer , Lincoln<\/li>\n<li>wej\u015bci\u00f3wki i lo\u017ca w klubie GO &#8211; GO<\/li>\n<li>paintball<\/li>\n<li>tancerka go go lub ero tancerz<\/li>\n<li>rejs statkiem lub jachtem<\/li>\n<li>strzelnica ( prawdziwa bro\u0144)<\/li>\n<li>sauna, jacuzzi<\/li>\n<li>wiele wi\u0119cej.<\/li>\n<\/ul>\n\n\t\t<\/div>\n\t<\/div>\n<\/div><\/div><\/div><\/div><div class=\"vc_row wpb_row vc_row-fluid vc_row-\"><div class=\"wpb_column vc_column_container vc_col-sm-6\"><div class=\"vc_column-inner \" style=\"  \"><div class=\"wpb_wrapper\">\n\t<div  class=\"wpb_single_image wpb_content_element vc_align_left\">\n\t\t\n\t\t<figure class=\"wpb_wrapper vc_figure\">\n\t\t\t<div class=\"vc_single_image-wrapper   vc_box_border_grey\"><img loading=\"lazy\" decoding=\"async\" class=\"vc_single_image-img \" src=\"https:\/\/www.gdanskairporttaxi.pl\/wp-content\/uploads\/2020\/01\/81772871_805210586611449_1002826459334574080_n-600x420.jpg\" width=\"600\" height=\"420\" alt=\"81772871_805210586611449_1002826459334574080_n\" title=\"81772871_805210586611449_1002826459334574080_n\" \/><\/div>\n\t\t<\/figure>\n\t<\/div>\n<\/div><\/div><\/div><div class=\"wpb_column vc_column_container vc_col-sm-6\"><div class=\"vc_column-inner \" style=\"  \"><div class=\"wpb_wrapper\">\n\t<div  class=\"wpb_single_image wpb_content_element vc_align_left\">\n\t\t\n\t\t<figure class=\"wpb_wrapper vc_figure\">\n\t\t\t<div class=\"vc_single_image-wrapper   vc_box_border_grey\"><img loading=\"lazy\" decoding=\"async\" class=\"vc_single_image-img \" src=\"https:\/\/www.gdanskairporttaxi.pl\/wp-content\/uploads\/2020\/01\/82193797_595582077859333_4743721258795925504_n-600x420.jpg\" width=\"600\" height=\"420\" alt=\"82193797_595582077859333_4743721258795925504_n\" title=\"82193797_595582077859333_4743721258795925504_n\" \/><\/div>\n\t\t<\/figure>\n\t<\/div>\n<\/div><\/div><\/div><\/div>\n","protected":false},"excerpt":{"rendered":"Idealny wiecz\u00f3r Kawalerski \/ Panie\u0144ski Sp\u0119d\u017a wyj\u0105tkowy wiecz\u00f3r Panie\u0144ski lub Kawalerski z nami! Events&amp;by night Szalone panie\u0144skie lub kawalerskie to r\u00f3wnie\u017c klub muzyczny w kt\u00f3rym obowi\u0105zuje selekcja.Ekskluzywny klub go go w samym sercu Gda\u0144ska, Sopotu lub w Rosji czy na Ukrainie. Dla naszych klient\u00f3w bezp\u0142atne wej\u015bci\u00f3wki, wygodna lo\u017ca, VIP room lub open bar.Mo\u017cliwa pe\u0142na kontrola [...]","protected":false},"author":2,"featured_media":0,"parent":0,"menu_order":0,"comment_status":"closed","ping_status":"closed","template":"template-landing.php","meta":{"_acf_changed":false,"footnotes":""},"class_list":["post-10563","page","type-page","status-publish","hentry"],"acf":[],"aioseo_notices":[],"_links":{"self":[{"href":"https:\/\/www.gdanskairporttaxi.pl\/pl\/wp-json\/wp\/v2\/pages\/10563","targetHints":{"allow":["GET"]}}],"collection":[{"href":"https:\/\/www.gdanskairporttaxi.pl\/pl\/wp-json\/wp\/v2\/pages"}],"about":[{"href":"https:\/\/www.gdanskairporttaxi.pl\/pl\/wp-json\/wp\/v2\/types\/page"}],"author":[{"embeddable":true,"href":"https:\/\/www.gdanskairporttaxi.pl\/pl\/wp-json\/wp\/v2\/users\/2"}],"replies":[{"embeddable":true,"href":"https:\/\/www.gdanskairporttaxi.pl\/pl\/wp-json\/wp\/v2\/comments?post=10563"}],"version-history":[{"count":23,"href":"https:\/\/www.gdanskairporttaxi.pl\/pl\/wp-json\/wp\/v2\/pages\/10563\/revisions"}],"predecessor-version":[{"id":11340,"href":"https:\/\/www.gdanskairporttaxi.pl\/pl\/wp-json\/wp\/v2\/pages\/10563\/revisions\/11340"}],"wp:attachment":[{"href":"https:\/\/www.gdanskairporttaxi.pl\/pl\/wp-json\/wp\/v2\/media?parent=10563"}],"curies":[{"name":"wp","href":"https:\/\/api.w.org\/{rel}","templated":true}]}}