{"id":10865,"date":"2020-01-04T01:12:17","date_gmt":"2020-01-04T00:12:17","guid":{"rendered":"https:\/\/www.gdanskairporttaxi.pl\/?page_id=10865"},"modified":"2020-01-28T12:24:51","modified_gmt":"2020-01-28T11:24:51","slug":"przewodnicy","status":"publish","type":"page","link":"https:\/\/www.gdanskairporttaxi.pl\/pl\/przewodnicy\/","title":{"rendered":"Przewodnicy"},"content":{"rendered":"<div class=\"vc_row wpb_row vc_row-fluid vc_row-\"><div class=\"wpb_column vc_column_container vc_col-sm-12\"><div class=\"vc_column-inner \" style=\"  \"><div class=\"wpb_wrapper\">\n\t<div  class=\"wpb_single_image wpb_content_element vc_align_center\">\n\t\t\n\t\t<figure class=\"wpb_wrapper vc_figure\">\n\t\t\t<div class=\"vc_single_image-wrapper   vc_box_border_grey\"><img loading=\"lazy\" decoding=\"async\" data-vc-zoom=\"https:\/\/www.gdanskairporttaxi.pl\/wp-content\/uploads\/2020\/01\/map-4152197_1920-1024x680.jpg\" class=\"vc_single_image-img \" src=\"https:\/\/www.gdanskairporttaxi.pl\/wp-content\/uploads\/2020\/01\/map-4152197_1920-scaled-1800x450.jpg\" width=\"1800\" height=\"450\" alt=\"map-4152197_1920\" title=\"map-4152197_1920\" \/><\/div>\n\t\t<\/figure>\n\t<\/div>\n<\/div><\/div><\/div><\/div><div class=\"vc_row wpb_row vc_row-fluid vc_custom_1553584211775 vc_row-5c99cd717f62c vc_row-o-equal-height vc_row-o-content-middle vc_row-flex\"><div class=\"wpb_column vc_column_container vc_col-sm-6\"><div class=\"vc_column-inner \" style=\"  \"><div class=\"wpb_wrapper\">\n\t<div  class=\"wpb_single_image wpb_content_element vc_align_left\">\n\t\t\n\t\t<figure class=\"wpb_wrapper vc_figure\">\n\t\t\t<div class=\"vc_single_image-wrapper   vc_box_border_grey\"><img loading=\"lazy\" decoding=\"async\" class=\"vc_single_image-img \" src=\"https:\/\/www.gdanskairporttaxi.pl\/wp-content\/uploads\/2019\/11\/LAN7663-min_Easy-Resize.com_-600x420.jpg\" width=\"600\" height=\"420\" alt=\"_LAN7663-min_Easy-Resize.com\" title=\"_LAN7663-min_Easy-Resize.com\" \/><\/div>\n\t\t<\/figure>\n\t<\/div>\n<\/div><\/div><\/div><div class=\"wpb_column vc_column_container vc_col-sm-6\"><div class=\"vc_column-inner \" style=\"  \"><div class=\"wpb_wrapper\">      <div class=\"heading-block heading-5c99cd7d59d6e tal h-h5\">\n                  <div class=\"sub-h\">Przewodnicy oraz Kierowcy<\/div>\n                  <h5 class=\"h\">Nasi Kierowcy s\u0105 Angloj\u0119zyczni<\/h5>\n              <\/div>\n    \n\t<div class=\"wpb_text_column wpb_content_element \" >\n\t\t<div class=\"wpb_wrapper\">\n\t\t\t<p style=\"font-family: 'Fira Sans'; color: #9b9b9b; font-weight: 300;\">Wszyscy nasi kierowcy s\u0105 angloj\u0119zyczni,opcjonalnie rosyjski i niemiecki. Kierowca towarzyszy Pa\u0144stwu ju\u017c na przywitanie w hali przylotow na lotnisku lub przed hotelem, apartamentem i dost\u0119pny jest podczas ca\u0142ego pobytu lub wycieczki zupe\u0142nie bezplatnie. Za dodatkow\u0105 op\u0142at\u0105 , kt\u00f3ra ustalana jest indywidualnie dost\u0119pni s\u0105 licencjonowani przewodnicy , a tak\u017ce t\u0142umacze prawie we wszystkich j\u0119zykach na ka\u017cd\u0105 okazj\u0119)<\/p>\n\n\t\t<\/div>\n\t<\/div>\n<div class=\"vc_row wpb_row vc_inner vc_row-fluid\" style=\"  \"><div class=\"wpb_column vc_column_container vc_col-sm-4\"><div class=\"vc_column-inner\"><div class=\"wpb_wrapper\">\n\t<div  class=\"wpb_single_image wpb_content_element vc_align_center\">\n\t\t\n\t\t<figure class=\"wpb_wrapper vc_figure\">\n\t\t\t<div class=\"vc_single_image-wrapper   vc_box_border_grey\"><img loading=\"lazy\" decoding=\"async\" width=\"150\" height=\"150\" src=\"https:\/\/www.gdanskairporttaxi.pl\/wp-content\/uploads\/2020\/01\/russia-1-150x150.png\" class=\"vc_single_image-img attachment-thumbnail\" alt=\"\" srcset=\"https:\/\/www.gdanskairporttaxi.pl\/wp-content\/uploads\/2020\/01\/russia-1-150x150.png 150w, https:\/\/www.gdanskairporttaxi.pl\/wp-content\/uploads\/2020\/01\/russia-1-300x300.png 300w, https:\/\/www.gdanskairporttaxi.pl\/wp-content\/uploads\/2020\/01\/russia-1-100x100.png 100w, https:\/\/www.gdanskairporttaxi.pl\/wp-content\/uploads\/2020\/01\/russia-1-306x306.png 306w, https:\/\/www.gdanskairporttaxi.pl\/wp-content\/uploads\/2020\/01\/russia-1.png 512w\" sizes=\"auto, (max-width: 150px) 100vw, 150px\" \/><\/div>\n\t\t<\/figure>\n\t<\/div>\n<\/div><\/div><\/div><div class=\"wpb_column vc_column_container vc_col-sm-4\"><div class=\"vc_column-inner\"><div class=\"wpb_wrapper\">\n\t<div  class=\"wpb_single_image wpb_content_element vc_align_left\">\n\t\t\n\t\t<figure class=\"wpb_wrapper vc_figure\">\n\t\t\t<div class=\"vc_single_image-wrapper   vc_box_border_grey\"><img loading=\"lazy\" decoding=\"async\" width=\"150\" height=\"150\" src=\"https:\/\/www.gdanskairporttaxi.pl\/wp-content\/uploads\/2020\/01\/unnamed-150x150.png\" class=\"vc_single_image-img attachment-thumbnail\" alt=\"\" srcset=\"https:\/\/www.gdanskairporttaxi.pl\/wp-content\/uploads\/2020\/01\/unnamed-150x150.png 150w, https:\/\/www.gdanskairporttaxi.pl\/wp-content\/uploads\/2020\/01\/unnamed-300x300.png 300w, https:\/\/www.gdanskairporttaxi.pl\/wp-content\/uploads\/2020\/01\/unnamed-100x100.png 100w, https:\/\/www.gdanskairporttaxi.pl\/wp-content\/uploads\/2020\/01\/unnamed-306x306.png 306w, https:\/\/www.gdanskairporttaxi.pl\/wp-content\/uploads\/2020\/01\/unnamed.png 512w\" sizes=\"auto, (max-width: 150px) 100vw, 150px\" \/><\/div>\n\t\t<\/figure>\n\t<\/div>\n<\/div><\/div><\/div><div class=\"wpb_column vc_column_container vc_col-sm-4\"><div class=\"vc_column-inner\"><div class=\"wpb_wrapper\">\n\t<div  class=\"wpb_single_image wpb_content_element vc_align_left\">\n\t\t\n\t\t<figure class=\"wpb_wrapper vc_figure\">\n\t\t\t<div class=\"vc_single_image-wrapper   vc_box_border_grey\"><img loading=\"lazy\" decoding=\"async\" width=\"150\" height=\"150\" src=\"https:\/\/www.gdanskairporttaxi.pl\/wp-content\/uploads\/2020\/01\/spain-150x150.png\" class=\"vc_single_image-img attachment-thumbnail\" alt=\"\" srcset=\"https:\/\/www.gdanskairporttaxi.pl\/wp-content\/uploads\/2020\/01\/spain-150x150.png 150w, https:\/\/www.gdanskairporttaxi.pl\/wp-content\/uploads\/2020\/01\/spain-300x300.png 300w, https:\/\/www.gdanskairporttaxi.pl\/wp-content\/uploads\/2020\/01\/spain-100x100.png 100w, https:\/\/www.gdanskairporttaxi.pl\/wp-content\/uploads\/2020\/01\/spain-306x306.png 306w, https:\/\/www.gdanskairporttaxi.pl\/wp-content\/uploads\/2020\/01\/spain.png 512w\" sizes=\"auto, (max-width: 150px) 100vw, 150px\" \/><\/div>\n\t\t<\/figure>\n\t<\/div>\n<\/div><\/div><\/div><\/div><\/div><\/div><\/div><\/div>\n","protected":false},"excerpt":{"rendered":"Przewodnicy oraz Kierowcy Nasi Kierowcy s\u0105 Angloj\u0119zyczni Wszyscy nasi kierowcy s\u0105 angloj\u0119zyczni,opcjonalnie rosyjski i niemiecki. Kierowca towarzyszy Pa\u0144stwu ju\u017c na przywitanie w hali przylotow na lotnisku lub przed hotelem, apartamentem i dost\u0119pny jest podczas ca\u0142ego pobytu lub wycieczki zupe\u0142nie bezplatnie. Za dodatkow\u0105 op\u0142at\u0105 , kt\u00f3ra ustalana jest indywidualnie dost\u0119pni s\u0105 licencjonowani przewodnicy , a tak\u017ce [...]","protected":false},"author":2,"featured_media":10881,"parent":0,"menu_order":0,"comment_status":"closed","ping_status":"closed","template":"template-landing.php","meta":{"_acf_changed":false,"footnotes":""},"class_list":["post-10865","page","type-page","status-publish","has-post-thumbnail","hentry"],"acf":[],"aioseo_notices":[],"_links":{"self":[{"href":"https:\/\/www.gdanskairporttaxi.pl\/pl\/wp-json\/wp\/v2\/pages\/10865","targetHints":{"allow":["GET"]}}],"collection":[{"href":"https:\/\/www.gdanskairporttaxi.pl\/pl\/wp-json\/wp\/v2\/pages"}],"about":[{"href":"https:\/\/www.gdanskairporttaxi.pl\/pl\/wp-json\/wp\/v2\/types\/page"}],"author":[{"embeddable":true,"href":"https:\/\/www.gdanskairporttaxi.pl\/pl\/wp-json\/wp\/v2\/users\/2"}],"replies":[{"embeddable":true,"href":"https:\/\/www.gdanskairporttaxi.pl\/pl\/wp-json\/wp\/v2\/comments?post=10865"}],"version-history":[{"count":12,"href":"https:\/\/www.gdanskairporttaxi.pl\/pl\/wp-json\/wp\/v2\/pages\/10865\/revisions"}],"predecessor-version":[{"id":11286,"href":"https:\/\/www.gdanskairporttaxi.pl\/pl\/wp-json\/wp\/v2\/pages\/10865\/revisions\/11286"}],"wp:featuredmedia":[{"embeddable":true,"href":"https:\/\/www.gdanskairporttaxi.pl\/pl\/wp-json\/wp\/v2\/media\/10881"}],"wp:attachment":[{"href":"https:\/\/www.gdanskairporttaxi.pl\/pl\/wp-json\/wp\/v2\/media?parent=10865"}],"curies":[{"name":"wp","href":"https:\/\/api.w.org\/{rel}","templated":true}]}}