{"id":10867,"date":"2020-01-04T01:13:17","date_gmt":"2020-01-04T00:13:17","guid":{"rendered":"https:\/\/www.gdanskairporttaxi.pl\/?page_id=10867"},"modified":"2020-04-28T20:16:12","modified_gmt":"2020-04-28T18:16:12","slug":"vip-uslugi","status":"publish","type":"page","link":"https:\/\/www.gdanskairporttaxi.pl\/pl\/vip-uslugi\/","title":{"rendered":"VIP Us\u0142ugi"},"content":{"rendered":"<div class=\"vc_row wpb_row vc_row-fluid vc_row-\"><div class=\"wpb_column vc_column_container vc_col-sm-12\"><div class=\"vc_column-inner \" style=\"  \"><div class=\"wpb_wrapper\">\n\t<div  class=\"wpb_single_image wpb_content_element vc_align_center\">\n\t\t\n\t\t<figure class=\"wpb_wrapper vc_figure\">\n\t\t\t<div class=\"vc_single_image-wrapper   vc_box_border_grey\"><img loading=\"lazy\" decoding=\"async\" class=\"vc_single_image-img \" src=\"https:\/\/www.gdanskairporttaxi.pl\/wp-content\/uploads\/2020\/01\/20191001_155229-scaled-1900x550.jpg\" width=\"1900\" height=\"550\" alt=\"20191001_155229\" title=\"20191001_155229\" \/><\/div>\n\t\t<\/figure>\n\t<\/div>\n<\/div><\/div><\/div><\/div><div class=\"vc_row wpb_row vc_row-fluid vc_custom_1553584211775 vc_row-5c99cd717f62c vc_row-o-equal-height vc_row-o-content-middle vc_row-flex\"><div class=\"wpb_column vc_column_container vc_col-sm-6\"><div class=\"vc_column-inner \" style=\"  \"><div class=\"wpb_wrapper\">\n\t<div  class=\"wpb_single_image wpb_content_element vc_align_left\">\n\t\t\n\t\t<figure class=\"wpb_wrapper vc_figure\">\n\t\t\t<div class=\"vc_single_image-wrapper   vc_box_border_grey\"><img loading=\"lazy\" decoding=\"async\" class=\"vc_single_image-img \" src=\"https:\/\/www.gdanskairporttaxi.pl\/wp-content\/uploads\/2019\/11\/LAN7773-scaled-600x480.jpg\" width=\"600\" height=\"480\" alt=\"_LAN7773\" title=\"_LAN7773\" \/><\/div>\n\t\t<\/figure>\n\t<\/div>\n<\/div><\/div><\/div><div class=\"wpb_column vc_column_container vc_col-sm-6\"><div class=\"vc_column-inner \" style=\"  \"><div class=\"wpb_wrapper\">      <div class=\"heading-block heading-5c99cd7d59d6e tal h-h5\">\n                  <div class=\"sub-h\">Przew\u00f3z Klient\u00f3w Biznesowych<\/div>\n                  <h5 class=\"h\">VIP Us\u0142ugi<\/h5>\n              <\/div>\n    \n\t<div class=\"wpb_text_column wpb_content_element \" >\n\t\t<div class=\"wpb_wrapper\">\n\t\t\t<p style=\"font-family: 'Fira Sans'; color: #9b9b9b; font-weight: 300;\">Dla klienta biznesowego lub indywidualnego przy zaanga\u017cowaniu i du\u017cym do\u015bwiadczeniu nasz service VIP shuttle to pe\u0142en profesjonalizm. Zaspokajamy potrzeby ka\u017cdego klienta. Obs\u0142ugujemy delegacje rz\u0105dowe i przew\u00f3z os\u00f3b najwa\u017cniejszych osobisto\u015bci. W razie potrzeby dysponujemy flot\u0105 nawet kilkunastu samochod\u00f3w tej samej marki Mercedes i koloru czarnego. Bestseller w Gda\u0144sku- Mercedes V. Samoch\u00f3d o podwy\u017cszonym standardzie , klasy Premium +, wysoka kultura osobista kierowcy , elegancki ubi\u00f3r i dyskrecja to nasz priorytet dla wynajmu aut z kierowc\u0105. Nasz personel anglojezyczny zapewnia wzorow\u0105 obs\u0142ug\u0119, komfort podr\u00f3\u017cy oraz bezpiecze\u0144stwo fizyczne i psychiczne. Mo\u017cliwa ochrona osobista i wiele wi\u0119cej do ustalenia indywidualnego.<\/p>\n\n\t\t<\/div>\n\t<\/div>\n<div class=\"vc_btn3-container vc_btn3-center\" ><a class=\"vc_general vc_btn3 vc_btn3-size-lg vc_btn3-shape-rounded vc_btn3-style-modern vc_btn3-color-juicy-pink\" href=\"https:\/\/www.gdanskairporttaxi.pl\/zamow-taxi\/\" title=\"Zam\u00f3w transfer Taxi\" target=\"_blank\">Zam\u00f3w transfer Taxi<\/a><\/div><\/div><\/div><\/div><\/div>\n","protected":false},"excerpt":{"rendered":"Przew\u00f3z Klient\u00f3w Biznesowych VIP Us\u0142ugi Dla klienta biznesowego lub indywidualnego przy zaanga\u017cowaniu i du\u017cym do\u015bwiadczeniu nasz service VIP shuttle to pe\u0142en profesjonalizm. Zaspokajamy potrzeby ka\u017cdego klienta. Obs\u0142ugujemy delegacje rz\u0105dowe i przew\u00f3z os\u00f3b najwa\u017cniejszych osobisto\u015bci. W razie potrzeby dysponujemy flot\u0105 nawet kilkunastu samochod\u00f3w tej samej marki Mercedes i koloru czarnego. Bestseller w Gda\u0144sku- Mercedes V. Samoch\u00f3d [...]","protected":false},"author":2,"featured_media":0,"parent":0,"menu_order":0,"comment_status":"closed","ping_status":"closed","template":"template-landing.php","meta":{"_acf_changed":false,"footnotes":""},"class_list":["post-10867","page","type-page","status-publish","hentry"],"acf":[],"aioseo_notices":[],"_links":{"self":[{"href":"https:\/\/www.gdanskairporttaxi.pl\/pl\/wp-json\/wp\/v2\/pages\/10867","targetHints":{"allow":["GET"]}}],"collection":[{"href":"https:\/\/www.gdanskairporttaxi.pl\/pl\/wp-json\/wp\/v2\/pages"}],"about":[{"href":"https:\/\/www.gdanskairporttaxi.pl\/pl\/wp-json\/wp\/v2\/types\/page"}],"author":[{"embeddable":true,"href":"https:\/\/www.gdanskairporttaxi.pl\/pl\/wp-json\/wp\/v2\/users\/2"}],"replies":[{"embeddable":true,"href":"https:\/\/www.gdanskairporttaxi.pl\/pl\/wp-json\/wp\/v2\/comments?post=10867"}],"version-history":[{"count":13,"href":"https:\/\/www.gdanskairporttaxi.pl\/pl\/wp-json\/wp\/v2\/pages\/10867\/revisions"}],"predecessor-version":[{"id":11593,"href":"https:\/\/www.gdanskairporttaxi.pl\/pl\/wp-json\/wp\/v2\/pages\/10867\/revisions\/11593"}],"wp:attachment":[{"href":"https:\/\/www.gdanskairporttaxi.pl\/pl\/wp-json\/wp\/v2\/media?parent=10867"}],"curies":[{"name":"wp","href":"https:\/\/api.w.org\/{rel}","templated":true}]}}