{"id":10869,"date":"2020-01-04T01:13:33","date_gmt":"2020-01-04T00:13:33","guid":{"rendered":"https:\/\/www.gdanskairporttaxi.pl\/?page_id=10869"},"modified":"2020-01-29T23:34:30","modified_gmt":"2020-01-29T22:34:30","slug":"dla-partnerow","status":"publish","type":"page","link":"https:\/\/www.gdanskairporttaxi.pl\/pl\/dla-partnerow\/","title":{"rendered":"Dla Partner\u00f3w"},"content":{"rendered":"<div class=\"vc_row wpb_row vc_row-fluid vc_row-\"><div class=\"wpb_column vc_column_container vc_col-sm-12\"><div class=\"vc_column-inner \" style=\"  \"><div class=\"wpb_wrapper\">\n\t<div  class=\"wpb_single_image wpb_content_element vc_align_center\">\n\t\t\n\t\t<figure class=\"wpb_wrapper vc_figure\">\n\t\t\t<div class=\"vc_single_image-wrapper   vc_box_border_grey\"><img loading=\"lazy\" decoding=\"async\" class=\"vc_single_image-img \" src=\"https:\/\/www.gdanskairporttaxi.pl\/wp-content\/uploads\/2020\/01\/hunters-race-MYbhN8KaaEc-unsplash-scaled-1800x450.jpg\" width=\"1800\" height=\"450\" alt=\"hunters-race-MYbhN8KaaEc-unsplash\" title=\"hunters-race-MYbhN8KaaEc-unsplash\" \/><\/div>\n\t\t<\/figure>\n\t<\/div>\n      <div class=\"heading-block heading-5e2cd358929d5 tac h-h2\">\n                  <div class=\"sub-h\">Zosta\u0144 Partnerem Taxi Gda\u0144sk<\/div>\n                  <h2 class=\"h\">Dla Partner\u00f3w<\/h2>\n              <\/div>\n    <\/div><\/div><\/div><\/div><div class=\"vc_row wpb_row vc_row-fluid vc_row-\"><div class=\"wpb_column vc_column_container vc_col-sm-6\"><div class=\"vc_column-inner \" style=\"  \"><div class=\"wpb_wrapper\"><div class=\"vc_empty_space\"   style=\"height: 32px\"><span class=\"vc_empty_space_inner\"><\/span><\/div>\n\t<div class=\"wpb_text_column wpb_content_element \" >\n\t\t<div class=\"wpb_wrapper\">\n\t\t\t<p style=\"text-align: center;\"><strong>Prowadzisz hotel lub inny obiekt rekreacyjny?<\/strong><br \/>\n<strong>Zosta\u0144 naszym partnerem, dzieki kt\u00f3remu zdob\u0119dziesz nowych klient\u00f3w i dodatkowy zastrzyk got\u00f3wki dla Twojej Firmy.<\/strong><br \/>\n<strong>Zapewniamy transport klient\u00f3w VIP oraz du\u017cych grup do 50 os\u00f3b. W swojej flocie posiadamy samochody marki Mercedes od osob\u00f3wki po autokar.<\/strong><\/p>\n\n\t\t<\/div>\n\t<\/div>\n\n\t<div  class=\"wpb_single_image wpb_content_element vc_align_center\">\n\t\t\n\t\t<figure class=\"wpb_wrapper vc_figure\">\n\t\t\t<div class=\"vc_single_image-wrapper   vc_box_border_grey\"><img loading=\"lazy\" decoding=\"async\" class=\"vc_single_image-img \" src=\"https:\/\/www.gdanskairporttaxi.pl\/wp-content\/uploads\/2019\/11\/IMG_9437-min_Easy-Resize.com_-600x400.jpg\" width=\"600\" height=\"400\" alt=\"IMG_9437-min_Easy-Resize.com\" title=\"IMG_9437-min_Easy-Resize.com\" \/><\/div>\n\t\t<\/figure>\n\t<\/div>\n<\/div><\/div><\/div><div class=\"wpb_column vc_column_container vc_col-sm-6\"><div class=\"vc_column-inner \" style=\"  \"><div class=\"wpb_wrapper\">\n<div class=\"wpcf7 no-js\" id=\"wpcf7-f5-o1\" lang=\"ru-RU\" dir=\"ltr\">\n<div class=\"screen-reader-response\"><p role=\"status\" aria-live=\"polite\" aria-atomic=\"true\"><\/p> <ul><\/ul><\/div>\n<form action=\"\/pl\/wp-json\/wp\/v2\/pages\/10869#wpcf7-f5-o1\" method=\"post\" class=\"wpcf7-form init\" aria-label=\"Formularz kontaktowy\" novalidate=\"novalidate\" data-status=\"init\">\n<div style=\"display: none;\">\n<input type=\"hidden\" name=\"_wpcf7\" value=\"5\" \/>\n<input type=\"hidden\" name=\"_wpcf7_version\" value=\"5.8.6\" \/>\n<input type=\"hidden\" name=\"_wpcf7_locale\" value=\"ru_RU\" \/>\n<input type=\"hidden\" name=\"_wpcf7_unit_tag\" value=\"wpcf7-f5-o1\" \/>\n<input type=\"hidden\" name=\"_wpcf7_container_post\" value=\"0\" \/>\n<input type=\"hidden\" name=\"_wpcf7_posted_data_hash\" value=\"\" \/>\n<\/div>\n<div class=\"contact-form\">\n    <div class=\"input-row\"><span class=\"wpcf7-form-control-wrap\" data-name=\"f-name\"><input size=\"40\" class=\"wpcf7-form-control wpcf7-text style1\" aria-invalid=\"false\" placeholder=\"Imi\u0119 i Nazwisko\" value=\"\" type=\"text\" name=\"f-name\" \/><\/span><\/div>\n    <div class=\"input-row\"><span class=\"wpcf7-form-control-wrap\" data-name=\"email\"><input size=\"40\" class=\"wpcf7-form-control wpcf7-text style1\" aria-invalid=\"false\" placeholder=\"E-mail\" value=\"\" type=\"text\" name=\"email\" \/><\/span><\/div>\n    <div class=\"input-row\"><span class=\"wpcf7-form-control-wrap\" data-name=\"subject\"><input size=\"40\" class=\"wpcf7-form-control wpcf7-text style1\" aria-invalid=\"false\" placeholder=\"Temat Wiadomo\u015bci\" value=\"\" type=\"text\" name=\"subject\" \/><\/span><\/div>\n    <div class=\"input-row\"><label>Wiadomo\u015b\u0107<\/label><span class=\"wpcf7-form-control-wrap\" data-name=\"message\"><textarea cols=\"40\" rows=\"6\" class=\"wpcf7-form-control wpcf7-textarea style1\" aria-invalid=\"false\" name=\"message\"><\/textarea><\/span><\/div><button class=\"button-style1\"\n        type=\"submit\"><span class=\"d\"><span><\/span><\/span><span>Wy\u015blij<\/span><\/button>\n<\/div>\n<br>\n[anr_nocaptcha g-recaptcha-response]<div class=\"wpcf7-response-output\" aria-hidden=\"true\"><\/div>\n<\/form>\n<\/div>\n<\/div><\/div><\/div><\/div><div class=\"vc_row wpb_row vc_row-fluid vc_row-\"><div class=\"wpb_column vc_column_container vc_col-sm-12\"><div class=\"vc_column-inner \" style=\"  \"><div class=\"wpb_wrapper\"><div class=\"vc_empty_space\"   style=\"height: 32px\"><span class=\"vc_empty_space_inner\"><\/span><\/div><\/div><\/div><\/div><\/div>\n","protected":false},"excerpt":{"rendered":"Zosta\u0144 Partnerem Taxi Gda\u0144sk Dla Partner\u00f3w Prowadzisz hotel lub inny obiekt rekreacyjny? Zosta\u0144 naszym partnerem, dzieki kt\u00f3remu zdob\u0119dziesz nowych klient\u00f3w i dodatkowy zastrzyk got\u00f3wki dla Twojej Firmy. Zapewniamy transport klient\u00f3w VIP oraz du\u017cych grup do 50 os\u00f3b. W swojej flocie posiadamy samochody marki Mercedes od osob\u00f3wki po autokar. Wiadomo\u015b\u0107Wy\u015blij [anr_nocaptcha g-recaptcha-response]","protected":false},"author":2,"featured_media":0,"parent":0,"menu_order":0,"comment_status":"closed","ping_status":"closed","template":"template-landing.php","meta":{"_acf_changed":false,"footnotes":""},"class_list":["post-10869","page","type-page","status-publish","hentry"],"acf":[],"aioseo_notices":[],"_links":{"self":[{"href":"https:\/\/www.gdanskairporttaxi.pl\/pl\/wp-json\/wp\/v2\/pages\/10869","targetHints":{"allow":["GET"]}}],"collection":[{"href":"https:\/\/www.gdanskairporttaxi.pl\/pl\/wp-json\/wp\/v2\/pages"}],"about":[{"href":"https:\/\/www.gdanskairporttaxi.pl\/pl\/wp-json\/wp\/v2\/types\/page"}],"author":[{"embeddable":true,"href":"https:\/\/www.gdanskairporttaxi.pl\/pl\/wp-json\/wp\/v2\/users\/2"}],"replies":[{"embeddable":true,"href":"https:\/\/www.gdanskairporttaxi.pl\/pl\/wp-json\/wp\/v2\/comments?post=10869"}],"version-history":[{"count":13,"href":"https:\/\/www.gdanskairporttaxi.pl\/pl\/wp-json\/wp\/v2\/pages\/10869\/revisions"}],"predecessor-version":[{"id":11358,"href":"https:\/\/www.gdanskairporttaxi.pl\/pl\/wp-json\/wp\/v2\/pages\/10869\/revisions\/11358"}],"wp:attachment":[{"href":"https:\/\/www.gdanskairporttaxi.pl\/pl\/wp-json\/wp\/v2\/media?parent=10869"}],"curies":[{"name":"wp","href":"https:\/\/api.w.org\/{rel}","templated":true}]}}