{"id":10871,"date":"2020-01-04T01:13:45","date_gmt":"2020-01-04T00:13:45","guid":{"rendered":"https:\/\/www.gdanskairporttaxi.pl\/?page_id=10871"},"modified":"2020-01-30T00:27:22","modified_gmt":"2020-01-29T23:27:22","slug":"praca","status":"publish","type":"page","link":"https:\/\/www.gdanskairporttaxi.pl\/pl\/praca\/","title":{"rendered":"Praca"},"content":{"rendered":"<div class=\"vc_row wpb_row vc_row-fluid vc_row-\"><div class=\"wpb_column vc_column_container vc_col-sm-12\"><div class=\"vc_column-inner \" style=\"  \"><div class=\"wpb_wrapper\">\n\t<div  class=\"wpb_single_image wpb_content_element vc_align_center\">\n\t\t\n\t\t<figure class=\"wpb_wrapper vc_figure\">\n\t\t\t<div class=\"vc_single_image-wrapper   vc_box_border_grey\"><img loading=\"lazy\" decoding=\"async\" class=\"vc_single_image-img \" src=\"https:\/\/www.gdanskairporttaxi.pl\/wp-content\/uploads\/2020\/01\/nino-ubezio-FAJnN4BSazs-unsplash-scaled-1800x550.jpg\" width=\"1800\" height=\"550\" alt=\"Praca Kierowca Taxi Tr\u00f3jmiasto\" title=\"nino-ubezio-FAJnN4BSazs-unsplash\" \/><\/div>\n\t\t<\/figure>\n\t<\/div>\n<div class=\"vc_row wpb_row vc_inner vc_row-fluid vc_column-gap-20\" style=\"  \"><\/div>      <div class=\"heading-block heading-5e2cc0a22fbbc tac h-h2\">\n                  <div class=\"sub-h\">Vip Taxi - Transfer z lotniska Gda\u0144sk<\/div>\n                  <h2 class=\"h\">Praca jako kierowca Taxi Gda\u0144sk<\/h2>\n              <\/div>\n    <\/div><\/div><\/div><\/div><div class=\"vc_row wpb_row vc_row-fluid vc_row-\"><div class=\"wpb_column vc_column_container vc_col-sm-12\"><div class=\"vc_column-inner \" style=\"  \"><div class=\"wpb_wrapper\"><div class=\"vc_row wpb_row vc_inner vc_row-fluid vc_column-gap-20\" style=\"  \"><\/div><\/div><\/div><\/div><\/div><div class=\"vc_row wpb_row vc_row-fluid vc_row-\"><div class=\"wpb_column vc_column_container vc_col-sm-6\"><div class=\"vc_column-inner \" style=\"  \"><div class=\"wpb_wrapper\">\n\t<div class=\"wpb_text_column wpb_content_element \" >\n\t\t<div class=\"wpb_wrapper\">\n\t\t\t<p><strong>Znasz doskonale Tr\u00f3jmiasto i posiadasz do\u015bwiadczenie w obs\u0142udze ruchu Turystycznego?<\/strong><br \/>\n<strong>Mamy dla Ciebie \u015bwietn\u0105 ofert\u0119 pracy biurowej!<\/strong><br \/>\n<strong>Chcesz pozna\u0107 wi\u0119cej szczeg\u00f3\u0142\u00f3w &#8211; Skontaktuj si\u0119 z nami ju\u017c dzi\u015b!<\/strong><\/p>\n<p><strong>Posiadasz prawo jazdy, wysok\u0105 kultur\u0119 osobist\u0105, znasz dobrze topografi\u0119 Tr\u00f3jmiasta oraz biegle pos\u0142ugujesz si\u0119 j\u0119zykiem angielskim? Czeka na Ciebie stanowisko zwodowego kierowcy taxi!<\/strong><\/p>\n\n\t\t<\/div>\n\t<\/div>\n\n\t<div  class=\"wpb_single_image wpb_content_element vc_align_center\">\n\t\t\n\t\t<figure class=\"wpb_wrapper vc_figure\">\n\t\t\t<div class=\"vc_single_image-wrapper   vc_box_border_grey\"><img loading=\"lazy\" decoding=\"async\" class=\"vc_single_image-img \" src=\"https:\/\/www.gdanskairporttaxi.pl\/wp-content\/uploads\/2020\/01\/82603672_2773991359383196_5638521654184247296_n-650x500.jpg\" width=\"650\" height=\"500\" alt=\"82603672_2773991359383196_5638521654184247296_n\" title=\"82603672_2773991359383196_5638521654184247296_n\" \/><\/div>\n\t\t<\/figure>\n\t<\/div>\n<\/div><\/div><\/div><div class=\"wpb_column vc_column_container vc_col-sm-6\"><div class=\"vc_column-inner \" style=\"  \"><div class=\"wpb_wrapper\">\n<div class=\"wpcf7 no-js\" id=\"wpcf7-f5-o1\" lang=\"ru-RU\" dir=\"ltr\">\n<div class=\"screen-reader-response\"><p role=\"status\" aria-live=\"polite\" aria-atomic=\"true\"><\/p> <ul><\/ul><\/div>\n<form action=\"\/pl\/wp-json\/wp\/v2\/pages\/10871#wpcf7-f5-o1\" method=\"post\" class=\"wpcf7-form init\" aria-label=\"Formularz kontaktowy\" novalidate=\"novalidate\" data-status=\"init\">\n<div style=\"display: none;\">\n<input type=\"hidden\" name=\"_wpcf7\" value=\"5\" \/>\n<input type=\"hidden\" name=\"_wpcf7_version\" value=\"5.8.6\" \/>\n<input type=\"hidden\" name=\"_wpcf7_locale\" value=\"ru_RU\" \/>\n<input type=\"hidden\" name=\"_wpcf7_unit_tag\" value=\"wpcf7-f5-o1\" \/>\n<input type=\"hidden\" name=\"_wpcf7_container_post\" value=\"0\" \/>\n<input type=\"hidden\" name=\"_wpcf7_posted_data_hash\" value=\"\" \/>\n<\/div>\n<div class=\"contact-form\">\n    <div class=\"input-row\"><span class=\"wpcf7-form-control-wrap\" data-name=\"f-name\"><input size=\"40\" class=\"wpcf7-form-control wpcf7-text style1\" aria-invalid=\"false\" placeholder=\"Imi\u0119 i Nazwisko\" value=\"\" type=\"text\" name=\"f-name\" \/><\/span><\/div>\n    <div class=\"input-row\"><span class=\"wpcf7-form-control-wrap\" data-name=\"email\"><input size=\"40\" class=\"wpcf7-form-control wpcf7-text style1\" aria-invalid=\"false\" placeholder=\"E-mail\" value=\"\" type=\"text\" name=\"email\" \/><\/span><\/div>\n    <div class=\"input-row\"><span class=\"wpcf7-form-control-wrap\" data-name=\"subject\"><input size=\"40\" class=\"wpcf7-form-control wpcf7-text style1\" aria-invalid=\"false\" placeholder=\"Temat Wiadomo\u015bci\" value=\"\" type=\"text\" name=\"subject\" \/><\/span><\/div>\n    <div class=\"input-row\"><label>Wiadomo\u015b\u0107<\/label><span class=\"wpcf7-form-control-wrap\" data-name=\"message\"><textarea cols=\"40\" rows=\"6\" class=\"wpcf7-form-control wpcf7-textarea style1\" aria-invalid=\"false\" name=\"message\"><\/textarea><\/span><\/div><button class=\"button-style1\"\n        type=\"submit\"><span class=\"d\"><span><\/span><\/span><span>Wy\u015blij<\/span><\/button>\n<\/div>\n<br>\n[anr_nocaptcha g-recaptcha-response]<div class=\"wpcf7-response-output\" aria-hidden=\"true\"><\/div>\n<\/form>\n<\/div>\n<\/div><\/div><\/div><\/div><div class=\"vc_row wpb_row vc_row-fluid vc_row-\"><div class=\"wpb_column vc_column_container vc_col-sm-12\"><div class=\"vc_column-inner \" style=\"  \"><div class=\"wpb_wrapper\"><div class=\"vc_empty_space\"   style=\"height: 32px\"><span class=\"vc_empty_space_inner\"><\/span><\/div><\/div><\/div><\/div><\/div>\n","protected":false},"excerpt":{"rendered":"Vip Taxi - Transfer z lotniska Gda\u0144sk Praca jako kierowca Taxi Gda\u0144sk Znasz doskonale Tr\u00f3jmiasto i posiadasz do\u015bwiadczenie w obs\u0142udze ruchu Turystycznego? Mamy dla Ciebie \u015bwietn\u0105 ofert\u0119 pracy biurowej! Chcesz pozna\u0107 wi\u0119cej szczeg\u00f3\u0142\u00f3w - Skontaktuj si\u0119 z nami ju\u017c dzi\u015b! Posiadasz prawo jazdy, wysok\u0105 kultur\u0119 osobist\u0105, znasz dobrze topografi\u0119 Tr\u00f3jmiasta oraz biegle pos\u0142ugujesz si\u0119 j\u0119zykiem [...]","protected":false},"author":2,"featured_media":0,"parent":0,"menu_order":0,"comment_status":"closed","ping_status":"closed","template":"template-landing.php","meta":{"_acf_changed":false,"footnotes":""},"class_list":["post-10871","page","type-page","status-publish","hentry"],"acf":[],"aioseo_notices":[],"_links":{"self":[{"href":"https:\/\/www.gdanskairporttaxi.pl\/pl\/wp-json\/wp\/v2\/pages\/10871","targetHints":{"allow":["GET"]}}],"collection":[{"href":"https:\/\/www.gdanskairporttaxi.pl\/pl\/wp-json\/wp\/v2\/pages"}],"about":[{"href":"https:\/\/www.gdanskairporttaxi.pl\/pl\/wp-json\/wp\/v2\/types\/page"}],"author":[{"embeddable":true,"href":"https:\/\/www.gdanskairporttaxi.pl\/pl\/wp-json\/wp\/v2\/users\/2"}],"replies":[{"embeddable":true,"href":"https:\/\/www.gdanskairporttaxi.pl\/pl\/wp-json\/wp\/v2\/comments?post=10871"}],"version-history":[{"count":10,"href":"https:\/\/www.gdanskairporttaxi.pl\/pl\/wp-json\/wp\/v2\/pages\/10871\/revisions"}],"predecessor-version":[{"id":11366,"href":"https:\/\/www.gdanskairporttaxi.pl\/pl\/wp-json\/wp\/v2\/pages\/10871\/revisions\/11366"}],"wp:attachment":[{"href":"https:\/\/www.gdanskairporttaxi.pl\/pl\/wp-json\/wp\/v2\/media?parent=10871"}],"curies":[{"name":"wp","href":"https:\/\/api.w.org\/{rel}","templated":true}]}}