{"id":11323,"date":"2020-01-28T19:46:17","date_gmt":"2020-01-28T18:46:17","guid":{"rendered":"https:\/\/www.gdanskairporttaxi.pl\/?page_id=11323"},"modified":"2020-01-28T20:14:55","modified_gmt":"2020-01-28T19:14:55","slug":"transport-z-lotniska-do-gdyni-sopotu-gdanska","status":"publish","type":"page","link":"https:\/\/www.gdanskairporttaxi.pl\/pl\/transport-z-lotniska-do-gdyni-sopotu-gdanska\/","title":{"rendered":"Transport z Lotniska do Gdyni Sopotu Gda\u0144ska"},"content":{"rendered":"<div class=\"vc_row wpb_row vc_row-fluid vc_row-\"><div class=\"wpb_column vc_column_container vc_col-sm-12\"><div class=\"vc_column-inner \" style=\"  \"><div class=\"wpb_wrapper\">\n\t<div  class=\"wpb_single_image wpb_content_element vc_align_left\">\n\t\t\n\t\t<figure class=\"wpb_wrapper vc_figure\">\n\t\t\t<div class=\"vc_single_image-wrapper   vc_box_border_grey\"><img loading=\"lazy\" decoding=\"async\" class=\"vc_single_image-img \" src=\"https:\/\/www.gdanskairporttaxi.pl\/wp-content\/uploads\/2019\/11\/IMG_9437-min_Easy-Resize.com_-1900x450.jpg\" width=\"1900\" height=\"450\" alt=\"IMG_9437-min_Easy-Resize.com\" title=\"IMG_9437-min_Easy-Resize.com\" \/><\/div>\n\t\t<\/figure>\n\t<\/div>\n<div class=\"vc_row wpb_row vc_inner vc_row-fluid\" style=\"  \"><div class=\"wpb_column vc_column_container vc_col-sm-12\"><div class=\"vc_column-inner\"><div class=\"wpb_wrapper\">      <div class=\"heading-block heading-5e30866af7f90 tac h-h2\">\n                  <div class=\"sub-h\">Transport<\/div>\n                  <h2 class=\"h\">Transport z Lotniska GDN do Gda\u0144ska Sopotu lub Gdyni<\/h2>\n              <\/div>\n    <\/div><\/div><\/div><\/div>\n\t<div class=\"wpb_text_column wpb_content_element \" >\n\t\t<div class=\"wpb_wrapper\">\n\t\t\t<p><strong>Do tych z oznaczeniem GDN Transfer lotniskowy i przewozy os\u00f3b na lotnisko lub z lotniska w Gda\u0144sku ( GDN) to us\u0142uga polegaj\u0105ca na transporcie os\u00f3b z ich domu lub firmy , hotelu , apartamentu (lub innego dowolnego ustalonego adresu do portu lotniczego lub z portu lotniczego do domu, hotelu, firmy lub innego dowolnego ustalonego adresu.Us\u0142uga ta jest skierowana do os\u00f3b, kt\u00f3re na przyk\u0142ad udaj\u0105 si\u0119 na urlop i nie chc\u0105 sobie zaprz\u0105ta\u0107 g\u0142owy kwesti\u0105 dojazdu i powrotu z lotniska do domu. Prosz\u0119 pami\u0119ta\u0107, \u017ce ceny parkingu przy lotnisku s\u0105 wysokie , a cz\u0119sto z op\u0142at\u0105 wi\u0105\u017ce si\u0119 ju\u017c sam wjazd w celu wypakowania baga\u017cy. Korzystaj\u0105c z us\u0142ug transferu nie ponosz\u0105 Pa\u0144stwo \u017cadnych dodatkowych koszt\u00f3w.Wykonujemy r\u00f3wnie\u017c transfery pomi\u0119dzy lotniskami (na przyk\u0142ad w sytuacji kiedy linia lotnicza nagle zmieni lotnisko docelowe). Oferujemy r\u00f3wnie\u017c przew\u00f3z os\u00f3b &#8220;DOOR-TO-DOOR&#8221;.Tylko od Ciebie zale\u017cy kiedy, gdzie i jakim samochodem zostanie wykonana us\u0142uga.Oferujemy przewozy samochodami osobowymi (maksymalnie 8 pasa\u017cer\u00f3w + kierowca) oraz mikrobusem 16 osobowym , 20 osobowym lub autokarem 50 osobowym. <\/strong><\/p>\n\n\t\t<\/div>\n\t<\/div>\n<\/div><\/div><\/div><\/div><div class=\"vc_row wpb_row vc_row-fluid vc_row-\"><div class=\"wpb_column vc_column_container vc_col-sm-4\"><div class=\"vc_column-inner \" style=\"  \"><div class=\"wpb_wrapper\">      <div class=\"heading-block heading-5e3087ecf3435 tal h-h6\">\n                  <h6 class=\"h\">Lotnisko GDN do Gda\u0144sk Centrum<\/h6>\n              <\/div>\n    \n\t<div  class=\"wpb_single_image wpb_content_element vc_align_left\">\n\t\t\n\t\t<figure class=\"wpb_wrapper vc_figure\">\n\t\t\t<div class=\"vc_single_image-wrapper   vc_box_border_grey\"><img loading=\"lazy\" decoding=\"async\" class=\"vc_single_image-img \" src=\"https:\/\/www.gdanskairporttaxi.pl\/wp-content\/uploads\/2020\/01\/Lotnisko-do-Gda\u0144sk-600x420.png\" width=\"600\" height=\"420\" alt=\"Lotnisko do Gda\u0144sk\" title=\"Lotnisko do Gda\u0144sk\" \/><\/div>\n\t\t<\/figure>\n\t<\/div>\n<\/div><\/div><\/div><div class=\"wpb_column vc_column_container vc_col-sm-4\"><div class=\"vc_column-inner \" style=\"  \"><div class=\"wpb_wrapper\">      <div class=\"heading-block heading- tal h-h6\">\n                  <h6 class=\"h\">Lotnisko GDN do Sopot<\/h6>\n              <\/div>\n    \n\t<div  class=\"wpb_single_image wpb_content_element vc_align_left\">\n\t\t\n\t\t<figure class=\"wpb_wrapper vc_figure\">\n\t\t\t<div class=\"vc_single_image-wrapper   vc_box_border_grey\"><img loading=\"lazy\" decoding=\"async\" class=\"vc_single_image-img \" src=\"https:\/\/www.gdanskairporttaxi.pl\/wp-content\/uploads\/2020\/01\/lotnisko-do-sopot-600x420.png\" width=\"600\" height=\"420\" alt=\"lotnisko do sopot\" title=\"lotnisko do sopot\" \/><\/div>\n\t\t<\/figure>\n\t<\/div>\n<\/div><\/div><\/div><div class=\"wpb_column vc_column_container vc_col-sm-4\"><div class=\"vc_column-inner \" style=\"  \"><div class=\"wpb_wrapper\">      <div class=\"heading-block heading- tal h-h6\">\n                  <h6 class=\"h\">Lotnisko GDN do Gdynia<\/h6>\n              <\/div>\n    \n\t<div  class=\"wpb_single_image wpb_content_element vc_align_left\">\n\t\t\n\t\t<figure class=\"wpb_wrapper vc_figure\">\n\t\t\t<div class=\"vc_single_image-wrapper   vc_box_border_grey\"><img loading=\"lazy\" decoding=\"async\" class=\"vc_single_image-img \" src=\"https:\/\/www.gdanskairporttaxi.pl\/wp-content\/uploads\/2020\/01\/gdansk-lotnisko-do-gdynia-600x420.png\" width=\"600\" height=\"420\" alt=\"gdansk lotnisko do gdynia\" title=\"gdansk lotnisko do gdynia\" \/><\/div>\n\t\t<\/figure>\n\t<\/div>\n<\/div><\/div><\/div><\/div>\n","protected":false},"excerpt":{"rendered":"Transport Transport z Lotniska GDN do Gda\u0144ska Sopotu lub Gdyni Do tych z oznaczeniem GDN Transfer lotniskowy i przewozy os\u00f3b na lotnisko lub z lotniska w Gda\u0144sku ( GDN) to us\u0142uga polegaj\u0105ca na transporcie os\u00f3b z ich domu lub firmy , hotelu , apartamentu (lub innego dowolnego ustalonego adresu do portu lotniczego lub z portu [...]","protected":false},"author":2,"featured_media":0,"parent":0,"menu_order":0,"comment_status":"closed","ping_status":"closed","template":"template-landing.php","meta":{"_acf_changed":false,"footnotes":""},"class_list":["post-11323","page","type-page","status-publish","hentry"],"acf":[],"aioseo_notices":[],"_links":{"self":[{"href":"https:\/\/www.gdanskairporttaxi.pl\/pl\/wp-json\/wp\/v2\/pages\/11323","targetHints":{"allow":["GET"]}}],"collection":[{"href":"https:\/\/www.gdanskairporttaxi.pl\/pl\/wp-json\/wp\/v2\/pages"}],"about":[{"href":"https:\/\/www.gdanskairporttaxi.pl\/pl\/wp-json\/wp\/v2\/types\/page"}],"author":[{"embeddable":true,"href":"https:\/\/www.gdanskairporttaxi.pl\/pl\/wp-json\/wp\/v2\/users\/2"}],"replies":[{"embeddable":true,"href":"https:\/\/www.gdanskairporttaxi.pl\/pl\/wp-json\/wp\/v2\/comments?post=11323"}],"version-history":[{"count":4,"href":"https:\/\/www.gdanskairporttaxi.pl\/pl\/wp-json\/wp\/v2\/pages\/11323\/revisions"}],"predecessor-version":[{"id":11347,"href":"https:\/\/www.gdanskairporttaxi.pl\/pl\/wp-json\/wp\/v2\/pages\/11323\/revisions\/11347"}],"wp:attachment":[{"href":"https:\/\/www.gdanskairporttaxi.pl\/pl\/wp-json\/wp\/v2\/media?parent=11323"}],"curies":[{"name":"wp","href":"https:\/\/api.w.org\/{rel}","templated":true}]}}