{"id":11328,"date":"2020-01-28T19:49:06","date_gmt":"2020-01-28T18:49:06","guid":{"rendered":"https:\/\/www.gdanskairporttaxi.pl\/?page_id=11328"},"modified":"2020-01-28T20:02:54","modified_gmt":"2020-01-28T19:02:54","slug":"transport-grupowy","status":"publish","type":"page","link":"https:\/\/www.gdanskairporttaxi.pl\/pl\/transport-grupowy\/","title":{"rendered":"Transport Grupowy"},"content":{"rendered":"<div class=\"vc_row wpb_row vc_row-fluid vc_row-\"><div class=\"wpb_column vc_column_container vc_col-sm-12\"><div class=\"vc_column-inner \" style=\"  \"><div class=\"wpb_wrapper\">\n\t<div  class=\"wpb_single_image wpb_content_element vc_align_left\">\n\t\t\n\t\t<figure class=\"wpb_wrapper vc_figure\">\n\t\t\t<div class=\"vc_single_image-wrapper   vc_box_border_grey\"><img loading=\"lazy\" decoding=\"async\" class=\"vc_single_image-img \" src=\"https:\/\/www.gdanskairporttaxi.pl\/wp-content\/uploads\/2019\/11\/79991610_534689054051591_764701665579237376_n-1900x450.jpg\" width=\"1900\" height=\"450\" alt=\"79991610_534689054051591_764701665579237376_n\" title=\"79991610_534689054051591_764701665579237376_n\" \/><\/div>\n\t\t<\/figure>\n\t<\/div>\n<\/div><\/div><\/div><\/div><div class=\"vc_row wpb_row vc_row-fluid vc_row-\"><div class=\"wpb_column vc_column_container vc_col-sm-12\"><div class=\"vc_column-inner \" style=\"  \"><div class=\"wpb_wrapper\">      <div class=\"heading-block heading-5e308433e42df tac h-h2\">\n                  <div class=\"sub-h\">Lotnisko Gda\u0144sk Warszawa <\/div>\n                  <h2 class=\"h\">Przejazd grupowy<\/h2>\n              <\/div>\n    \n\t<div class=\"wpb_text_column wpb_content_element \" >\n\t\t<div class=\"wpb_wrapper\">\n\t\t\t<p><strong>Je\u015bli planujesz podr\u00f3\u017c dla wi\u0119kszej liczby os\u00f3b, to oferowany przez nas transport r\u00f3wnie\u017c b\u0119dzie najlepszym wyborem. Zar\u00f3wno wielko\u015b\u0107, jak i ilo\u015b\u0107 bus\u00f3w lub mikrobusow oraz autokar\u00f3w jest dostosowana do liczby podr\u00f3\u017cuj\u0105cych. Pojawi si\u0119 w dowolnej cz\u0119\u015bci miasta o ustalonej wcze\u015bniej godzinie i zapewni wszystkim komfortowy transfer na lotnisko. W przypadku transferu z portu lotniczego w Gda\u0144sku wystarczy wype\u0142ni\u0107 nasz formularz rezerwacyjny i poda\u0107 dat\u0119, godz oraz nr lotu.Monitorujemy sami Wasze przyloty i w przypadku op\u00f3\u017anie\u0144 nie pobieramy dodatkowych op\u0142at. Bez problemu obs\u0142u\u017cymy r\u00f3wnie\u017c transfer ca\u0142ej grupy z innych lotnisk lub innego miasta, a tak\u017ce oferujemy przejazdy mi\u0119dzymiastowe w Polsce i przew\u00f3z os\u00f3b po Europie.<\/strong><\/p>\n\n\t\t<\/div>\n\t<\/div>\n<div class=\"vc_row wpb_row vc_inner vc_row-fluid\" style=\"  \"><div class=\"wpb_column vc_column_container vc_col-sm-6\"><div class=\"vc_column-inner\"><div class=\"wpb_wrapper\">\n\t<div  class=\"wpb_single_image wpb_content_element vc_align_left\">\n\t\t\n\t\t<figure class=\"wpb_wrapper vc_figure\">\n\t\t\t<div class=\"vc_single_image-wrapper   vc_box_border_grey\"><img loading=\"lazy\" decoding=\"async\" class=\"vc_single_image-img \" src=\"https:\/\/www.gdanskairporttaxi.pl\/wp-content\/uploads\/2019\/11\/kisspng-bus-mercedes-benz-sprinter-car-luxury-vehicle-5aef76913f3165.8572260815256428972588-600x356-1.png\" width=\"600\" height=\"356\" alt=\"kisspng-bus-mercedes-benz-sprinter-car-luxury-vehicle-5aef76913f3165.8572260815256428972588-600x356\" title=\"kisspng-bus-mercedes-benz-sprinter-car-luxury-vehicle-5aef76913f3165.8572260815256428972588-600x356\" \/><\/div>\n\t\t<\/figure>\n\t<\/div>\n<\/div><\/div><\/div><div class=\"wpb_column vc_column_container vc_col-sm-6\"><div class=\"vc_column-inner\"><div class=\"wpb_wrapper\">\n\t<div  class=\"wpb_single_image wpb_content_element vc_align_left\">\n\t\t\n\t\t<figure class=\"wpb_wrapper vc_figure\">\n\t\t\t<div class=\"vc_single_image-wrapper   vc_box_border_grey\"><img loading=\"lazy\" decoding=\"async\" class=\"vc_single_image-img \" src=\"https:\/\/www.gdanskairporttaxi.pl\/wp-content\/uploads\/2019\/12\/party-bus.png\" width=\"495\" height=\"364\" alt=\"party-bus\" title=\"party-bus\" \/><\/div>\n\t\t<\/figure>\n\t<\/div>\n<\/div><\/div><\/div><\/div><\/div><\/div><\/div><\/div>\n","protected":false},"excerpt":{"rendered":"Lotnisko Gda\u0144sk Warszawa Przejazd grupowy Je\u015bli planujesz podr\u00f3\u017c dla wi\u0119kszej liczby os\u00f3b, to oferowany przez nas transport r\u00f3wnie\u017c b\u0119dzie najlepszym wyborem. Zar\u00f3wno wielko\u015b\u0107, jak i ilo\u015b\u0107 bus\u00f3w lub mikrobusow oraz autokar\u00f3w jest dostosowana do liczby podr\u00f3\u017cuj\u0105cych. Pojawi si\u0119 w dowolnej cz\u0119\u015bci miasta o ustalonej wcze\u015bniej godzinie i zapewni wszystkim komfortowy transfer na lotnisko. W przypadku [...]","protected":false},"author":2,"featured_media":0,"parent":0,"menu_order":0,"comment_status":"closed","ping_status":"closed","template":"template-landing.php","meta":{"_acf_changed":false,"footnotes":""},"class_list":["post-11328","page","type-page","status-publish","hentry"],"acf":[],"aioseo_notices":[],"_links":{"self":[{"href":"https:\/\/www.gdanskairporttaxi.pl\/pl\/wp-json\/wp\/v2\/pages\/11328","targetHints":{"allow":["GET"]}}],"collection":[{"href":"https:\/\/www.gdanskairporttaxi.pl\/pl\/wp-json\/wp\/v2\/pages"}],"about":[{"href":"https:\/\/www.gdanskairporttaxi.pl\/pl\/wp-json\/wp\/v2\/types\/page"}],"author":[{"embeddable":true,"href":"https:\/\/www.gdanskairporttaxi.pl\/pl\/wp-json\/wp\/v2\/users\/2"}],"replies":[{"embeddable":true,"href":"https:\/\/www.gdanskairporttaxi.pl\/pl\/wp-json\/wp\/v2\/comments?post=11328"}],"version-history":[{"count":3,"href":"https:\/\/www.gdanskairporttaxi.pl\/pl\/wp-json\/wp\/v2\/pages\/11328\/revisions"}],"predecessor-version":[{"id":11339,"href":"https:\/\/www.gdanskairporttaxi.pl\/pl\/wp-json\/wp\/v2\/pages\/11328\/revisions\/11339"}],"wp:attachment":[{"href":"https:\/\/www.gdanskairporttaxi.pl\/pl\/wp-json\/wp\/v2\/media?parent=11328"}],"curies":[{"name":"wp","href":"https:\/\/api.w.org\/{rel}","templated":true}]}}