{"id":11332,"date":"2020-01-28T19:53:14","date_gmt":"2020-01-28T18:53:14","guid":{"rendered":"https:\/\/www.gdanskairporttaxi.pl\/?page_id=11332"},"modified":"2020-02-09T21:19:07","modified_gmt":"2020-02-09T20:19:07","slug":"odbior-ze-statku-lub-promu","status":"publish","type":"page","link":"https:\/\/www.gdanskairporttaxi.pl\/pl\/odbior-ze-statku-lub-promu\/","title":{"rendered":"Odbi\u00f3r ze statku lub Promu"},"content":{"rendered":"<div class=\"vc_row wpb_row vc_row-fluid vc_row-\"><div class=\"wpb_column vc_column_container vc_col-sm-12\"><div class=\"vc_column-inner \" style=\"  \"><div class=\"wpb_wrapper\">\n\t<div  class=\"wpb_single_image wpb_content_element vc_align_left\">\n\t\t\n\t\t<figure class=\"wpb_wrapper vc_figure\">\n\t\t\t<div class=\"vc_single_image-wrapper   vc_box_border_grey\"><img loading=\"lazy\" decoding=\"async\" class=\"vc_single_image-img \" src=\"https:\/\/www.gdanskairporttaxi.pl\/wp-content\/uploads\/2020\/01\/20190824_135516_001-scaled-1900x450.jpg\" width=\"1900\" height=\"450\" alt=\"20190824_135516_001\" title=\"20190824_135516_001\" \/><\/div>\n\t\t<\/figure>\n\t<\/div>\n<\/div><\/div><\/div><\/div><div class=\"vc_row wpb_row vc_row-fluid vc_row-\"><div class=\"wpb_column vc_column_container vc_col-sm-12\"><div class=\"vc_column-inner \" style=\"  \"><div class=\"wpb_wrapper\"><div class=\"vc_empty_space\"   style=\"height: 32px\"><span class=\"vc_empty_space_inner\"><\/span><\/div><\/div><\/div><\/div><\/div><div class=\"vc_row wpb_row vc_row-fluid vc_row-\"><div class=\"wpb_column vc_column_container vc_col-sm-12\"><div class=\"vc_column-inner \" style=\"  \"><div class=\"wpb_wrapper\">      <div class=\"heading-block heading-5e3208ea0d91c tac h-h2\">\n                  <div class=\"sub-h\">Gdynia \/ Gda\u0144sk<\/div>\n                  <h2 class=\"h\">Odbi\u00f3r ze statku lub promu<\/h2>\n              <\/div>\n    <\/div><\/div><\/div><\/div><div class=\"vc_row wpb_row vc_row-fluid vc_row-\"><div class=\"wpb_column vc_column_container vc_col-sm-6\"><div class=\"vc_column-inner \" style=\"  \"><div class=\"wpb_wrapper\">\n\t<div class=\"wpb_text_column wpb_content_element \" >\n\t\t<div class=\"wpb_wrapper\">\n\t\t\t<p><strong>Taxi z promu lub statku Zam\u00f3w taks\u00f3wk\u0119 on- line wype\u0142niaj\u0105c kr\u00f3tki formularz rezerwacji.Cen\u0119 przejazdu pasa\u017cer otrzyma z g\u00f3ry bez wzgl\u0119du na dzie\u0144 tygodnia oraz godzin\u0119. Alternatyw\u0105 dla korporacji taxi jest sta\u0142a zryczaltowana op\u0142ata. P\u0142atno\u015b\u0107 zabezpieczona najwy\u017cszymi standardami na stronie internetowej , a tak\u017ce got\u00f3wk\u0105 lub kart\u0105 u kierowcy. Kierowca zawsze przed czasem oczekuje z imienn\u0105 tabliczk\u0105 na swoich go\u015bci. Podczas transferu mo\u017cna zmieni\u0107 tras\u0119 przejazdu lub wynaj\u0105\u0107 kierowc\u0119 z samochodem na d\u0142u\u017cej. Najpopularniejsze przejazdy z promu do centrum miasta , a ze statku w Gdyni lub Gda\u0144sku na stare miasto w celu zwiedzania atrakcji. Cz\u0119sto odwiedzane miejsca to Bazylika Mariacka , Galeria Bursztynu , pomnik Westerplatte, Fontanna Neptuna, katedra w Oliwie z koncertem organowym. Przejazd na prom lub statek z dowolnego miejsca przyjmiemy mailem, telefonicznie lub omawiaj\u0105c si\u0119 z kierowc\u0105 kt\u00f3ry jest dedykowany swojemu pasa\u017cerowi. Na pok\u0142adzie mniejszych samochod\u00f3w osobowych , van\u00f3w czy mikrobusu lub autokaru jest bezp\u0142atny internet bezprzewodowy,woda do picia oraz foteliki dla dzieci. Przew\u00f3z os\u00f3b w Sopocie, Gda\u0144sku i Gdyni oraz mi\u0119dzymiastowe przejazdy i mi\u0119dzynarodowe obj\u0119te pakietem ubezpiecze\u0144 NNW.Jeste\u015bmy organizatorem imprez turystycznych.<\/strong><\/p>\n\n\t\t<\/div>\n\t<\/div>\n<\/div><\/div><\/div><div class=\"wpb_column vc_column_container vc_col-sm-6\"><div class=\"vc_column-inner \" style=\"  \"><div class=\"wpb_wrapper\"><div class=\"vc_empty_space\"   style=\"height: 32px\"><span class=\"vc_empty_space_inner\"><\/span><\/div>\n\t<div  class=\"wpb_single_image wpb_content_element vc_align_left\">\n\t\t\n\t\t<figure class=\"wpb_wrapper vc_figure\">\n\t\t\t<div class=\"vc_single_image-wrapper   vc_box_border_grey\"><img loading=\"lazy\" decoding=\"async\" class=\"vc_single_image-img \" src=\"https:\/\/www.gdanskairporttaxi.pl\/wp-content\/uploads\/2019\/12\/79961398_1033265733693055_5746989687445127168_n-600x550.jpg\" width=\"600\" height=\"550\" alt=\"79961398_1033265733693055_5746989687445127168_n\" title=\"79961398_1033265733693055_5746989687445127168_n\" \/><\/div>\n\t\t<\/figure>\n\t<\/div>\n<\/div><\/div><\/div><\/div>\n","protected":false},"excerpt":{"rendered":"Gdynia \/ Gda\u0144sk Odbi\u00f3r ze statku lub promu Taxi z promu lub statku Zam\u00f3w taks\u00f3wk\u0119 on- line wype\u0142niaj\u0105c kr\u00f3tki formularz rezerwacji.Cen\u0119 przejazdu pasa\u017cer otrzyma z g\u00f3ry bez wzgl\u0119du na dzie\u0144 tygodnia oraz godzin\u0119. Alternatyw\u0105 dla korporacji taxi jest sta\u0142a zryczaltowana op\u0142ata. P\u0142atno\u015b\u0107 zabezpieczona najwy\u017cszymi standardami na stronie internetowej , a tak\u017ce got\u00f3wk\u0105 lub kart\u0105 u [...]","protected":false},"author":2,"featured_media":0,"parent":0,"menu_order":0,"comment_status":"closed","ping_status":"closed","template":"template-landing.php","meta":{"_acf_changed":false,"footnotes":""},"class_list":["post-11332","page","type-page","status-publish","hentry"],"acf":[],"aioseo_notices":[],"_links":{"self":[{"href":"https:\/\/www.gdanskairporttaxi.pl\/pl\/wp-json\/wp\/v2\/pages\/11332","targetHints":{"allow":["GET"]}}],"collection":[{"href":"https:\/\/www.gdanskairporttaxi.pl\/pl\/wp-json\/wp\/v2\/pages"}],"about":[{"href":"https:\/\/www.gdanskairporttaxi.pl\/pl\/wp-json\/wp\/v2\/types\/page"}],"author":[{"embeddable":true,"href":"https:\/\/www.gdanskairporttaxi.pl\/pl\/wp-json\/wp\/v2\/users\/2"}],"replies":[{"embeddable":true,"href":"https:\/\/www.gdanskairporttaxi.pl\/pl\/wp-json\/wp\/v2\/comments?post=11332"}],"version-history":[{"count":6,"href":"https:\/\/www.gdanskairporttaxi.pl\/pl\/wp-json\/wp\/v2\/pages\/11332\/revisions"}],"predecessor-version":[{"id":11439,"href":"https:\/\/www.gdanskairporttaxi.pl\/pl\/wp-json\/wp\/v2\/pages\/11332\/revisions\/11439"}],"wp:attachment":[{"href":"https:\/\/www.gdanskairporttaxi.pl\/pl\/wp-json\/wp\/v2\/media?parent=11332"}],"curies":[{"name":"wp","href":"https:\/\/api.w.org\/{rel}","templated":true}]}}