{"id":11335,"date":"2020-01-28T19:53:50","date_gmt":"2020-01-28T18:53:50","guid":{"rendered":"https:\/\/www.gdanskairporttaxi.pl\/?page_id=11335"},"modified":"2021-08-18T22:29:17","modified_gmt":"2021-08-18T20:29:17","slug":"hotele-i-apartamenty","status":"publish","type":"page","link":"https:\/\/www.gdanskairporttaxi.pl\/pl\/hotele-i-apartamenty\/","title":{"rendered":"Hotele i Apartamenty"},"content":{"rendered":"<div class=\"vc_row wpb_row vc_row-fluid vc_row-\"><div class=\"wpb_column vc_column_container vc_col-sm-12\"><div class=\"vc_column-inner \" style=\"  \"><div class=\"wpb_wrapper\">\n\t<div  class=\"wpb_single_image wpb_content_element vc_align_center\">\n\t\t\n\t\t<figure class=\"wpb_wrapper vc_figure\">\n\t\t\t<div class=\"vc_single_image-wrapper   vc_box_border_grey\"><img loading=\"lazy\" decoding=\"async\" class=\"vc_single_image-img \" src=\"https:\/\/www.gdanskairporttaxi.pl\/wp-content\/uploads\/2020\/01\/16256-117731-f64636260_3XL-scaled-1900x450.jpg\" width=\"1900\" height=\"450\" alt=\"16256-117731-f64636260_3XL\" title=\"16256-117731-f64636260_3XL\" \/><\/div>\n\t\t<\/figure>\n\t<\/div>\n<\/div><\/div><\/div><\/div><div class=\"vc_row wpb_row vc_row-fluid vc_row-\"><div class=\"wpb_column vc_column_container vc_col-sm-6\"><div class=\"vc_column-inner \" style=\"  \"><div class=\"wpb_wrapper\"><div class=\"vc_row wpb_row vc_inner vc_row-fluid\" style=\"  \"><div class=\"wpb_column vc_column_container vc_col-sm-12\"><div class=\"vc_column-inner\"><div class=\"wpb_wrapper\">      <div class=\"heading-block heading- tal h-h2\">\n                  <div class=\"sub-h\">Rekomendacja Hotelu lub obiektu?<\/div>\n                  <h2 class=\"h\">Zapytaj nas o rekomendacje!<\/h2>\n              <\/div>\n    <\/div><\/div><\/div><\/div>\n\t<div class=\"wpb_text_column wpb_content_element \" >\n\t\t<div class=\"wpb_wrapper\">\n\t\t\t<p><strong>Chcesz si\u0119 dowiedzie\u0107 czy wybrany przez Ciebie hotel spe\u0142nia wszystkie Twoje wymagania? Na Twoje \u017cyczenie sprawdzimy wybrany obiekt pod k\u0105tem wytycznych podanych przez klienta dzi\u0119ki czemu b\u0119dziesz mia\u0142 pewno\u015b\u0107, \u017ce Tw\u00f3j wypoczynek czy urlop b\u0119dzie taki jak sobie wymarzy\u0142e\u015b!<\/strong><\/p>\n\n\t\t<\/div>\n\t<\/div>\n\n\t<div class=\"wpb_text_column wpb_content_element \" >\n\t\t<div class=\"wpb_wrapper\">\n\t\t\t<p><strong>Napisz do nas ju\u017c dzi\u015b i rozwiej swoje w\u0105tpliwo\u015bci!<\/strong><\/p>\n\n\t\t<\/div>\n\t<\/div>\n<div class=\"vc_empty_space\"   style=\"height: 32px\"><span class=\"vc_empty_space_inner\"><\/span><\/div><div class=\"vc_btn3-container vc_btn3-center\" ><a class=\"vc_general vc_btn3 vc_btn3-size-lg vc_btn3-shape-rounded vc_btn3-style-modern vc_btn3-block vc_btn3-color-juicy-pink\" href=\"https:\/\/www.gdanskairporttaxi.pl\/zamow-taxi\/\" title=\"\" target=\"_blank\">Transport Taxi Tr\u00f3jmiasto<\/a><\/div><\/div><\/div><\/div><div class=\"wpb_column vc_column_container vc_col-sm-6\"><div class=\"vc_column-inner \" style=\"  \"><div class=\"wpb_wrapper\"><div class=\"vc_empty_space\"   style=\"height: 40px\"><span class=\"vc_empty_space_inner\"><\/span><\/div>\n<div class=\"wpcf7 no-js\" id=\"wpcf7-f5-o1\" lang=\"ru-RU\" dir=\"ltr\">\n<div class=\"screen-reader-response\"><p role=\"status\" aria-live=\"polite\" aria-atomic=\"true\"><\/p> <ul><\/ul><\/div>\n<form action=\"\/pl\/wp-json\/wp\/v2\/pages\/11335#wpcf7-f5-o1\" method=\"post\" class=\"wpcf7-form init\" aria-label=\"Formularz kontaktowy\" novalidate=\"novalidate\" data-status=\"init\">\n<div style=\"display: none;\">\n<input type=\"hidden\" name=\"_wpcf7\" value=\"5\" \/>\n<input type=\"hidden\" name=\"_wpcf7_version\" value=\"5.8.6\" \/>\n<input type=\"hidden\" name=\"_wpcf7_locale\" value=\"ru_RU\" \/>\n<input type=\"hidden\" name=\"_wpcf7_unit_tag\" value=\"wpcf7-f5-o1\" \/>\n<input type=\"hidden\" name=\"_wpcf7_container_post\" value=\"0\" \/>\n<input type=\"hidden\" name=\"_wpcf7_posted_data_hash\" value=\"\" \/>\n<\/div>\n<div class=\"contact-form\">\n    <div class=\"input-row\"><span class=\"wpcf7-form-control-wrap\" data-name=\"f-name\"><input size=\"40\" class=\"wpcf7-form-control wpcf7-text style1\" aria-invalid=\"false\" placeholder=\"Imi\u0119 i Nazwisko\" value=\"\" type=\"text\" name=\"f-name\" \/><\/span><\/div>\n    <div class=\"input-row\"><span class=\"wpcf7-form-control-wrap\" data-name=\"email\"><input size=\"40\" class=\"wpcf7-form-control wpcf7-text style1\" aria-invalid=\"false\" placeholder=\"E-mail\" value=\"\" type=\"text\" name=\"email\" \/><\/span><\/div>\n    <div class=\"input-row\"><span class=\"wpcf7-form-control-wrap\" data-name=\"subject\"><input size=\"40\" class=\"wpcf7-form-control wpcf7-text style1\" aria-invalid=\"false\" placeholder=\"Temat Wiadomo\u015bci\" value=\"\" type=\"text\" name=\"subject\" \/><\/span><\/div>\n    <div class=\"input-row\"><label>Wiadomo\u015b\u0107<\/label><span class=\"wpcf7-form-control-wrap\" data-name=\"message\"><textarea cols=\"40\" rows=\"6\" class=\"wpcf7-form-control wpcf7-textarea style1\" aria-invalid=\"false\" name=\"message\"><\/textarea><\/span><\/div><button class=\"button-style1\"\n        type=\"submit\"><span class=\"d\"><span><\/span><\/span><span>Wy\u015blij<\/span><\/button>\n<\/div>\n<br>\n[anr_nocaptcha g-recaptcha-response]<div class=\"wpcf7-response-output\" aria-hidden=\"true\"><\/div>\n<\/form>\n<\/div>\n<\/div><\/div><\/div><\/div><div class=\"vc_row wpb_row vc_row-fluid vc_row-\"><div class=\"wpb_column vc_column_container vc_col-sm-12\"><div class=\"vc_column-inner \" style=\"  \"><div class=\"wpb_wrapper\"><div class=\"vc_empty_space\"   style=\"height: 32px\"><span class=\"vc_empty_space_inner\"><\/span><\/div><\/div><\/div><\/div><\/div>\n","protected":false},"excerpt":{"rendered":"Rekomendacja Hotelu lub obiektu? Zapytaj nas o rekomendacje! Chcesz si\u0119 dowiedzie\u0107 czy wybrany przez Ciebie hotel spe\u0142nia wszystkie Twoje wymagania? Na Twoje \u017cyczenie sprawdzimy wybrany obiekt pod k\u0105tem wytycznych podanych przez klienta dzi\u0119ki czemu b\u0119dziesz mia\u0142 pewno\u015b\u0107, \u017ce Tw\u00f3j wypoczynek czy urlop b\u0119dzie taki jak sobie wymarzy\u0142e\u015b! Napisz do nas ju\u017c dzi\u015b i rozwiej swoje [...]","protected":false},"author":2,"featured_media":0,"parent":0,"menu_order":0,"comment_status":"closed","ping_status":"closed","template":"template-landing.php","meta":{"_acf_changed":false,"footnotes":""},"class_list":["post-11335","page","type-page","status-publish","hentry"],"acf":[],"aioseo_notices":[],"_links":{"self":[{"href":"https:\/\/www.gdanskairporttaxi.pl\/pl\/wp-json\/wp\/v2\/pages\/11335","targetHints":{"allow":["GET"]}}],"collection":[{"href":"https:\/\/www.gdanskairporttaxi.pl\/pl\/wp-json\/wp\/v2\/pages"}],"about":[{"href":"https:\/\/www.gdanskairporttaxi.pl\/pl\/wp-json\/wp\/v2\/types\/page"}],"author":[{"embeddable":true,"href":"https:\/\/www.gdanskairporttaxi.pl\/pl\/wp-json\/wp\/v2\/users\/2"}],"replies":[{"embeddable":true,"href":"https:\/\/www.gdanskairporttaxi.pl\/pl\/wp-json\/wp\/v2\/comments?post=11335"}],"version-history":[{"count":7,"href":"https:\/\/www.gdanskairporttaxi.pl\/pl\/wp-json\/wp\/v2\/pages\/11335\/revisions"}],"predecessor-version":[{"id":11823,"href":"https:\/\/www.gdanskairporttaxi.pl\/pl\/wp-json\/wp\/v2\/pages\/11335\/revisions\/11823"}],"wp:attachment":[{"href":"https:\/\/www.gdanskairporttaxi.pl\/pl\/wp-json\/wp\/v2\/media?parent=11335"}],"curies":[{"name":"wp","href":"https:\/\/api.w.org\/{rel}","templated":true}]}}