{"id":692,"date":"2019-03-28T16:16:39","date_gmt":"2019-03-28T13:16:39","guid":{"rendered":"https:\/\/www.gdanskairporttaxi.pl\/?page_id=692"},"modified":"2020-04-19T13:58:59","modified_gmt":"2020-04-19T11:58:59","slug":"o-nas","status":"publish","type":"page","link":"https:\/\/www.gdanskairporttaxi.pl\/pl\/o-nas\/","title":{"rendered":"O Nas"},"content":{"rendered":"<div class=\"vc_row wpb_row vc_row-fluid vc_row-\"><div class=\"wpb_column vc_column_container vc_col-sm-12\"><div class=\"vc_column-inner \" style=\"  \"><div class=\"wpb_wrapper\">\n\t<div  class=\"wpb_single_image wpb_content_element vc_align_center\">\n\t\t\n\t\t<figure class=\"wpb_wrapper vc_figure\">\n\t\t\t<div class=\"vc_single_image-wrapper   vc_box_border_grey\"><img loading=\"lazy\" decoding=\"async\" class=\"vc_single_image-img \" src=\"https:\/\/www.gdanskairporttaxi.pl\/wp-content\/uploads\/2020\/01\/81969734_1056002501416095_6725568707046670336_n-1900x550.jpg\" width=\"1900\" height=\"550\" alt=\"81969734_1056002501416095_6725568707046670336_n\" title=\"81969734_1056002501416095_6725568707046670336_n\" \/><\/div>\n\t\t<\/figure>\n\t<\/div>\n<\/div><\/div><\/div><\/div><div class=\"vc_row wpb_row vc_row-fluid vc_row-5c99cd717f62c vc_row-o-equal-height vc_row-o-content-middle vc_row-flex\"><div class=\"wpb_column vc_column_container vc_col-sm-6\"><div class=\"vc_column-inner \" style=\"  \"><div class=\"wpb_wrapper\">\n\t<div class=\"wpb_text_column wpb_content_element  vc_custom_1577662773529\" >\n\t\t<div class=\"wpb_wrapper\">\n\t\t\t<p><img loading=\"lazy\" decoding=\"async\" class=\"alignnone size-large wp-image-10844\" src=\"https:\/\/www.gdanskairporttaxi.pl\/wp-content\/uploads\/2019\/12\/79961398_1033265733693055_5746989687445127168_n-1024x789.jpg\" alt=\"\" width=\"1024\" height=\"789\" srcset=\"https:\/\/www.gdanskairporttaxi.pl\/wp-content\/uploads\/2019\/12\/79961398_1033265733693055_5746989687445127168_n-1024x789.jpg 1024w, https:\/\/www.gdanskairporttaxi.pl\/wp-content\/uploads\/2019\/12\/79961398_1033265733693055_5746989687445127168_n-600x462.jpg 600w, https:\/\/www.gdanskairporttaxi.pl\/wp-content\/uploads\/2019\/12\/79961398_1033265733693055_5746989687445127168_n-300x231.jpg 300w, https:\/\/www.gdanskairporttaxi.pl\/wp-content\/uploads\/2019\/12\/79961398_1033265733693055_5746989687445127168_n-768x592.jpg 768w, https:\/\/www.gdanskairporttaxi.pl\/wp-content\/uploads\/2019\/12\/79961398_1033265733693055_5746989687445127168_n-397x306.jpg 397w, https:\/\/www.gdanskairporttaxi.pl\/wp-content\/uploads\/2019\/12\/79961398_1033265733693055_5746989687445127168_n-692x533.jpg 692w, https:\/\/www.gdanskairporttaxi.pl\/wp-content\/uploads\/2019\/12\/79961398_1033265733693055_5746989687445127168_n.jpg 1060w\" sizes=\"auto, (max-width: 1024px) 100vw, 1024px\" \/><\/p>\n\n\t\t<\/div>\n\t<\/div>\n\n\t<div class=\"wpb_text_column wpb_content_element  vc_custom_1574207404174\" >\n\t\t<div class=\"wpb_wrapper\">\n\t\t\t<p><img loading=\"lazy\" decoding=\"async\" class=\"alignnone size-large wp-image-10537\" src=\"https:\/\/www.gdanskairporttaxi.pl\/wp-content\/uploads\/2019\/11\/IMG_9480-min_Easy-Resize.com_-1024x683.jpg\" alt=\"\" width=\"1024\" height=\"683\" srcset=\"https:\/\/www.gdanskairporttaxi.pl\/wp-content\/uploads\/2019\/11\/IMG_9480-min_Easy-Resize.com_-1024x683.jpg 1024w, https:\/\/www.gdanskairporttaxi.pl\/wp-content\/uploads\/2019\/11\/IMG_9480-min_Easy-Resize.com_-600x400.jpg 600w, https:\/\/www.gdanskairporttaxi.pl\/wp-content\/uploads\/2019\/11\/IMG_9480-min_Easy-Resize.com_-300x200.jpg 300w, https:\/\/www.gdanskairporttaxi.pl\/wp-content\/uploads\/2019\/11\/IMG_9480-min_Easy-Resize.com_-768x512.jpg 768w, https:\/\/www.gdanskairporttaxi.pl\/wp-content\/uploads\/2019\/11\/IMG_9480-min_Easy-Resize.com_-460x306.jpg 460w, https:\/\/www.gdanskairporttaxi.pl\/wp-content\/uploads\/2019\/11\/IMG_9480-min_Easy-Resize.com_-800x533.jpg 800w, https:\/\/www.gdanskairporttaxi.pl\/wp-content\/uploads\/2019\/11\/IMG_9480-min_Easy-Resize.com_.jpg 1800w\" sizes=\"auto, (max-width: 1024px) 100vw, 1024px\" \/><\/p>\n\n\t\t<\/div>\n\t<\/div>\n<\/div><\/div><\/div><div class=\"wpb_column vc_column_container vc_col-sm-6\"><div class=\"vc_column-inner \" style=\"  \"><div class=\"wpb_wrapper\">      <div class=\"heading-block heading-5c99cd7d59d6e tal h-h5\">\n                  <div class=\"sub-h\">Bezpieczny i nowoczesny przewo\u017anik<\/div>\n                  <h5 class=\"h\">Jeste\u015bmy firm\u0105, kt\u00f3ra dba o bezpiecze\u0144stwo oraz presti\u017c przewoz\u00f3w. Podr\u00f3\u017cuj bezpiecznie razem z nami!<\/h5>\n              <\/div>\n    \n\t<div class=\"wpb_text_column wpb_content_element \" >\n\t\t<div class=\"wpb_wrapper\">\n\t\t\t<p style=\"font-family: 'Fira Sans'; color: #9b9b9b; font-weight: 300;\"><strong>Od 10 lat przyk\u0142adamy wag\u0119 do jako\u015bci oferowanych przez nasz us\u0142ug. Nienagannie ubrani kierowcy w galowych strojach oraz zawsze wypolerowane samochody marki Mercedes to znak, kt\u00f3ry nas wyr\u00f3\u017cnia. Je\u017celi potrzebujesz transferu z Lotniska w Gda\u0144sku lub transportu w dowolne miejsce &#8211; Jeste\u015bmy do Twojej dyspozycji.<\/strong><\/p>\n\n\t\t<\/div>\n\t<\/div>\n\n\t<div class=\"wpb_text_column wpb_content_element \" >\n\t\t<div class=\"wpb_wrapper\">\n\t\t\t<p style=\"font-family: 'Fira Sans'; color: #9b9b9b; font-weight: 300;\"><span style=\"font-weight: 100;\"><strong>Nasza firma specjalizuje si\u0119 w obs\u0142udze ruchu turystycznego, g\u0142\u00f3wnie turystyki przyjazdowej. \u0141\u0105czymy Gda\u0144skie Lotnisko z reszt\u0105 \u015bwiata. Codziennie wykonujemy dziesi\u0105tki transfer\u00f3w na lotnisko i wyje\u017cd\u017camy z zadowolonymi klientami na opcjonalne wycieczki, np: do Zamku w Malborku. Wsp\u00f3\u0142pracujemy z najlepszymi apartamentami, hotelami &#8211; SPA i przewodnikami.<\/strong><\/span><\/p>\n\n\t\t<\/div>\n\t<\/div>\n    <div class=\"num-box-items num-box-5c99ce840a0e8 row no-gutters\">\n          <div class=\"num-box-item num-box-item-5c99ce9680121  col-12 col-md-6\">\n              <i class=\"base-icon-avatar\"><\/i>\n            <div class=\"line\"><\/div>\n      <div class=\"content\">\n                  <div class=\"num\">3200<\/div>\n                  <h6 class=\"h\">Zadowolonych pasa\u017cer\u00f3w<\/h6>\n              <\/div>\n    <\/div>\n        <div class=\"num-box-item num-box-item-5c99cf5a03725  col-12 col-md-6\">\n              <i class=\"base-icon-placeholder\"><\/i>\n            <div class=\"line\"><\/div>\n      <div class=\"content\">\n                  <div class=\"num\">4<\/div>\n                  <h6 class=\"h\">Dost\u0119pne Wycieczki<\/h6>\n              <\/div>\n    <\/div>\n        <div class=\"num-box-item num-box-item-5c99cf6dcf431  col-12 col-md-6\">\n              <i class=\"fa fa-taxi\"><\/i>\n            <div class=\"line\"><\/div>\n      <div class=\"content\">\n                  <div class=\"num\">15<\/div>\n                  <h6 class=\"h\">Dost\u0119pnych Samochod\u00f3w<\/h6>\n              <\/div>\n    <\/div>\n        <div class=\"num-box-item num-box-item-5c99cff19e004  col-12 col-md-6\">\n              <i class=\"essential-set-map-location\"><\/i>\n            <div class=\"line\"><\/div>\n      <div class=\"content\">\n                  <div class=\"num\">10000<\/div>\n                  <h6 class=\"h\">Przejazd\u00f3w<\/h6>\n              <\/div>\n    <\/div>\n        <\/div>\n    <div class=\"vc_btn3-container vc_btn3-center\" ><a class=\"vc_general vc_btn3 vc_btn3-size-lg vc_btn3-shape-rounded vc_btn3-style-modern vc_btn3-color-juicy-pink\" href=\"https:\/\/www.gdanskairporttaxi.pl\/kontakt\/\" title=\"Kontakt\" rel=\"nofollow\">Skontaktuj sie z Nami ju\u017c dzi\u015b!<\/a><\/div><\/div><\/div><\/div><\/div>\n","protected":false},"excerpt":{"rendered":"Bezpieczny i nowoczesny przewo\u017anik Jeste\u015bmy firm\u0105, kt\u00f3ra dba o bezpiecze\u0144stwo oraz presti\u017c przewoz\u00f3w. Podr\u00f3\u017cuj bezpiecznie razem z nami! Od 10 lat przyk\u0142adamy wag\u0119 do jako\u015bci oferowanych przez nasz us\u0142ug. Nienagannie ubrani kierowcy w galowych strojach oraz zawsze wypolerowane samochody marki Mercedes to znak, kt\u00f3ry nas wyr\u00f3\u017cnia. Je\u017celi potrzebujesz transferu z Lotniska w Gda\u0144sku lub transportu [...]","protected":false},"author":1,"featured_media":0,"parent":0,"menu_order":0,"comment_status":"closed","ping_status":"closed","template":"template-landing.php","meta":{"_acf_changed":false,"footnotes":""},"class_list":["post-692","page","type-page","status-publish","hentry"],"acf":[],"aioseo_notices":[],"_links":{"self":[{"href":"https:\/\/www.gdanskairporttaxi.pl\/pl\/wp-json\/wp\/v2\/pages\/692","targetHints":{"allow":["GET"]}}],"collection":[{"href":"https:\/\/www.gdanskairporttaxi.pl\/pl\/wp-json\/wp\/v2\/pages"}],"about":[{"href":"https:\/\/www.gdanskairporttaxi.pl\/pl\/wp-json\/wp\/v2\/types\/page"}],"author":[{"embeddable":true,"href":"https:\/\/www.gdanskairporttaxi.pl\/pl\/wp-json\/wp\/v2\/users\/1"}],"replies":[{"embeddable":true,"href":"https:\/\/www.gdanskairporttaxi.pl\/pl\/wp-json\/wp\/v2\/comments?post=692"}],"version-history":[{"count":22,"href":"https:\/\/www.gdanskairporttaxi.pl\/pl\/wp-json\/wp\/v2\/pages\/692\/revisions"}],"predecessor-version":[{"id":11568,"href":"https:\/\/www.gdanskairporttaxi.pl\/pl\/wp-json\/wp\/v2\/pages\/692\/revisions\/11568"}],"wp:attachment":[{"href":"https:\/\/www.gdanskairporttaxi.pl\/pl\/wp-json\/wp\/v2\/media?parent=692"}],"curies":[{"name":"wp","href":"https:\/\/api.w.org\/{rel}","templated":true}]}}