{"id":10411,"date":"2019-11-07T00:47:04","date_gmt":"2019-11-06T23:47:04","guid":{"rendered":"https:\/\/www.gdanskairporttaxi.pl\/?post_type=product&#038;p=10411"},"modified":"2024-02-08T21:26:29","modified_gmt":"2024-02-08T20:26:29","slug":"wycieczka-po-zamku-w-malborku","status":"publish","type":"product","link":"https:\/\/www.gdanskairporttaxi.pl\/pl\/sklep\/wycieczka-po-zamku-w-malborku\/","title":{"rendered":"Wycieczka po Zamku w Malborku"},"content":{"rendered":"","protected":false},"excerpt":{"rendered":"<p>Malbork to najwi\u0119kszy murowany zamek na \u015bwiecie, zbudowany przez Krzy\u017cak\u00f3w w latach 1247 &#8211; 1457. W tym spektakularnym przyk\u0142adzie architektury wojskowej unikalne wn\u0119trze sprawi, \u017ce ka\u017cdy odwiedzaj\u0105cy poczuje atmosfer\u0119 \u015bredniowiecza.<\/p>\n<p>Pierwotnie zosta\u0142 zbudowany przez Krzy\u017cak\u00f3w, niemiecki katolicki zakon krzy\u017cowc\u00f3w, w formie twierdzy w Ordensburgu. Zakon nazwa\u0142 go Marienburg na cze\u015b\u0107 Maryi, Matki Jezusa. W 1457 r. Podczas wojny trzynastoletniej zosta\u0142 sprzedany przez czeskich najemnik\u00f3w kr\u00f3lowi polskiemu Kazimierzowi IV w zamian za odszkodowania i odt\u0105d s\u0142u\u017cy\u0142 jako jedna z kilku polskich rezydencji kr\u00f3lewskich oraz siedziba polskich urz\u0119d\u00f3w i instytucji, przerwana przez kilkuletnia okupacja szwedzka i pe\u0142nienie tej funkcji a\u017c do I rozbioru Polski w 1772 r.<\/p>\n<p>Je\u015bli s\u0142abo m\u00f3wisz po angielsku, mo\u017cesz wzi\u0105\u0107 udzia\u0142 w tej wycieczce z t\u0142umaczem na niemiecki, hiszpa\u0144ski, w\u0142oski, norweski i szwedzki z nami za dodatkow\u0105 op\u0142at\u0105.<\/p>\n<p>&nbsp;<\/p>\n","protected":false},"featured_media":921,"template":"","meta":{"_acf_changed":false},"product_cat":[79,15],"product_tag":[],"class_list":{"0":"post-10411","1":"product","2":"type-product","3":"status-publish","4":"has-post-thumbnail","6":"product_cat-individual-tours","7":"product_cat-malbork-tours","9":"first","10":"instock","11":"taxable","12":"shipping-taxable","13":"purchasable","14":"product-type-variable"},"acf":[],"aioseo_notices":[],"_links":{"self":[{"href":"https:\/\/www.gdanskairporttaxi.pl\/pl\/wp-json\/wp\/v2\/product\/10411","targetHints":{"allow":["GET"]}}],"collection":[{"href":"https:\/\/www.gdanskairporttaxi.pl\/pl\/wp-json\/wp\/v2\/product"}],"about":[{"href":"https:\/\/www.gdanskairporttaxi.pl\/pl\/wp-json\/wp\/v2\/types\/product"}],"wp:featuredmedia":[{"embeddable":true,"href":"https:\/\/www.gdanskairporttaxi.pl\/pl\/wp-json\/wp\/v2\/media\/921"}],"wp:attachment":[{"href":"https:\/\/www.gdanskairporttaxi.pl\/pl\/wp-json\/wp\/v2\/media?parent=10411"}],"wp:term":[{"taxonomy":"product_cat","embeddable":true,"href":"https:\/\/www.gdanskairporttaxi.pl\/pl\/wp-json\/wp\/v2\/product_cat?post=10411"},{"taxonomy":"product_tag","embeddable":true,"href":"https:\/\/www.gdanskairporttaxi.pl\/pl\/wp-json\/wp\/v2\/product_tag?post=10411"}],"curies":[{"name":"wp","href":"https:\/\/api.w.org\/{rel}","templated":true}]}}