{"id":10578,"date":"2019-11-25T12:48:18","date_gmt":"2019-11-25T11:48:18","guid":{"rendered":"https:\/\/www.gdanskairporttaxi.pl\/?post_type=product&#038;p=10578"},"modified":"2024-02-08T21:46:29","modified_gmt":"2024-02-08T20:46:29","slug":"oboz-koncentracyjny-stutthof-pomnik-zaglady","status":"publish","type":"product","link":"https:\/\/www.gdanskairporttaxi.pl\/pl\/sklep\/oboz-koncentracyjny-stutthof-pomnik-zaglady\/","title":{"rendered":"Ob\u00f3z koncentracyjny Stutthof &#8211; Pomnik Zag\u0142ady 390 PLN \/ osoba"},"content":{"rendered":"","protected":false},"excerpt":{"rendered":"<p>Nasza podr\u00f3\u017c to nie tylko nudne zwiedzanie. Podczas pobytu w muzeum Stutthof zobaczysz nie tylko oryginalny ob\u00f3z koncentracyjny, ale tak\u017ce zdj\u0119cia i relikwie zwi\u0105zane z okresem wojny.<\/p>\n<p>Cena wycieczki obejmuje r\u00f3wnie\u017c 20-minutowe filmowe zmys\u0142y, w kt\u00f3rych mo\u017cna dowiedzie\u0107 si\u0119 wi\u0119cej o tym pomniku zag\u0142ady. Cena obejmuje r\u00f3wnie\u017c transport w sprzyjaj\u0105cych warunkach, wi\u0119c nie musisz si\u0119 o nic martwi\u0107!<\/p>\n<p>Je\u015bli s\u0142abo m\u00f3wisz po angielsku, mo\u017cesz wzi\u0105\u0107 udzia\u0142 w tej wycieczce z t\u0142umaczem na niemiecki, hiszpa\u0144ski, w\u0142oski, norweski i szwedzki z nami za dodatkow\u0105 op\u0142at\u0105.<\/p>\n","protected":false},"featured_media":10932,"template":"","meta":{"_acf_changed":false},"product_cat":[79,75],"product_tag":[],"class_list":{"0":"post-10578","1":"product","2":"type-product","3":"status-publish","4":"has-post-thumbnail","6":"product_cat-individual-tours","7":"product_cat-stutthof-tours","9":"first","10":"instock","11":"taxable","12":"shipping-taxable","13":"purchasable","14":"product-type-variable","15":"has-default-attributes"},"acf":[],"aioseo_notices":[],"_links":{"self":[{"href":"https:\/\/www.gdanskairporttaxi.pl\/pl\/wp-json\/wp\/v2\/product\/10578","targetHints":{"allow":["GET"]}}],"collection":[{"href":"https:\/\/www.gdanskairporttaxi.pl\/pl\/wp-json\/wp\/v2\/product"}],"about":[{"href":"https:\/\/www.gdanskairporttaxi.pl\/pl\/wp-json\/wp\/v2\/types\/product"}],"wp:featuredmedia":[{"embeddable":true,"href":"https:\/\/www.gdanskairporttaxi.pl\/pl\/wp-json\/wp\/v2\/media\/10932"}],"wp:attachment":[{"href":"https:\/\/www.gdanskairporttaxi.pl\/pl\/wp-json\/wp\/v2\/media?parent=10578"}],"wp:term":[{"taxonomy":"product_cat","embeddable":true,"href":"https:\/\/www.gdanskairporttaxi.pl\/pl\/wp-json\/wp\/v2\/product_cat?post=10578"},{"taxonomy":"product_tag","embeddable":true,"href":"https:\/\/www.gdanskairporttaxi.pl\/pl\/wp-json\/wp\/v2\/product_tag?post=10578"}],"curies":[{"name":"wp","href":"https:\/\/api.w.org\/{rel}","templated":true}]}}