{"id":10582,"date":"2019-11-25T13:00:03","date_gmt":"2019-11-25T12:00:03","guid":{"rendered":"https:\/\/www.gdanskairporttaxi.pl\/?post_type=product&#038;p=10582"},"modified":"2024-02-08T21:29:55","modified_gmt":"2024-02-08T20:29:55","slug":"wycieczka-do-szymbarku-dom-do-gory-nogami","status":"publish","type":"product","link":"https:\/\/www.gdanskairporttaxi.pl\/pl\/sklep\/wycieczka-do-szymbarku-dom-do-gory-nogami\/","title":{"rendered":"Wycieczka do Szymbarku &#8211; Dom do g\u00f3ry nogami"},"content":{"rendered":"","protected":false},"excerpt":{"rendered":"<p>Jad\u0105c do krainy kaszubskich wzg\u00f3rz, malowniczych las\u00f3w i jezior, pierwszym miejscem do odwiedzenia jest \u017bukowo &#8211; kolebka haftu kaszubskiego.<br \/>\nKolejnym obiektem, kt\u00f3rego nie mo\u017cna pomin\u0105\u0107, jest \u017cywe muzeum ceramiki rodziny Necl w Chmielnie (zwiedzanie muzeum &#8211; opcjonalnie).<\/p>\n<p>Po kr\u00f3tkiej przerwie wyruszyli\u015bmy w drog\u0119 do Szymbarku &#8211; ma\u0142ej wioski w powiecie kartuskim. Czeka nas tu wiele atrakcji, w tym dom do g\u00f3ry nogami, po wej\u015bciu do kt\u00f3rego nasz labirynt zostanie przetestowany. Ponadto zobaczymy najwi\u0119kszy fortepian na \u015bwiecie, najd\u0142u\u017csz\u0105 drewnian\u0105 \u0142awk\u0119 &#8211; wpisan\u0105 do Ksi\u0119gi Rekord\u00f3w Guinnessa, syberyjskiego domu i bunkra wojennego, w kt\u00f3rym przetrwamy bombardowanie. W tym miejscu urzeka nas nie tylko tradycyjne kaszubskie jedzenie lub r\u0119cznie robione pami\u0105tki, ale tak\u017ce wizyta rdzennej ludno\u015bci &#8211; Kaszub\u00f3w, kt\u00f3rzy zafunduj\u0105 nam lokaln\u0105 tabak\u0119.<\/p>\n<p>* Plan podr\u00f3\u017cy mo\u017ce ulec zmianie na \u017cyczenie klienta.<\/p>\n","protected":false},"featured_media":10583,"template":"","meta":{"_acf_changed":false},"product_cat":[77],"product_tag":[62],"class_list":{"0":"post-10582","1":"product","2":"type-product","3":"status-publish","4":"has-post-thumbnail","6":"product_cat-kashubia-tours","7":"product_tag-wycieczka-szymbark","9":"first","10":"instock","11":"taxable","12":"shipping-taxable","13":"purchasable","14":"product-type-variable"},"acf":[],"aioseo_notices":[],"_links":{"self":[{"href":"https:\/\/www.gdanskairporttaxi.pl\/pl\/wp-json\/wp\/v2\/product\/10582","targetHints":{"allow":["GET"]}}],"collection":[{"href":"https:\/\/www.gdanskairporttaxi.pl\/pl\/wp-json\/wp\/v2\/product"}],"about":[{"href":"https:\/\/www.gdanskairporttaxi.pl\/pl\/wp-json\/wp\/v2\/types\/product"}],"wp:featuredmedia":[{"embeddable":true,"href":"https:\/\/www.gdanskairporttaxi.pl\/pl\/wp-json\/wp\/v2\/media\/10583"}],"wp:attachment":[{"href":"https:\/\/www.gdanskairporttaxi.pl\/pl\/wp-json\/wp\/v2\/media?parent=10582"}],"wp:term":[{"taxonomy":"product_cat","embeddable":true,"href":"https:\/\/www.gdanskairporttaxi.pl\/pl\/wp-json\/wp\/v2\/product_cat?post=10582"},{"taxonomy":"product_tag","embeddable":true,"href":"https:\/\/www.gdanskairporttaxi.pl\/pl\/wp-json\/wp\/v2\/product_tag?post=10582"}],"curies":[{"name":"wp","href":"https:\/\/api.w.org\/{rel}","templated":true}]}}