{"id":10624,"date":"2019-11-28T01:36:21","date_gmt":"2019-11-28T00:36:21","guid":{"rendered":"https:\/\/www.gdanskairporttaxi.pl\/?post_type=product&#038;p=10624"},"modified":"2024-02-08T21:48:09","modified_gmt":"2024-02-08T20:48:09","slug":"westerplatte","status":"publish","type":"product","link":"https:\/\/www.gdanskairporttaxi.pl\/pl\/sklep\/westerplatte\/","title":{"rendered":"Westerplatte &#8211; Pomnik i muzeum II Wojny \u015awiatowej"},"content":{"rendered":"","protected":false},"excerpt":{"rendered":"<p>O 4:45 1 wrze\u015bnia 1939 r. Rozpocz\u0119\u0142a si\u0119 druga wojna \u015bwiatowa. Pomimo tego, \u017ce Niemcy s\u0105 przyt\u0142aczaj\u0105cy, powietrze zosta\u0142o zbombardowane i ostrzelane przez pancernik Schleswig-Holstein polscy \u017co\u0142nierze wytrzymali trzyna\u015bcie atak\u00f3w.<\/p>\n<p>Na terenie Wolnego Miasta Gda\u0144ska istnia\u0142a enklawa, a tak\u017ce Wojskowa Sk\u0142ada Tranzytowa &#8211; Westerplatte, pomnik i symbol przed agresj\u0105 niemieck\u0105. Pomnik Obro\u0144c\u00f3w Wybrze\u017ca, wartownia, ruiny i historyczne pole bitwy na Westerplatte podczas II wojny \u015bwiatowej z kierowc\u0105, kt\u00f3ry odbierze ci\u0119 z hotelu \/ apartamentu i po ~ 2 godzinach jazdy do wskazanego miejsca.<\/p>\n<p>Je\u015bli s\u0142abo m\u00f3wisz po angielsku, mo\u017cesz wzi\u0105\u0107 udzia\u0142 w tej wycieczce z t\u0142umaczem na niemiecki, hiszpa\u0144ski, w\u0142oski, norweski i szwedzki z nami za dodatkow\u0105 op\u0142at\u0105.<\/p>\n","protected":false},"featured_media":10937,"template":"","meta":{"_acf_changed":false},"product_cat":[76,79],"product_tag":[],"class_list":{"0":"post-10624","1":"product","2":"type-product","3":"status-publish","4":"has-post-thumbnail","6":"product_cat-gdansk-sightseeing","7":"product_cat-individual-tours","9":"first","10":"instock","11":"taxable","12":"shipping-taxable","13":"purchasable","14":"product-type-variable"},"acf":[],"aioseo_notices":[],"_links":{"self":[{"href":"https:\/\/www.gdanskairporttaxi.pl\/pl\/wp-json\/wp\/v2\/product\/10624","targetHints":{"allow":["GET"]}}],"collection":[{"href":"https:\/\/www.gdanskairporttaxi.pl\/pl\/wp-json\/wp\/v2\/product"}],"about":[{"href":"https:\/\/www.gdanskairporttaxi.pl\/pl\/wp-json\/wp\/v2\/types\/product"}],"wp:featuredmedia":[{"embeddable":true,"href":"https:\/\/www.gdanskairporttaxi.pl\/pl\/wp-json\/wp\/v2\/media\/10937"}],"wp:attachment":[{"href":"https:\/\/www.gdanskairporttaxi.pl\/pl\/wp-json\/wp\/v2\/media?parent=10624"}],"wp:term":[{"taxonomy":"product_cat","embeddable":true,"href":"https:\/\/www.gdanskairporttaxi.pl\/pl\/wp-json\/wp\/v2\/product_cat?post=10624"},{"taxonomy":"product_tag","embeddable":true,"href":"https:\/\/www.gdanskairporttaxi.pl\/pl\/wp-json\/wp\/v2\/product_tag?post=10624"}],"curies":[{"name":"wp","href":"https:\/\/api.w.org\/{rel}","templated":true}]}}