{"id":10626,"date":"2019-11-28T01:41:50","date_gmt":"2019-11-28T00:41:50","guid":{"rendered":"https:\/\/www.gdanskairporttaxi.pl\/?post_type=product&#038;p=10626"},"modified":"2024-02-08T21:44:00","modified_gmt":"2024-02-08T20:44:00","slug":"katedra-w-gdansku-oliwie","status":"publish","type":"product","link":"https:\/\/www.gdanskairporttaxi.pl\/pl\/sklep\/katedra-w-gdansku-oliwie\/","title":{"rendered":"Zwiedzanie Katedry Oliwskiej w Gda\u0144sku i wycieczka do parku"},"content":{"rendered":"","protected":false},"excerpt":{"rendered":"<p>W katedrze mo\u017cna znale\u017a\u0107 wiele cennych dzie\u0142 sztuki. Instrument narz\u0105d\u00f3w z ponad 5100 rurkami by\u0142 organem \u015bwiatowym w XVIII. Wci\u0105\u017c robi wra\u017cenie nie tylko ze wzgl\u0119du na wielko\u015b\u0107, ale tak\u017ce czysto\u015b\u0107 d\u017awi\u0119k\u00f3w. Mobilne postacie anio\u0142\u00f3w poruszaj\u0105ce si\u0119 podczas przedstawienia.<\/p>\n<p>Katedra Oliwska znajduje si\u0119 na granicy Gda\u0144ska i Sopotu, z pi\u0119knymi koncertami organowymi. Opr\u00f3cz koncertu zwiedzisz katedr\u0119 nale\u017c\u0105c\u0105 niegdy\u015b do zakonu cysters\u00f3w. Katedra otoczona jest pi\u0119knym parkiem z kompozycjami kwiatowymi, atrakcyjnym krajobrazem i innymi atrakcjami. Podr\u00f3\u017c trwa ~ 2 godziny. Kierowca odbierze Ci\u0119 z hotelu \/ apartamentu, a nast\u0119pnie zawiezie do wskazanego miejsca.<\/p>\n<p>Je\u015bli s\u0142abo m\u00f3wisz po angielsku, mo\u017cesz wzi\u0105\u0107 udzia\u0142 w tej wycieczce z t\u0142umaczem na niemiecki, hiszpa\u0144ski, w\u0142oski, norweski i szwedzki z nami za dodatkow\u0105 op\u0142at\u0105.<\/p>\n","protected":false},"featured_media":11427,"template":"","meta":{"_acf_changed":false},"product_cat":[76,79],"product_tag":[],"class_list":{"0":"post-10626","1":"product","2":"type-product","3":"status-publish","4":"has-post-thumbnail","6":"product_cat-gdansk-sightseeing","7":"product_cat-individual-tours","9":"first","10":"instock","11":"taxable","12":"shipping-taxable","13":"purchasable","14":"product-type-variable"},"acf":[],"aioseo_notices":[],"_links":{"self":[{"href":"https:\/\/www.gdanskairporttaxi.pl\/pl\/wp-json\/wp\/v2\/product\/10626","targetHints":{"allow":["GET"]}}],"collection":[{"href":"https:\/\/www.gdanskairporttaxi.pl\/pl\/wp-json\/wp\/v2\/product"}],"about":[{"href":"https:\/\/www.gdanskairporttaxi.pl\/pl\/wp-json\/wp\/v2\/types\/product"}],"wp:featuredmedia":[{"embeddable":true,"href":"https:\/\/www.gdanskairporttaxi.pl\/pl\/wp-json\/wp\/v2\/media\/11427"}],"wp:attachment":[{"href":"https:\/\/www.gdanskairporttaxi.pl\/pl\/wp-json\/wp\/v2\/media?parent=10626"}],"wp:term":[{"taxonomy":"product_cat","embeddable":true,"href":"https:\/\/www.gdanskairporttaxi.pl\/pl\/wp-json\/wp\/v2\/product_cat?post=10626"},{"taxonomy":"product_tag","embeddable":true,"href":"https:\/\/www.gdanskairporttaxi.pl\/pl\/wp-json\/wp\/v2\/product_tag?post=10626"}],"curies":[{"name":"wp","href":"https:\/\/api.w.org\/{rel}","templated":true}]}}