{"id":10727,"date":"2019-12-11T23:39:45","date_gmt":"2019-12-11T22:39:45","guid":{"rendered":"https:\/\/www.gdanskairporttaxi.pl\/?post_type=product&#038;p=10727"},"modified":"2020-04-29T22:15:15","modified_gmt":"2020-04-29T20:15:15","slug":"faktoria-in-pruszcz-gdanski-international-baltic-cultural-center","status":"publish","type":"product","link":"https:\/\/www.gdanskairporttaxi.pl\/pl\/sklep\/faktoria-in-pruszcz-gdanski-international-baltic-cultural-center\/","title":{"rendered":"Faktoria w Pruszczu Gda\u0144skim &#8211; mi\u0119dzynarodowe Ba\u0142tyckie Centrum Kultury"},"content":{"rendered":"","protected":false},"excerpt":{"rendered":"<p>Rekonstrukcja Fabryk Handlowych i Mi\u0119dzynarodowego Szlaku Bursztynowego z okresu wp\u0142yw\u00f3w rzymskich w Pruszczu Gda\u0144skim jest wyj\u0105tkowym przedsi\u0119wzi\u0119ciem turystycznym i archeologicznym na skal\u0119 krajow\u0105. Realizacja projektu podnosi atrakcyjno\u015b\u0107 turystyczn\u0105 Pomorza i przyczynia si\u0119 do promocji dziedzictwa kulturowego obszaru Morza Ba\u0142tyckiego. Fabryki handlu, w tym: Chieftain&#8217;s &#8211; wystawa muzealna, Hala Targowa &#8211; miejsce spotka\u0144 z \u017cyw\u0105 archeologi\u0105 i rekonstrukcjami Cha\u0142upy Bursztynowej i Chaty Kowal, zosta\u0142y pomy\u015blane jako miejsce \u0142\u0105czenia nowych technologii z bogactwem zabytk\u00f3w archeologicznych i pi\u0119knem eksponaty z bursztynu.<\/p>\n<p>Je\u015bli s\u0142abo m\u00f3wisz po angielsku, mo\u017cesz wzi\u0105\u0107 udzia\u0142 w tej wycieczce z t\u0142umaczem na niemiecki, hiszpa\u0144ski, w\u0142oski, norweski i szwedzki z nami za dodatkow\u0105 op\u0142at\u0105.<\/p>\n","protected":false},"featured_media":10730,"template":"","meta":{"_acf_changed":false},"product_cat":[76],"product_tag":[],"class_list":{"0":"post-10727","1":"product","2":"type-product","3":"status-publish","4":"has-post-thumbnail","6":"product_cat-gdansk-sightseeing","8":"first","9":"instock","10":"taxable","11":"shipping-taxable","12":"purchasable","13":"product-type-variable"},"acf":[],"aioseo_notices":[],"_links":{"self":[{"href":"https:\/\/www.gdanskairporttaxi.pl\/pl\/wp-json\/wp\/v2\/product\/10727","targetHints":{"allow":["GET"]}}],"collection":[{"href":"https:\/\/www.gdanskairporttaxi.pl\/pl\/wp-json\/wp\/v2\/product"}],"about":[{"href":"https:\/\/www.gdanskairporttaxi.pl\/pl\/wp-json\/wp\/v2\/types\/product"}],"wp:featuredmedia":[{"embeddable":true,"href":"https:\/\/www.gdanskairporttaxi.pl\/pl\/wp-json\/wp\/v2\/media\/10730"}],"wp:attachment":[{"href":"https:\/\/www.gdanskairporttaxi.pl\/pl\/wp-json\/wp\/v2\/media?parent=10727"}],"wp:term":[{"taxonomy":"product_cat","embeddable":true,"href":"https:\/\/www.gdanskairporttaxi.pl\/pl\/wp-json\/wp\/v2\/product_cat?post=10727"},{"taxonomy":"product_tag","embeddable":true,"href":"https:\/\/www.gdanskairporttaxi.pl\/pl\/wp-json\/wp\/v2\/product_tag?post=10727"}],"curies":[{"name":"wp","href":"https:\/\/api.w.org\/{rel}","templated":true}]}}