{"id":10934,"date":"2020-01-07T00:19:12","date_gmt":"2020-01-06T23:19:12","guid":{"rendered":"https:\/\/www.gdanskairporttaxi.pl\/?post_type=product&#038;p=10934"},"modified":"2024-02-08T21:32:13","modified_gmt":"2024-02-08T20:32:13","slug":"sightseeing-gdansk","status":"publish","type":"product","link":"https:\/\/www.gdanskairporttaxi.pl\/pl\/sklep\/sightseeing-gdansk\/","title":{"rendered":"Zwiedzanie Gda\u0144ska"},"content":{"rendered":"","protected":false},"excerpt":{"rendered":"<p>Odbieramy klient\u00f3w z Hotelu \/ Hostelu \/ Apartamentu i jedziemy na G\u00f3r\u0119 Gradow\u0105. W centrum Hewelianium klienci zobacz\u0105 prezentacj\u0119. Nast\u0119pnie zabieramy klient\u00f3w na Westerplatte. Wracaj\u0105c, przechodzimy tunelem pod Martw\u0105 Wis\u0142\u0105. Nast\u0119pnym punktem jest Stadion PGE ARENA, z kt\u00f3rego jedziemy do Przymorza, aby po drodze pokaza\u0107 falowiec i latarni\u0119 oraz woln\u0105 stref\u0119. Kolejnym punktem jest Katedra Oliwska, w kt\u00f3rej klienci pos\u0142uchaj\u0105 koncertu organowego. Klienci zobacz\u0105 tak\u017ce Muzeum II Wojny \u015awiatowej, Europejskie Centrum Solidarno\u015bci i Stare Miasto. Nast\u0119pnie jedziemy do Sopotu, gdzie klienci mog\u0105 sp\u0119dza\u0107 wolny czas. Po podr\u00f3\u017cy wr\u00f3\u0107 do celu. Je\u015bli s\u0142abo m\u00f3wisz po angielsku, mo\u017cesz wzi\u0105\u0107 udzia\u0142 w tej wycieczce z t\u0142umaczem na niemiecki, hiszpa\u0144ski, w\u0142oski, norweski i szwedzki z nami za dodatkow\u0105 op\u0142at\u0105.<\/p>\n","protected":false},"featured_media":970,"template":"","meta":{"_acf_changed":false},"product_cat":[76],"product_tag":[],"class_list":{"0":"post-10934","1":"product","2":"type-product","3":"status-publish","4":"has-post-thumbnail","6":"product_cat-gdansk-sightseeing","8":"first","9":"instock","10":"virtual","11":"taxable","12":"purchasable","13":"product-type-simple"},"acf":[],"aioseo_notices":[],"_links":{"self":[{"href":"https:\/\/www.gdanskairporttaxi.pl\/pl\/wp-json\/wp\/v2\/product\/10934","targetHints":{"allow":["GET"]}}],"collection":[{"href":"https:\/\/www.gdanskairporttaxi.pl\/pl\/wp-json\/wp\/v2\/product"}],"about":[{"href":"https:\/\/www.gdanskairporttaxi.pl\/pl\/wp-json\/wp\/v2\/types\/product"}],"wp:featuredmedia":[{"embeddable":true,"href":"https:\/\/www.gdanskairporttaxi.pl\/pl\/wp-json\/wp\/v2\/media\/970"}],"wp:attachment":[{"href":"https:\/\/www.gdanskairporttaxi.pl\/pl\/wp-json\/wp\/v2\/media?parent=10934"}],"wp:term":[{"taxonomy":"product_cat","embeddable":true,"href":"https:\/\/www.gdanskairporttaxi.pl\/pl\/wp-json\/wp\/v2\/product_cat?post=10934"},{"taxonomy":"product_tag","embeddable":true,"href":"https:\/\/www.gdanskairporttaxi.pl\/pl\/wp-json\/wp\/v2\/product_tag?post=10934"}],"curies":[{"name":"wp","href":"https:\/\/api.w.org\/{rel}","templated":true}]}}