{"id":10939,"date":"2020-01-07T00:33:42","date_gmt":"2020-01-06T23:33:42","guid":{"rendered":"https:\/\/www.gdanskairporttaxi.pl\/?post_type=product&#038;p=10939"},"modified":"2020-04-29T22:13:40","modified_gmt":"2020-04-29T20:13:40","slug":"one-day-trip-to-the-hel-peninsula-baltic-coast-8-persons","status":"publish","type":"product","link":"https:\/\/www.gdanskairporttaxi.pl\/pl\/sklep\/one-day-trip-to-the-hel-peninsula-baltic-coast-8-persons\/","title":{"rendered":"Jednodniowa wycieczka na P\u00f3\u0142wysep Helski &#8211; Wybrze\u017ce Ba\u0142tyckie 8 os\u00f3b"},"content":{"rendered":"","protected":false},"excerpt":{"rendered":"<div data-tab=\"TABS_OVERVIEW\">\n<div class=\"_2z6V2LzK pLYpaKkl\">\n<div class=\"_2zqaS_NY\">\n<div class=\"AvpaRatK\">\n<p>P\u00f3\u0142wysep Helski to najbardziej rozpoznawalny obiekt stworzony przez przyrod\u0119 na mapie Polski. Ten charakterystyczny d\u0142ugi ogon jest r\u00f3wnie rozpoznawalny jak Polska, podobnie jak kszta\u0142t buta dla W\u0142och. Piasekska \u015bciana Helu to p\u00f3\u0142wysep utworzony przez pr\u0105dy i wiatr Morza Ba\u0142tyckiego, o d\u0142ugo\u015bci oko\u0142o 34 km. W\u0105ska cz\u0119\u015b\u0107 ma tylko 100 m szeroko\u015bci piasku, a najszersza 3 km. Trudno uwierzy\u0107, \u017ce tutaj zaledwie 300 lat temu by\u0142o tylko kilka wysp, a tysi\u0105c lat temu nic poza g\u0142\u0119bokimi wodami morskimi. Dzi\u015b P\u00f3\u0142wysep Helski jest cz\u0119\u015bci\u0105 chronionego morskiego rezerwatu przybrze\u017cnego. Jest to wyj\u0105tkowa atrakcja turystyczna na skal\u0119 europejsk\u0105. Nadmorskie kurorty rozci\u0105gaj\u0105ce si\u0119 po piaskach przyci\u0105gaj\u0105 tysi\u0105ce turyst\u00f3w.<\/p>\n<p>Je\u015bli s\u0142abo m\u00f3wisz po angielsku, mo\u017cesz wzi\u0105\u0107 udzia\u0142 w tej wycieczce z t\u0142umaczem na niemiecki, hiszpa\u0144ski, w\u0142oski, norweski i szwedzki z nami za dodatkow\u0105 op\u0142at\u0105.<\/p>\n<\/div>\n<\/div>\n<\/div>\n<\/div>\n","protected":false},"featured_media":10940,"template":"","meta":{"_acf_changed":false},"product_cat":[78],"product_tag":[],"class_list":{"0":"post-10939","1":"product","2":"type-product","3":"status-publish","4":"has-post-thumbnail","6":"product_cat-hel","8":"first","9":"instock","10":"sale","11":"virtual","12":"taxable","13":"purchasable","14":"product-type-simple"},"acf":[],"aioseo_notices":[],"_links":{"self":[{"href":"https:\/\/www.gdanskairporttaxi.pl\/pl\/wp-json\/wp\/v2\/product\/10939","targetHints":{"allow":["GET"]}}],"collection":[{"href":"https:\/\/www.gdanskairporttaxi.pl\/pl\/wp-json\/wp\/v2\/product"}],"about":[{"href":"https:\/\/www.gdanskairporttaxi.pl\/pl\/wp-json\/wp\/v2\/types\/product"}],"wp:featuredmedia":[{"embeddable":true,"href":"https:\/\/www.gdanskairporttaxi.pl\/pl\/wp-json\/wp\/v2\/media\/10940"}],"wp:attachment":[{"href":"https:\/\/www.gdanskairporttaxi.pl\/pl\/wp-json\/wp\/v2\/media?parent=10939"}],"wp:term":[{"taxonomy":"product_cat","embeddable":true,"href":"https:\/\/www.gdanskairporttaxi.pl\/pl\/wp-json\/wp\/v2\/product_cat?post=10939"},{"taxonomy":"product_tag","embeddable":true,"href":"https:\/\/www.gdanskairporttaxi.pl\/pl\/wp-json\/wp\/v2\/product_tag?post=10939"}],"curies":[{"name":"wp","href":"https:\/\/api.w.org\/{rel}","templated":true}]}}