{"id":10942,"date":"2020-01-07T00:37:48","date_gmt":"2020-01-06T23:37:48","guid":{"rendered":"https:\/\/www.gdanskairporttaxi.pl\/?post_type=product&#038;p=10942"},"modified":"2020-04-29T22:11:19","modified_gmt":"2020-04-29T20:11:19","slug":"trip-to-shooting-range","status":"publish","type":"product","link":"https:\/\/www.gdanskairporttaxi.pl\/pl\/sklep\/trip-to-shooting-range\/","title":{"rendered":"Wycieczka na strzelnic\u0119"},"content":{"rendered":"","protected":false},"excerpt":{"rendered":"<p>Pakiet obejmuje transfer na strzelnic\u0119 i zwrot Mo\u017cesz wybiera\u0107 spo\u015br\u00f3d 3 rodzaj\u00f3w broni i 15 strza\u0142\u00f3w Czas: 2 godziny Cena 150z\u0142 \/ osoba Rozpocznij min. 2 osoby Wylot z Gda\u0144ska, Sopotu lub Gdyni<\/p>\n","protected":false},"featured_media":10943,"template":"","meta":{"_acf_changed":false},"product_cat":[76],"product_tag":[],"class_list":{"0":"post-10942","1":"product","2":"type-product","3":"status-publish","4":"has-post-thumbnail","6":"product_cat-gdansk-sightseeing","8":"first","9":"instock","10":"sale","11":"virtual","12":"taxable","13":"purchasable","14":"product-type-simple"},"acf":[],"aioseo_notices":[],"_links":{"self":[{"href":"https:\/\/www.gdanskairporttaxi.pl\/pl\/wp-json\/wp\/v2\/product\/10942","targetHints":{"allow":["GET"]}}],"collection":[{"href":"https:\/\/www.gdanskairporttaxi.pl\/pl\/wp-json\/wp\/v2\/product"}],"about":[{"href":"https:\/\/www.gdanskairporttaxi.pl\/pl\/wp-json\/wp\/v2\/types\/product"}],"wp:featuredmedia":[{"embeddable":true,"href":"https:\/\/www.gdanskairporttaxi.pl\/pl\/wp-json\/wp\/v2\/media\/10943"}],"wp:attachment":[{"href":"https:\/\/www.gdanskairporttaxi.pl\/pl\/wp-json\/wp\/v2\/media?parent=10942"}],"wp:term":[{"taxonomy":"product_cat","embeddable":true,"href":"https:\/\/www.gdanskairporttaxi.pl\/pl\/wp-json\/wp\/v2\/product_cat?post=10942"},{"taxonomy":"product_tag","embeddable":true,"href":"https:\/\/www.gdanskairporttaxi.pl\/pl\/wp-json\/wp\/v2\/product_tag?post=10942"}],"curies":[{"name":"wp","href":"https:\/\/api.w.org\/{rel}","templated":true}]}}