{"id":10946,"date":"2020-01-07T00:44:05","date_gmt":"2020-01-06T23:44:05","guid":{"rendered":"https:\/\/www.gdanskairporttaxi.pl\/?post_type=product&#038;p=10946"},"modified":"2020-04-29T22:10:19","modified_gmt":"2020-04-29T20:10:19","slug":"trip-to-the-wolfs-lair-hitlers-headquarters-8-persons","status":"publish","type":"product","link":"https:\/\/www.gdanskairporttaxi.pl\/pl\/sklep\/trip-to-the-wolfs-lair-hitlers-headquarters-8-persons\/","title":{"rendered":"Wycieczka do Wilczego Sza\u0144ca &#8211; kwatera Hitlera 8 os\u00f3b"},"content":{"rendered":"","protected":false},"excerpt":{"rendered":"<p>Witamy w dawnej kwaterze wojennej Adolfa Hitlera \u201eWilczy Szaniec\u201d &#8211; w betonowym mie\u015bcie bunkr\u00f3w w lasach pod K\u0119trzynem. Podczas wojny najwa\u017cniejsze decyzje podj\u0119to w niemieckiej machinie wojennej. St\u0105d nadzorowana by\u0142a operacja Barbarossa i to tutaj \u015bmia\u0142a, ale nieudana pr\u00f3ba zab\u00f3jstwa Fuhrera przeprowadzona przez Clausa Shenka von Stauffenberga. Je\u015bli s\u0142abo m\u00f3wisz po angielsku, mo\u017cesz wzi\u0105\u0107 udzia\u0142 w tej wycieczce z t\u0142umaczem na niemiecki, hiszpa\u0144ski, w\u0142oski, norweski i szwedzki z nami za dodatkow\u0105 op\u0142at\u0105.<\/p>\n<p>Przystanek: Wilczy Szaniec, Las Gier\u0142oz 5 w Gier\u0142o\u017cy ko\u0142o K\u0119trzyna, Gier\u0142oz 11-400 Polska Obszar wybrany jako kwatera Hitlera znajdowa\u0142 si\u0119 z dala od arterii komunikacyjnych, w starym lesie mieszanym, stanowi\u0105cym ca\u0142oroczn\u0105 naturaln\u0105 ochron\u0119 budynk\u00f3w. Wielkie Jeziora Mazurskie rozci\u0105gaj\u0105ce si\u0119 na wsch\u00f3d od Puszczy K\u0119trzy\u0144skiej by\u0142y naturaln\u0105 przeszkod\u0105 dla si\u0142 l\u0105dowych. Hitler sp\u0119dzi\u0142 tutaj ponad 800 dni.<\/p>\n","protected":false},"featured_media":10947,"template":"","meta":{"_acf_changed":false},"product_cat":[77],"product_tag":[],"class_list":{"0":"post-10946","1":"product","2":"type-product","3":"status-publish","4":"has-post-thumbnail","6":"product_cat-kashubia-tours","8":"first","9":"instock","10":"sale","11":"virtual","12":"taxable","13":"purchasable","14":"product-type-simple"},"acf":[],"aioseo_notices":[],"_links":{"self":[{"href":"https:\/\/www.gdanskairporttaxi.pl\/pl\/wp-json\/wp\/v2\/product\/10946","targetHints":{"allow":["GET"]}}],"collection":[{"href":"https:\/\/www.gdanskairporttaxi.pl\/pl\/wp-json\/wp\/v2\/product"}],"about":[{"href":"https:\/\/www.gdanskairporttaxi.pl\/pl\/wp-json\/wp\/v2\/types\/product"}],"wp:featuredmedia":[{"embeddable":true,"href":"https:\/\/www.gdanskairporttaxi.pl\/pl\/wp-json\/wp\/v2\/media\/10947"}],"wp:attachment":[{"href":"https:\/\/www.gdanskairporttaxi.pl\/pl\/wp-json\/wp\/v2\/media?parent=10946"}],"wp:term":[{"taxonomy":"product_cat","embeddable":true,"href":"https:\/\/www.gdanskairporttaxi.pl\/pl\/wp-json\/wp\/v2\/product_cat?post=10946"},{"taxonomy":"product_tag","embeddable":true,"href":"https:\/\/www.gdanskairporttaxi.pl\/pl\/wp-json\/wp\/v2\/product_tag?post=10946"}],"curies":[{"name":"wp","href":"https:\/\/api.w.org\/{rel}","templated":true}]}}