{"id":11388,"date":"2020-01-30T14:55:11","date_gmt":"2020-01-30T13:55:11","guid":{"rendered":"https:\/\/www.gdanskairporttaxi.pl\/?post_type=product&#038;p=11388"},"modified":"2020-04-29T21:02:27","modified_gmt":"2020-04-29T19:02:27","slug":"transfer-do-tokary-golf-club","status":"publish","type":"product","link":"https:\/\/www.gdanskairporttaxi.pl\/pl\/sklep\/transfer-do-tokary-golf-club\/","title":{"rendered":"Transfer do Tokary Golf Club"},"content":{"rendered":"","protected":false},"excerpt":{"rendered":"<p>Oferujemy transfer z dowolnego miejsca na pole golfowe w Pos\u0142owie. Jest to atrakcyjny kierunek dla Graczy Golfa. Podr\u00f3\u017cuj\u0105c z nami masz pewno\u015b\u0107 , \u017ce transfer odb\u0119dzie si\u0119 w komfortowych warunkach samochodem wysokiej klasy.<\/p>\n","protected":false},"featured_media":11389,"template":"","meta":{"_acf_changed":false},"product_cat":[81],"product_tag":[],"class_list":{"0":"post-11388","1":"product","2":"type-product","3":"status-publish","4":"has-post-thumbnail","6":"product_cat-transfers","8":"first","9":"instock","10":"virtual","11":"taxable","12":"purchasable","13":"product-type-simple"},"acf":[],"aioseo_notices":[],"_links":{"self":[{"href":"https:\/\/www.gdanskairporttaxi.pl\/pl\/wp-json\/wp\/v2\/product\/11388","targetHints":{"allow":["GET"]}}],"collection":[{"href":"https:\/\/www.gdanskairporttaxi.pl\/pl\/wp-json\/wp\/v2\/product"}],"about":[{"href":"https:\/\/www.gdanskairporttaxi.pl\/pl\/wp-json\/wp\/v2\/types\/product"}],"wp:featuredmedia":[{"embeddable":true,"href":"https:\/\/www.gdanskairporttaxi.pl\/pl\/wp-json\/wp\/v2\/media\/11389"}],"wp:attachment":[{"href":"https:\/\/www.gdanskairporttaxi.pl\/pl\/wp-json\/wp\/v2\/media?parent=11388"}],"wp:term":[{"taxonomy":"product_cat","embeddable":true,"href":"https:\/\/www.gdanskairporttaxi.pl\/pl\/wp-json\/wp\/v2\/product_cat?post=11388"},{"taxonomy":"product_tag","embeddable":true,"href":"https:\/\/www.gdanskairporttaxi.pl\/pl\/wp-json\/wp\/v2\/product_tag?post=11388"}],"curies":[{"name":"wp","href":"https:\/\/api.w.org\/{rel}","templated":true}]}}