{"id":11428,"date":"2020-02-07T00:27:51","date_gmt":"2020-02-06T23:27:51","guid":{"rendered":"https:\/\/www.gdanskairporttaxi.pl\/?post_type=product&#038;p=11428"},"modified":"2024-02-08T21:45:22","modified_gmt":"2024-02-08T20:45:22","slug":"rejs-zatoka-gdanska","status":"publish","type":"product","link":"https:\/\/www.gdanskairporttaxi.pl\/pl\/sklep\/rejs-zatoka-gdanska\/","title":{"rendered":"Rejs Biletowany po zatoce Gda\u0144skiej"},"content":{"rendered":"","protected":false},"excerpt":{"rendered":"<p>Koszt \u2013 240pln \/ osoba \u2013 Dni rejs\u00f3w biletowanych \u2013 czwartek i niedziela o 19:00 (2 godz na zach\u00f3d s\u0142o\u0144ca)<\/p>\n<p>Start od 1 kwietnia D\u0142ugo\u015b\u0107 resju 2 godz \u2013 Start rejsu \u2013 Sopot Marina Koniec rejsu \u2013 Sopot Marina<\/p>\n<p><img loading=\"lazy\" decoding=\"async\" class=\"alignnone size-large wp-image-11429\" src=\"https:\/\/www.gdanskairporttaxi.pl\/wp-content\/uploads\/2020\/02\/83726093_1020022671699509_8435122216642805760_n-517x1024.jpg\" alt=\"\" width=\"517\" height=\"1024\" srcset=\"https:\/\/www.gdanskairporttaxi.pl\/wp-content\/uploads\/2020\/02\/83726093_1020022671699509_8435122216642805760_n-517x1024.jpg 517w, https:\/\/www.gdanskairporttaxi.pl\/wp-content\/uploads\/2020\/02\/83726093_1020022671699509_8435122216642805760_n-600x1188.jpg 600w, https:\/\/www.gdanskairporttaxi.pl\/wp-content\/uploads\/2020\/02\/83726093_1020022671699509_8435122216642805760_n-151x300.jpg 151w, https:\/\/www.gdanskairporttaxi.pl\/wp-content\/uploads\/2020\/02\/83726093_1020022671699509_8435122216642805760_n-768x1521.jpg 768w, https:\/\/www.gdanskairporttaxi.pl\/wp-content\/uploads\/2020\/02\/83726093_1020022671699509_8435122216642805760_n-776x1536.jpg 776w, https:\/\/www.gdanskairporttaxi.pl\/wp-content\/uploads\/2020\/02\/83726093_1020022671699509_8435122216642805760_n-154x306.jpg 154w, https:\/\/www.gdanskairporttaxi.pl\/wp-content\/uploads\/2020\/02\/83726093_1020022671699509_8435122216642805760_n-269x533.jpg 269w, https:\/\/www.gdanskairporttaxi.pl\/wp-content\/uploads\/2020\/02\/83726093_1020022671699509_8435122216642805760_n.jpg 826w\" sizes=\"auto, (max-width: 517px) 100vw, 517px\" \/><\/p>\n","protected":false},"featured_media":11430,"template":"","meta":{"_acf_changed":false},"product_cat":[76],"product_tag":[],"class_list":{"0":"post-11428","1":"product","2":"type-product","3":"status-publish","4":"has-post-thumbnail","6":"product_cat-gdansk-sightseeing","8":"first","9":"instock","10":"virtual","11":"taxable","12":"purchasable","13":"product-type-simple"},"acf":[],"aioseo_notices":[],"_links":{"self":[{"href":"https:\/\/www.gdanskairporttaxi.pl\/pl\/wp-json\/wp\/v2\/product\/11428","targetHints":{"allow":["GET"]}}],"collection":[{"href":"https:\/\/www.gdanskairporttaxi.pl\/pl\/wp-json\/wp\/v2\/product"}],"about":[{"href":"https:\/\/www.gdanskairporttaxi.pl\/pl\/wp-json\/wp\/v2\/types\/product"}],"wp:featuredmedia":[{"embeddable":true,"href":"https:\/\/www.gdanskairporttaxi.pl\/pl\/wp-json\/wp\/v2\/media\/11430"}],"wp:attachment":[{"href":"https:\/\/www.gdanskairporttaxi.pl\/pl\/wp-json\/wp\/v2\/media?parent=11428"}],"wp:term":[{"taxonomy":"product_cat","embeddable":true,"href":"https:\/\/www.gdanskairporttaxi.pl\/pl\/wp-json\/wp\/v2\/product_cat?post=11428"},{"taxonomy":"product_tag","embeddable":true,"href":"https:\/\/www.gdanskairporttaxi.pl\/pl\/wp-json\/wp\/v2\/product_tag?post=11428"}],"curies":[{"name":"wp","href":"https:\/\/api.w.org\/{rel}","templated":true}]}}