{"id":11432,"date":"2020-02-07T00:33:05","date_gmt":"2020-02-06T23:33:05","guid":{"rendered":"https:\/\/www.gdanskairporttaxi.pl\/?post_type=product&#038;p=11432"},"modified":"2020-02-07T00:34:15","modified_gmt":"2020-02-06T23:34:15","slug":"rejs-na-wylacznosc","status":"publish","type":"product","link":"https:\/\/www.gdanskairporttaxi.pl\/pl\/sklep\/rejs-na-wylacznosc\/","title":{"rendered":"Rejs na wy\u0142\u0105czno\u015b\u0107"},"content":{"rendered":"","protected":false},"excerpt":{"rendered":"<p>Jacht: Pe\u0142nomorski ok 12 metr\u00f3w (celowo nie podajemy modelu bo mamy kilka)<\/p>\n<p>W zestawie \u2013 kieliszek prosecco<br \/>\nNa \u0142\u00f3dce jest muzyka, \u0142azienka<\/p>\n<p>Mo\u017cna na rejs zam\u00f3wi\u0107 catering \/ alkohol lub przyj\u015b\u0107 ze swoj\u0105 butelk\u0105 <img decoding=\"async\" class=\"_1ift _2560 img\" src=\"https:\/\/static.xx.fbcdn.net\/images\/emoji.php\/v9\/ta5\/1.5\/16\/1f642.png\" alt=\"\ud83d\ude42\" \/><br \/>\nMo\u017cliwa jest k\u0105piel w morzu w trakcie rejsu<\/p>\n<p>Str\u00f3j wygodny (BEZ OBCAS\u00d3W)<br \/>\nRejsy na Wy\u0142\u0105czno\u015b\u0107: &#8211; Trasa ustalana indywidulanie<br \/>\n-2 godz 1500 z\u0142<br \/>\n-Do 5 godz 2500 z\u0142<br \/>\n-Ca\u0142y dzie\u0144 3000 z\u0142<\/p>\n","protected":false},"featured_media":11433,"template":"","meta":{"_acf_changed":false},"product_cat":[76],"product_tag":[],"class_list":{"0":"post-11432","1":"product","2":"type-product","3":"status-publish","4":"has-post-thumbnail","6":"product_cat-gdansk-sightseeing","8":"first","9":"instock","10":"virtual","11":"taxable","12":"purchasable","13":"product-type-simple"},"acf":[],"aioseo_notices":[],"_links":{"self":[{"href":"https:\/\/www.gdanskairporttaxi.pl\/pl\/wp-json\/wp\/v2\/product\/11432","targetHints":{"allow":["GET"]}}],"collection":[{"href":"https:\/\/www.gdanskairporttaxi.pl\/pl\/wp-json\/wp\/v2\/product"}],"about":[{"href":"https:\/\/www.gdanskairporttaxi.pl\/pl\/wp-json\/wp\/v2\/types\/product"}],"wp:featuredmedia":[{"embeddable":true,"href":"https:\/\/www.gdanskairporttaxi.pl\/pl\/wp-json\/wp\/v2\/media\/11433"}],"wp:attachment":[{"href":"https:\/\/www.gdanskairporttaxi.pl\/pl\/wp-json\/wp\/v2\/media?parent=11432"}],"wp:term":[{"taxonomy":"product_cat","embeddable":true,"href":"https:\/\/www.gdanskairporttaxi.pl\/pl\/wp-json\/wp\/v2\/product_cat?post=11432"},{"taxonomy":"product_tag","embeddable":true,"href":"https:\/\/www.gdanskairporttaxi.pl\/pl\/wp-json\/wp\/v2\/product_tag?post=11432"}],"curies":[{"name":"wp","href":"https:\/\/api.w.org\/{rel}","templated":true}]}}